{"id":9415,"date":"2023-12-20T19:17:54","date_gmt":"2023-12-20T18:17:54","guid":{"rendered":"https:\/\/vivarapro.nl\/product\/kn-hz-12-guellebrett\/"},"modified":"2026-02-03T16:17:21","modified_gmt":"2026-02-03T15:17:21","slug":"kn-hz-12-kotbrett","status":"publish","type":"product","link":"https:\/\/viva.ezxdemo.com\/de\/produkt\/kn-hz-12-kotbrett\/","title":{"rendered":"KN HZ 12 Kotbrett"},"content":{"rendered":"<p>Dieses Kotbrett am wei\u00df dient als praktische Auffangvorrichtung f\u00fcr die von Mehlschwalben produzierten Ausscheidungen und sch\u00fctzt damit Fassaden und Fensterbereiche zuverl\u00e4ssig vor Verschmutzungen.<\/p>\n","protected":false},"excerpt":{"rendered":"<p>KN HZ 12 Kotbrett | Vivara Pro | Praktisches Kotbrett f\u00fcr Mehlschwalben | sch\u00fctzt Fassaden und Fenster zuverl\u00e4ssig vor Verschmutzungen.<\/p>\n","protected":false},"featured_media":31757,"template":"","meta":{"_acf_changed":false,"_relevanssi_hide_post":"","_relevanssi_hide_content":"","_relevanssi_pin_for_all":"","_relevanssi_pin_keywords":"","_relevanssi_unpin_keywords":"","_relevanssi_related_keywords":"","_relevanssi_related_include_ids":"","_relevanssi_related_exclude_ids":"","_relevanssi_related_no_append":"","_relevanssi_related_not_related":"","_relevanssi_related_posts":"","_relevanssi_noindex_reason":""},"product_brand":[],"product_cat":[4609,4608,4587],"product_tag":[7369,7359,7305,7293,7284],"class_list":{"0":"post-9415","1":"product","2":"type-product","3":"status-publish","4":"has-post-thumbnail","6":"product_cat-fassadenkaesten-schwalben","7":"product_cat-nistkasten-fur-mehlschwalben","8":"product_cat-schwalben","9":"product_tag-kotbrett","10":"product_tag-rauchschwalbe","11":"product_tag-schwalbe","12":"product_tag-voegel","13":"product_tag-weiss","14":"pa_buitenmaat-b-x-h-x-d-cm-50-x-29-x-18-de","15":"pa_gewicht-kg-2-de","16":"pa_kleur-weis","17":"pa_materiaal-wasserdichtes-mulitplex","18":"pa_materiaal-voor-filter-fsc-holz","19":"pa_soort-mehlschwalbe","20":"pa_soortgroep-schwalben","22":"first","23":"instock","24":"purchasable","25":"product-type-simple"},"acf":[],"_links":{"self":[{"href":"https:\/\/viva.ezxdemo.com\/de\/wp-json\/wp\/v2\/product\/9415","targetHints":{"allow":["GET"]}}],"collection":[{"href":"https:\/\/viva.ezxdemo.com\/de\/wp-json\/wp\/v2\/product"}],"about":[{"href":"https:\/\/viva.ezxdemo.com\/de\/wp-json\/wp\/v2\/types\/product"}],"wp:featuredmedia":[{"embeddable":true,"href":"https:\/\/viva.ezxdemo.com\/de\/wp-json\/wp\/v2\/media\/31757"}],"wp:attachment":[{"href":"https:\/\/viva.ezxdemo.com\/de\/wp-json\/wp\/v2\/media?parent=9415"}],"wp:term":[{"taxonomy":"product_brand","embeddable":true,"href":"https:\/\/viva.ezxdemo.com\/de\/wp-json\/wp\/v2\/product_brand?post=9415"},{"taxonomy":"product_cat","embeddable":true,"href":"https:\/\/viva.ezxdemo.com\/de\/wp-json\/wp\/v2\/product_cat?post=9415"},{"taxonomy":"product_tag","embeddable":true,"href":"https:\/\/viva.ezxdemo.com\/de\/wp-json\/wp\/v2\/product_tag?post=9415"}],"curies":[{"name":"wp","href":"https:\/\/api.w.org\/{rel}","templated":true}]}}