{"id":9416,"date":"2023-12-20T19:15:02","date_gmt":"2023-12-20T18:15:02","guid":{"rendered":"https:\/\/vivarapro.nl\/product\/nk-sa-01-nistkasten-oval\/"},"modified":"2026-01-16T13:36:42","modified_gmt":"2026-01-16T12:36:42","slug":"nk-sa-01-nistkasten-oval","status":"publish","type":"product","link":"https:\/\/viva.ezxdemo.com\/de\/produkt\/nk-sa-01-nistkasten-oval\/","title":{"rendered":"NK SA 01 Nistkasten oval"},"content":{"rendered":"<p>Dieser Nistkasten aus 100% Holzbeton mit Marderschutz bietet unter anderem Haussperlingen, Feldsperlingen und Gartenrotschw\u00e4nzen sowie Meisen, Kleibern und Trauerschn\u00e4ppern Nistm\u00f6glichkeiten. Die schwarze Vorderseite macht diesen Nistkasten an Orten, an denen er erw\u00fcnscht ist, weniger auff\u00e4llig. Der Nistkasten wird mit einer Aufh\u00e4ngevorrichtung aus Metall geliefert. Auf diese Weise kann der Nistkasten auch frei \u00fcber einen Ast geh\u00e4ngt werden.<\/p>\n","protected":false},"excerpt":{"rendered":"<p>NK SA 01 Nistkasten oval | Hergestellt aus 100 % Holzbeton mit Marderschutz | schwarz, unauff\u00e4llig, vielseitig nutzbar und mit Metallaufh\u00e4ngung.<\/p>\n","protected":false},"featured_media":8640,"template":"","meta":{"_acf_changed":false,"_relevanssi_hide_post":"","_relevanssi_hide_content":"","_relevanssi_pin_for_all":"","_relevanssi_pin_keywords":"","_relevanssi_unpin_keywords":"","_relevanssi_related_keywords":"","_relevanssi_related_include_ids":"","_relevanssi_related_exclude_ids":"","_relevanssi_related_no_append":"","_relevanssi_related_not_related":"","_relevanssi_related_posts":"","_relevanssi_noindex_reason":""},"product_brand":[],"product_cat":[4601,4604,4586,4620,4612,4589,7838,7870],"product_tag":[7325,7287,7286,7302,7279,7293],"class_list":{"0":"post-9416","1":"product","2":"type-product","3":"status-publish","4":"has-post-thumbnail","6":"product_cat-fassadenkaesten","7":"product_cat-fassadenkaesten-haussperlinge","8":"product_cat-haussperlinge","9":"product_cat-nistkasten-fur-gartenrotschwanze","10":"product_cat-nistkaesten-haussperlinge","11":"product_cat-singvogel","12":"product_cat-nabu-empfohlen","13":"product_cat-nistkaesten","14":"product_tag-braun","15":"product_tag-holzbeton","16":"product_tag-kasten","17":"product_tag-nistkasten","18":"product_tag-schwarz","19":"product_tag-voegel","20":"pa_binnenmaat-b-x-h-x-d-cm-12-x-24-x-12-de","21":"pa_buitenmaat-b-x-h-x-d-cm-21-x-305-x-19-de","22":"pa_gewicht-kg-ca-6-de","23":"pa_invliegopening-oval-de","24":"pa_kleur-braun-schwarz","25":"pa_materiaal-woodstone-de","26":"pa_materiaal-voor-filter-holzbeton","27":"pa_soort-gartenrotschwanz","28":"pa_soort-haussperling","29":"pa_soortgroep-singvogel","31":"first","32":"instock","33":"purchasable","34":"product-type-simple"},"acf":[],"_links":{"self":[{"href":"https:\/\/viva.ezxdemo.com\/de\/wp-json\/wp\/v2\/product\/9416","targetHints":{"allow":["GET"]}}],"collection":[{"href":"https:\/\/viva.ezxdemo.com\/de\/wp-json\/wp\/v2\/product"}],"about":[{"href":"https:\/\/viva.ezxdemo.com\/de\/wp-json\/wp\/v2\/types\/product"}],"wp:featuredmedia":[{"embeddable":true,"href":"https:\/\/viva.ezxdemo.com\/de\/wp-json\/wp\/v2\/media\/8640"}],"wp:attachment":[{"href":"https:\/\/viva.ezxdemo.com\/de\/wp-json\/wp\/v2\/media?parent=9416"}],"wp:term":[{"taxonomy":"product_brand","embeddable":true,"href":"https:\/\/viva.ezxdemo.com\/de\/wp-json\/wp\/v2\/product_brand?post=9416"},{"taxonomy":"product_cat","embeddable":true,"href":"https:\/\/viva.ezxdemo.com\/de\/wp-json\/wp\/v2\/product_cat?post=9416"},{"taxonomy":"product_tag","embeddable":true,"href":"https:\/\/viva.ezxdemo.com\/de\/wp-json\/wp\/v2\/product_tag?post=9416"}],"curies":[{"name":"wp","href":"https:\/\/api.w.org\/{rel}","templated":true}]}}