{"id":9417,"date":"2023-12-20T19:15:02","date_gmt":"2023-12-20T18:15:02","guid":{"rendered":"https:\/\/vivarapro.nl\/product\/nk-sp-02-nistkasten-fuer-stare\/"},"modified":"2026-01-16T13:17:51","modified_gmt":"2026-01-16T12:17:51","slug":"nk-sp-02-starnistkasten","status":"publish","type":"product","link":"https:\/\/viva.ezxdemo.com\/de\/produkt\/nk-sp-02-starnistkasten\/","title":{"rendered":"NK SP 02 Starnistkasten"},"content":{"rendered":"<p>Dieser Nistkasten Hergestellt aus Holzbeton mit integriertem Marderschutz bietet optimale Nistm\u00f6glichkeiten f\u00fcr Stare, wird aber auch von verschiedenen anderen kleinen Vogelarten genutzt. Unterhalb der Einflug\u00f6ffnung befindet sich ein zus\u00e4tzlicher Ansitzblock, auf dem sich die Jungv\u00f6gel niederlassen k\u00f6nnen, um ihren Kot au\u00dferhalb des Kastens abzusetzen \u2013 so bleibt das Innere sauber.<\/p>\n","protected":false},"excerpt":{"rendered":"<p>NK SP 02 Nistkasten f\u00fcr Stare | Holzbeton Nistkasten in Braun mit integriertem Marderschutz | Langlebig &amp; ideal f\u00fcr Stare und andere Vogelarten.<\/p>\n","protected":false},"featured_media":8713,"template":"","meta":{"_acf_changed":false,"_relevanssi_hide_post":"","_relevanssi_hide_content":"","_relevanssi_pin_for_all":"","_relevanssi_pin_keywords":"","_relevanssi_unpin_keywords":"","_relevanssi_related_keywords":"","_relevanssi_related_include_ids":"","_relevanssi_related_exclude_ids":"","_relevanssi_related_no_append":"","_relevanssi_related_not_related":"","_relevanssi_related_posts":"","_relevanssi_noindex_reason":""},"product_brand":[],"product_cat":[4624,4589,4615,7838,7870],"product_tag":[7325,7287,7286,7319,7311,7302,7320,7411,7293],"class_list":{"0":"post-9417","1":"product","2":"type-product","3":"status-publish","4":"has-post-thumbnail","6":"product_cat-nistkasten-andere","7":"product_cat-singvogel","8":"product_cat-stare","9":"product_cat-nabu-empfohlen","10":"product_cat-nistkaesten","11":"product_tag-braun","12":"product_tag-holzbeton","13":"product_tag-kasten","14":"product_tag-marder","15":"product_tag-marderschutz","16":"product_tag-nistkasten","17":"product_tag-schutz","18":"product_tag-stare","19":"product_tag-voegel","20":"pa_binnenmaat-b-x-h-x-d-cm-14-x-34-x-11-de","21":"pa_buitenmaat-b-x-h-x-d-cm-215-x-395-x-20-de","22":"pa_gewicht-kg-75-de","23":"pa_invliegopening-45mm-de","24":"pa_kleur-braun-weis","25":"pa_materiaal-woodstone-de","26":"pa_materiaal-voor-filter-holzbeton","27":"pa_soort-star","28":"pa_soortgroep-singvogel","30":"first","31":"instock","32":"purchasable","33":"product-type-simple"},"acf":[],"_links":{"self":[{"href":"https:\/\/viva.ezxdemo.com\/de\/wp-json\/wp\/v2\/product\/9417","targetHints":{"allow":["GET"]}}],"collection":[{"href":"https:\/\/viva.ezxdemo.com\/de\/wp-json\/wp\/v2\/product"}],"about":[{"href":"https:\/\/viva.ezxdemo.com\/de\/wp-json\/wp\/v2\/types\/product"}],"wp:featuredmedia":[{"embeddable":true,"href":"https:\/\/viva.ezxdemo.com\/de\/wp-json\/wp\/v2\/media\/8713"}],"wp:attachment":[{"href":"https:\/\/viva.ezxdemo.com\/de\/wp-json\/wp\/v2\/media?parent=9417"}],"wp:term":[{"taxonomy":"product_brand","embeddable":true,"href":"https:\/\/viva.ezxdemo.com\/de\/wp-json\/wp\/v2\/product_brand?post=9417"},{"taxonomy":"product_cat","embeddable":true,"href":"https:\/\/viva.ezxdemo.com\/de\/wp-json\/wp\/v2\/product_cat?post=9417"},{"taxonomy":"product_tag","embeddable":true,"href":"https:\/\/viva.ezxdemo.com\/de\/wp-json\/wp\/v2\/product_tag?post=9417"}],"curies":[{"name":"wp","href":"https:\/\/api.w.org\/{rel}","templated":true}]}}