{"id":9418,"date":"2023-12-20T19:15:02","date_gmt":"2023-12-20T18:15:02","guid":{"rendered":"https:\/\/vivarapro.nl\/product\/vk-ws-12-fledermaus-giebelkasten\/"},"modified":"2025-12-01T16:54:05","modified_gmt":"2025-12-01T15:54:05","slug":"vk-ws-12-fledermauskasten","status":"publish","type":"product","link":"https:\/\/viva.ezxdemo.com\/de\/produkt\/vk-ws-12-fledermauskasten\/","title":{"rendered":"VK WS 12  Fledermauskasten"},"content":{"rendered":"<p>Dieser Fassaden-Fledermauskasten ist in zwei separate Kammern unterteilt, wodurch unterschiedliche Mikroklimata innerhalb des Kastens geschaffen werden. Der Kasten ist in Schwarz gehalten, damit sich die Temperatur im Inneren schnell erw\u00e4rmt, wenn er an einem schattigen, k\u00fchleren Ort steht. Dieser Fledermauskasten ist auch in der Farbe Wei\u00df erh\u00e4ltlich<a href=\"https:\/\/www.vivarapro.de\/produkt\/vk-ws-15-fledermauskasten\/?highlight=vk+ws+15\" target=\"_blank\" rel=\"noopener\">(VK WS 15<\/a>). Wei\u00df hat den Vorteil, dass sich die Temperatur im Inneren des Kastens weniger schnell aufheizt, wenn er an sonnigen, warmen Orten platziert wird. Der Kasten ist als Sommer- und\/oder Paarungsquartier geeignet. In milden Wintern kann der Kasten auch als Unterschlupf dienen.<\/p>\n<p>Der Kasten ist aus 100% Holzbeton gefertigt und wird mit dem praktischen Z-Haken zur Wandmontage geliefert. Es gibt mehrere Fledermausarten, die diesen Fledermauskasten nutzen k\u00f6nnen. Das h\u00e4ngt von den Arten ab, die vor Ort vorkommen, und davon, wo der Fledermauskasten aufgeh\u00e4ngt wird.<\/p>\n<p>Als Sommer-Paarungsquartier m\u00f6glich f\u00fcr:<\/p>\n<ul>\n<li>Zwergfledermaus<\/li>\n<li>Rauhautfledermaus<\/li>\n<li>M\u00fcckenfledermaus<\/li>\n<li>Kleine Bartfledermaus<\/li>\n<li>Gro\u00dfe Bartfledermaus<\/li>\n<li>Braunes Langohr<\/li>\n<li>Zweifarbfledermaus<\/li>\n<\/ul>\n<p>In milden Wintern, m\u00f6gliche Nutzung durch:<\/p>\n<ul>\n<li>Zwergfledermaus<\/li>\n<li>Braunes Langohr<\/li>\n<\/ul>\n","protected":false},"excerpt":{"rendered":"<p>VK WS 12 Fledermaus-Giebelkasten | Schwarzer Fledermaus-Kast aus Holzbeton mit zwei Kammern \u2013 ideal f\u00fcr Sommer, Paarung &amp; milde Winter.<\/p>\n","protected":false},"featured_media":28906,"template":"","meta":{"_acf_changed":false,"_relevanssi_hide_post":"","_relevanssi_hide_content":"","_relevanssi_pin_for_all":"","_relevanssi_pin_keywords":"","_relevanssi_unpin_keywords":"","_relevanssi_related_keywords":"","_relevanssi_related_include_ids":"","_relevanssi_related_exclude_ids":"","_relevanssi_related_no_append":"","_relevanssi_related_not_related":"","_relevanssi_related_posts":"","_relevanssi_noindex_reason":""},"product_brand":[],"product_cat":[4601,4598,4584],"product_tag":[7281,7282,7278,7280,7283,7279],"class_list":{"0":"post-9418","1":"product","2":"type-product","3":"status-publish","4":"has-post-thumbnail","6":"product_cat-fassadenkaesten","7":"product_cat-fassadenkaesten-fledermause","8":"product_cat-fledermause","9":"product_tag-fassade","10":"product_tag-fassadekasten","11":"product_tag-fledermaus","12":"product_tag-kast","13":"product_tag-mikroklimata","14":"product_tag-schwarz","15":"pa_binnenmaat-b-x-h-x-d-cm-29-x-435-x-55-de","16":"pa_buitenmaat-b-x-h-x-d-cm-385-x-49-x-9-de","17":"pa_gewicht-kg-1075-de","18":"pa_kleur-schwarz","19":"pa_materiaal-holzbeton","20":"pa_materiaal-voor-filter-holzbeton","21":"pa_soort-braunes-langohr","22":"pa_soort-breitflugelfledermaus","23":"pa_soort-fransenfledermaus","24":"pa_soort-kleine-bartfledermaus","25":"pa_soort-muckenfledermaus","26":"pa_soort-rauhautfledermaus","27":"pa_soort-teichfledermaus","28":"pa_soort-wasserfledermaus","29":"pa_soort-zwergfledermaus","30":"pa_soortgroep-fledermause","32":"first","33":"instock","34":"purchasable","35":"product-type-simple"},"acf":[],"_links":{"self":[{"href":"https:\/\/viva.ezxdemo.com\/de\/wp-json\/wp\/v2\/product\/9418","targetHints":{"allow":["GET"]}}],"collection":[{"href":"https:\/\/viva.ezxdemo.com\/de\/wp-json\/wp\/v2\/product"}],"about":[{"href":"https:\/\/viva.ezxdemo.com\/de\/wp-json\/wp\/v2\/types\/product"}],"wp:featuredmedia":[{"embeddable":true,"href":"https:\/\/viva.ezxdemo.com\/de\/wp-json\/wp\/v2\/media\/28906"}],"wp:attachment":[{"href":"https:\/\/viva.ezxdemo.com\/de\/wp-json\/wp\/v2\/media?parent=9418"}],"wp:term":[{"taxonomy":"product_brand","embeddable":true,"href":"https:\/\/viva.ezxdemo.com\/de\/wp-json\/wp\/v2\/product_brand?post=9418"},{"taxonomy":"product_cat","embeddable":true,"href":"https:\/\/viva.ezxdemo.com\/de\/wp-json\/wp\/v2\/product_cat?post=9418"},{"taxonomy":"product_tag","embeddable":true,"href":"https:\/\/viva.ezxdemo.com\/de\/wp-json\/wp\/v2\/product_tag?post=9418"}],"curies":[{"name":"wp","href":"https:\/\/api.w.org\/{rel}","templated":true}]}}