{"id":9420,"date":"2023-12-20T19:15:02","date_gmt":"2023-12-20T18:15:02","guid":{"rendered":"https:\/\/vivarapro.nl\/product\/nk-sa-02-nistkasten-28mm\/"},"modified":"2026-01-16T13:17:25","modified_gmt":"2026-01-16T12:17:25","slug":"nk-sa-02-nistkasten-28mm","status":"publish","type":"product","link":"https:\/\/viva.ezxdemo.com\/de\/produkt\/nk-sa-02-nistkasten-28mm\/","title":{"rendered":"NK SA 02 Nistkasten 28mm"},"content":{"rendered":"<p>Dieser Nistkasten aus 100% Holzbeton mit Marderschutz bietet u.a. Blaumeisen und Schwarzmeisen Nistm\u00f6glichkeiten. Die schwarze Vorderseite macht diesen Nistkasten an Orten, an denen er erw\u00fcnscht ist, weniger auff\u00e4llig. Der Nistkasten wird mit einer Aufh\u00e4ngevorrichtung aus Metall geliefert. Auf diese Weise kann der Nistkasten auch frei \u00fcber einen Ast geh\u00e4ngt werden.<\/p>\n","protected":false},"excerpt":{"rendered":"<p>NK SA 02 Nistkasten 28mm | Vivara Pro<\/p>\n","protected":false},"featured_media":8664,"template":"","meta":{"_acf_changed":false,"_relevanssi_hide_post":"","_relevanssi_hide_content":"","_relevanssi_pin_for_all":"","_relevanssi_pin_keywords":"","_relevanssi_unpin_keywords":"","_relevanssi_related_keywords":"","_relevanssi_related_include_ids":"","_relevanssi_related_exclude_ids":"","_relevanssi_related_no_append":"","_relevanssi_related_not_related":"","_relevanssi_related_posts":"","_relevanssi_noindex_reason":""},"product_brand":[],"product_cat":[4622,4589,7838,7870],"product_tag":[],"class_list":{"0":"post-9420","1":"product","2":"type-product","3":"status-publish","4":"has-post-thumbnail","6":"product_cat-nistkasten-fur-meisen","7":"product_cat-singvogel","8":"product_cat-nabu-empfohlen","9":"product_cat-nistkaesten","10":"pa_binnenmaat-b-x-h-x-d-cm-12-x-24-x-12-de","11":"pa_buitenmaat-b-x-h-x-d-cm-21-x-305-x-19-de","12":"pa_gewicht-kg-ca-6-de","13":"pa_invliegopening-28mm-de","14":"pa_kleur-braun-schwarz","15":"pa_materiaal-woodstone-de","16":"pa_materiaal-voor-filter-holzbeton","17":"pa_soort-blaumeise","18":"pa_soort-tannenmeise","19":"pa_soortgroep-singvogel","21":"first","22":"instock","23":"purchasable","24":"product-type-simple"},"acf":[],"_links":{"self":[{"href":"https:\/\/viva.ezxdemo.com\/de\/wp-json\/wp\/v2\/product\/9420","targetHints":{"allow":["GET"]}}],"collection":[{"href":"https:\/\/viva.ezxdemo.com\/de\/wp-json\/wp\/v2\/product"}],"about":[{"href":"https:\/\/viva.ezxdemo.com\/de\/wp-json\/wp\/v2\/types\/product"}],"wp:featuredmedia":[{"embeddable":true,"href":"https:\/\/viva.ezxdemo.com\/de\/wp-json\/wp\/v2\/media\/8664"}],"wp:attachment":[{"href":"https:\/\/viva.ezxdemo.com\/de\/wp-json\/wp\/v2\/media?parent=9420"}],"wp:term":[{"taxonomy":"product_brand","embeddable":true,"href":"https:\/\/viva.ezxdemo.com\/de\/wp-json\/wp\/v2\/product_brand?post=9420"},{"taxonomy":"product_cat","embeddable":true,"href":"https:\/\/viva.ezxdemo.com\/de\/wp-json\/wp\/v2\/product_cat?post=9420"},{"taxonomy":"product_tag","embeddable":true,"href":"https:\/\/viva.ezxdemo.com\/de\/wp-json\/wp\/v2\/product_tag?post=9420"}],"curies":[{"name":"wp","href":"https:\/\/api.w.org\/{rel}","templated":true}]}}