{"id":9421,"date":"2023-12-20T19:15:02","date_gmt":"2023-12-20T18:15:02","guid":{"rendered":"https:\/\/vivarapro.nl\/product\/st-sp-01-starenhaus-kauz-vollstaendig\/"},"modified":"2026-02-03T12:32:47","modified_gmt":"2026-02-03T11:32:47","slug":"st-sp-01-starenhaus-kauz-komplett","status":"publish","type":"product","link":"https:\/\/viva.ezxdemo.com\/de\/produkt\/st-sp-01-starenhaus-kauz-komplett\/","title":{"rendered":"ST SP 01 Starenhaus komplett"},"content":{"rendered":"<p>Zur F\u00f6rderung und zum Ausgleich von Brutpl\u00e4tzen des Stars eignen sich spezielle Starenh\u00e4user besonders gut. Im Gegensatz zu einzelnen Nistk\u00e4sten an der Fassade bieten sie den Vorteil, dass Verschmutzungen an Geb\u00e4udew\u00e4nden vermieden werden.<\/p>\n<p>Dieses Modell vereint 9 Nistkammern unter einem Dach und schafft damit optimale Bedingungen f\u00fcr mehrere Starenpaare. Auch Haus- und Feldsperlinge nutzen die Nistm\u00f6glichkeiten regelm\u00e4\u00dfig.<\/p>\n<p>Die Konstruktion besteht aus einem stabilen Metallrahmen, der mit wetterfestem Multiplex verkleidet und mit einer umweltfreundlichen Ecolabel-Farbe (RAL 9010) beschichtet ist. Das Dach ist mit einer witterungsbest\u00e4ndigen Dachabdichtungsbahn versehen und verf\u00fcgt \u00fcber eine zus\u00e4tzliche L\u00fcftungsabdeckung, die f\u00fcr eine bessere Luftzirkulation sorgt und die Temperaturen in den Nistkammern bei warmem Wetter reduziert.<\/p>\n<p>Bei fachgerechter Montage ist das Haus \u00e4u\u00dferst robust und widersteht Windst\u00e4rken bis zu 10 Beaufort.<\/p>\n","protected":false},"excerpt":{"rendered":"<p>ST SP 01 Starenhaus-Kauz (komplett) | Robustes Starenhaus mit 9 Nistkammern | optimal bel\u00fcftet und witterungsbest\u00e4ndig<\/p>\n","protected":false},"featured_media":17044,"template":"","meta":{"_acf_changed":false,"_relevanssi_hide_post":"","_relevanssi_hide_content":"","_relevanssi_pin_for_all":"","_relevanssi_pin_keywords":"","_relevanssi_unpin_keywords":"","_relevanssi_related_keywords":"","_relevanssi_related_include_ids":"","_relevanssi_related_exclude_ids":"","_relevanssi_related_no_append":"","_relevanssi_related_not_related":"","_relevanssi_related_posts":"","_relevanssi_noindex_reason":""},"product_brand":[],"product_cat":[4636,4615,4637],"product_tag":[7306,7584,7583,7293],"class_list":{"0":"post-9421","1":"product","2":"type-product","3":"status-publish","4":"has-post-thumbnail","6":"product_cat-haus-und-pfahlkasten","7":"product_cat-stare","8":"product_cat-starenhaus","9":"product_tag-brutplatz","10":"product_tag-star","11":"product_tag-turm","12":"product_tag-voegel","13":"pa_buitenmaat-b-x-h-x-d-cm-90-x-120-ohne-pfosten","14":"pa_gewicht-kg-82-exkl-mast","15":"pa_materiaal-voor-filter-fsc-holz","16":"pa_soort-feldsperling","17":"pa_soort-haussperling","18":"pa_soort-star","19":"pa_soortgroep-singvogel","21":"first","22":"instock","23":"purchasable","24":"product-type-variable"},"acf":[],"_links":{"self":[{"href":"https:\/\/viva.ezxdemo.com\/de\/wp-json\/wp\/v2\/product\/9421","targetHints":{"allow":["GET"]}}],"collection":[{"href":"https:\/\/viva.ezxdemo.com\/de\/wp-json\/wp\/v2\/product"}],"about":[{"href":"https:\/\/viva.ezxdemo.com\/de\/wp-json\/wp\/v2\/types\/product"}],"wp:featuredmedia":[{"embeddable":true,"href":"https:\/\/viva.ezxdemo.com\/de\/wp-json\/wp\/v2\/media\/17044"}],"wp:attachment":[{"href":"https:\/\/viva.ezxdemo.com\/de\/wp-json\/wp\/v2\/media?parent=9421"}],"wp:term":[{"taxonomy":"product_brand","embeddable":true,"href":"https:\/\/viva.ezxdemo.com\/de\/wp-json\/wp\/v2\/product_brand?post=9421"},{"taxonomy":"product_cat","embeddable":true,"href":"https:\/\/viva.ezxdemo.com\/de\/wp-json\/wp\/v2\/product_cat?post=9421"},{"taxonomy":"product_tag","embeddable":true,"href":"https:\/\/viva.ezxdemo.com\/de\/wp-json\/wp\/v2\/product_tag?post=9421"}],"curies":[{"name":"wp","href":"https:\/\/api.w.org\/{rel}","templated":true}]}}