{"id":9423,"date":"2023-12-20T19:15:02","date_gmt":"2023-12-20T18:15:02","guid":{"rendered":"https:\/\/vivarapro.nl\/product\/vk-ws-15-fledermaus-giebelkasten\/"},"modified":"2025-12-01T16:55:17","modified_gmt":"2025-12-01T15:55:17","slug":"vk-ws-15-fledermauskasten","status":"publish","type":"product","link":"https:\/\/viva.ezxdemo.com\/de\/produkt\/vk-ws-15-fledermauskasten\/","title":{"rendered":"VK WS 15 Fledermaus Fassadenkasten"},"content":{"rendered":"<p>Dieser Fassaden-Fledermauskasten ist in zwei separate Kammern unterteilt, wodurch unterschiedliche Mikroklimata innerhalb des Kastens geschaffen werden. Die wei\u00dfe Ausf\u00fchrung des Kastens tr\u00e4gt dazu bei, die Temperaturentwicklung bei der Montage an sonnigen und w\u00e4rmeexponierten Standorten zu reduzieren. Dieser Fledermauskasten ist auch in der Farbe Schwarz erh\u00e4ltlich<a href=\"https:\/\/vivarapro.de\/product\/vk-ws-12-Fledermauskasten\/\" target=\"_blank\" rel=\"noopener\">(VK WS 12<\/a>). Schwarz hat den Vorteil, dass sich die Temperatur im Inneren des Kastens schnell erw\u00e4rmen kann, wenn der Kasten an einem schattigen, k\u00fchleren Ort h\u00e4ngt.<\/p>\n<p>Der Kasten ist aus 100% Holzbeton gefertigt und wird mit dem praktischen Z-Haken zur Wandmontage geliefert. Es gibt mehrere Fledermausarten, die diesen Fledermauskasten nutzen k\u00f6nnen. Das h\u00e4ngt von den Arten ab, die vor Ort vorkommen, und davon, wo der Fledermauskasten aufgeh\u00e4ngt wird. Der Kasten ist als Sommer- und\/oder Paarungsquartier geeignet. In milden Wintern kann der Kasten auch als Unterschlupf dienen.<\/p>\n<p>Als Sommer-Paarungsquartier m\u00f6glich f\u00fcr:<\/p>\n<ul>\n<li>Zwergfledermaus<\/li>\n<li>Rauhautfledermaus<\/li>\n<li>M\u00fcckenfledermaus<\/li>\n<li>Kleine Bartfledermaus<\/li>\n<li>Gro\u00dfe Bartfledermaus<\/li>\n<li>Braunes Langohr<\/li>\n<li>Zweifarbfledermaus<\/li>\n<\/ul>\n<p>In milden Wintern, m\u00f6gliche Nutzung durch:<\/p>\n<ul>\n<li>Zwergfledermaus<\/li>\n<li>Braunes Langohr<\/li>\n<\/ul>\n","protected":false},"excerpt":{"rendered":"<p>VK WS 15 Fledermaus-Giebelkasten | Wei\u00dfer Fledermaus-Kast aus Holzbeton \u2013 Praktisch und wetterbest\u00e4ndig.<\/p>\n","protected":false},"featured_media":28997,"template":"","meta":{"_acf_changed":false,"_relevanssi_hide_post":"","_relevanssi_hide_content":"","_relevanssi_pin_for_all":"","_relevanssi_pin_keywords":"","_relevanssi_unpin_keywords":"","_relevanssi_related_keywords":"","_relevanssi_related_include_ids":"","_relevanssi_related_exclude_ids":"","_relevanssi_related_no_append":"","_relevanssi_related_not_related":"","_relevanssi_related_posts":"","_relevanssi_noindex_reason":""},"product_brand":[],"product_cat":[4584,4601,4598],"product_tag":[7281,7285,7278,7280,7286,7284],"class_list":{"0":"post-9423","1":"product","2":"type-product","3":"status-publish","4":"has-post-thumbnail","6":"product_cat-fledermause","7":"product_cat-fassadenkaesten","8":"product_cat-fassadenkaesten-fledermause","9":"product_tag-fassade","10":"product_tag-fassadenkast","11":"product_tag-fledermaus","12":"product_tag-kast","13":"product_tag-kasten","14":"product_tag-weiss","15":"pa_binnenmaat-b-x-h-x-d-cm-29-x-435-x-55-de","16":"pa_buitenmaat-b-x-h-x-d-cm-385-x-49-x-9-de","17":"pa_gewicht-kg-1075-de","18":"pa_kleur-weis","19":"pa_materiaal-holzbeton","20":"pa_materiaal-voor-filter-holzbeton","21":"pa_soort-braunes-langohr","22":"pa_soort-breitflugelfledermaus","23":"pa_soort-fransenfledermaus","24":"pa_soort-kleine-bartfledermaus","25":"pa_soort-muckenfledermaus","26":"pa_soort-rauhautfledermaus","27":"pa_soort-teichfledermaus","28":"pa_soort-wasserfledermaus","29":"pa_soort-zwergfledermaus","30":"pa_soortgroep-fledermause","32":"first","33":"instock","34":"purchasable","35":"product-type-simple"},"acf":[],"_links":{"self":[{"href":"https:\/\/viva.ezxdemo.com\/de\/wp-json\/wp\/v2\/product\/9423","targetHints":{"allow":["GET"]}}],"collection":[{"href":"https:\/\/viva.ezxdemo.com\/de\/wp-json\/wp\/v2\/product"}],"about":[{"href":"https:\/\/viva.ezxdemo.com\/de\/wp-json\/wp\/v2\/types\/product"}],"wp:featuredmedia":[{"embeddable":true,"href":"https:\/\/viva.ezxdemo.com\/de\/wp-json\/wp\/v2\/media\/28997"}],"wp:attachment":[{"href":"https:\/\/viva.ezxdemo.com\/de\/wp-json\/wp\/v2\/media?parent=9423"}],"wp:term":[{"taxonomy":"product_brand","embeddable":true,"href":"https:\/\/viva.ezxdemo.com\/de\/wp-json\/wp\/v2\/product_brand?post=9423"},{"taxonomy":"product_cat","embeddable":true,"href":"https:\/\/viva.ezxdemo.com\/de\/wp-json\/wp\/v2\/product_cat?post=9423"},{"taxonomy":"product_tag","embeddable":true,"href":"https:\/\/viva.ezxdemo.com\/de\/wp-json\/wp\/v2\/product_tag?post=9423"}],"curies":[{"name":"wp","href":"https:\/\/api.w.org\/{rel}","templated":true}]}}