{"id":9424,"date":"2023-12-20T19:15:02","date_gmt":"2023-12-20T18:15:02","guid":{"rendered":"https:\/\/vivarapro.nl\/product\/nk-sa-03-nistkasten-32mm\/"},"modified":"2026-01-16T13:15:51","modified_gmt":"2026-01-16T12:15:51","slug":"nk-sa-03-nistkasten-32mm","status":"publish","type":"product","link":"https:\/\/viva.ezxdemo.com\/de\/produkt\/nk-sa-03-nistkasten-32mm\/","title":{"rendered":"NK SA 03 Nistkasten 32mm"},"content":{"rendered":"<p>Dieser Nistkasten hergestellt aus Holzbeton mit Marderschutz bietet u.a. Meisen, Kleibern und Trauerschn\u00e4ppern Nistm\u00f6glichkeiten. Die schwarze Vorderseite macht diesen Nistkasten an Orten, an denen er erw\u00fcnscht ist, weniger auff\u00e4llig. Der Nistkasten wird mit einer Aufh\u00e4ngevorrichtung aus Metall geliefert. Auf diese Weise kann der Nistkasten auch frei \u00fcber einen Ast geh\u00e4ngt werden.<\/p>\n","protected":false},"excerpt":{"rendered":"<p>NK SA 03 Nistkasten 32mm | Holzbeton Nistkasten in Braun mit Marderschutz | unauff\u00e4llig, robust &amp; ideal f\u00fcr Meisen, Kleiber und Trauerschn\u00e4pper.<\/p>\n","protected":false},"featured_media":8619,"template":"","meta":{"_acf_changed":false,"_relevanssi_hide_post":"","_relevanssi_hide_content":"","_relevanssi_pin_for_all":"","_relevanssi_pin_keywords":"","_relevanssi_unpin_keywords":"","_relevanssi_related_keywords":"","_relevanssi_related_include_ids":"","_relevanssi_related_exclude_ids":"","_relevanssi_related_no_append":"","_relevanssi_related_not_related":"","_relevanssi_related_posts":"","_relevanssi_noindex_reason":""},"product_brand":[],"product_cat":[4624,4621,4640,4622,4589,7870],"product_tag":[7325,7306,7287,7286,7335,7329,7302,7279,7333,7293],"class_list":{"0":"post-9424","1":"product","2":"type-product","3":"status-publish","4":"has-post-thumbnail","6":"product_cat-nistkasten-andere","7":"product_cat-nistkasten-fur-fliegenschnapper","8":"product_cat-nistkasten-fur-kleiber","9":"product_cat-nistkasten-fur-meisen","10":"product_cat-singvogel","11":"product_cat-nistkaesten","12":"product_tag-braun","13":"product_tag-brutplatz","14":"product_tag-holzbeton","15":"product_tag-kasten","16":"product_tag-kleibern","17":"product_tag-meisen","18":"product_tag-nistkasten","19":"product_tag-schwarz","20":"product_tag-trauerschnaeppern","21":"product_tag-voegel","22":"pa_binnenmaat-b-x-h-x-d-cm-12-x-24-x-12-de","23":"pa_buitenmaat-b-x-h-x-d-cm-21-x-305-x-19-de","24":"pa_gewicht-kg-ca-6-de","25":"pa_invliegopening-32mm-de","26":"pa_kleur-braun-schwarz","27":"pa_materiaal-woodstone-de","28":"pa_materiaal-voor-filter-holzbeton","29":"pa_soort-feldsperling","30":"pa_soort-haubenmeise","31":"pa_soort-kleiber","32":"pa_soort-kohlmeise","33":"pa_soort-trauerschnapper","34":"pa_soortgroep-singvogel","36":"first","37":"instock","38":"purchasable","39":"product-type-simple"},"acf":[],"_links":{"self":[{"href":"https:\/\/viva.ezxdemo.com\/de\/wp-json\/wp\/v2\/product\/9424","targetHints":{"allow":["GET"]}}],"collection":[{"href":"https:\/\/viva.ezxdemo.com\/de\/wp-json\/wp\/v2\/product"}],"about":[{"href":"https:\/\/viva.ezxdemo.com\/de\/wp-json\/wp\/v2\/types\/product"}],"wp:featuredmedia":[{"embeddable":true,"href":"https:\/\/viva.ezxdemo.com\/de\/wp-json\/wp\/v2\/media\/8619"}],"wp:attachment":[{"href":"https:\/\/viva.ezxdemo.com\/de\/wp-json\/wp\/v2\/media?parent=9424"}],"wp:term":[{"taxonomy":"product_brand","embeddable":true,"href":"https:\/\/viva.ezxdemo.com\/de\/wp-json\/wp\/v2\/product_brand?post=9424"},{"taxonomy":"product_cat","embeddable":true,"href":"https:\/\/viva.ezxdemo.com\/de\/wp-json\/wp\/v2\/product_cat?post=9424"},{"taxonomy":"product_tag","embeddable":true,"href":"https:\/\/viva.ezxdemo.com\/de\/wp-json\/wp\/v2\/product_tag?post=9424"}],"curies":[{"name":"wp","href":"https:\/\/api.w.org\/{rel}","templated":true}]}}