{"id":9425,"date":"2023-12-20T19:15:02","date_gmt":"2023-12-20T18:15:02","guid":{"rendered":"https:\/\/vivarapro.nl\/product\/nk-ka-02-dohlen-nistkasten\/"},"modified":"2026-01-16T14:00:54","modified_gmt":"2026-01-16T13:00:54","slug":"nk-ka-02-dohlen-nistkasten","status":"publish","type":"product","link":"https:\/\/viva.ezxdemo.com\/de\/produkt\/nk-ka-02-dohlen-nistkasten\/","title":{"rendered":"NK KA 02 Dohlennistkasten"},"content":{"rendered":"<p>Die NK KA 02 bietet unter anderem Nistm\u00f6glichkeiten f\u00fcr Dohlen, Ringeltauben und Staren. Es gibt sogar Berichte \u00fcber Eichh\u00f6rnchen, die darin ein Nest bauen. Der Kasten ist aus 100% Holzbeton gefertigt. An der Unterseite der R\u00fcckseite k\u00f6nnen 2 Schrauben eingeschraubt werden, damit der Kasten stabiler h\u00e4ngt. Besonders gegen den runden Stamm eines Baumes macht das einen gro\u00dfen Unterschied.<\/p>\n","protected":false},"excerpt":{"rendered":"<p>NK KA 02 Dohlen-Nistkasten | Robuster Nistkasten aus Holzbeton in Braun | ideal f\u00fcr Dohlen, Ringeltauben, Stare und sogar Eichh\u00f6rnchen.<\/p>\n","protected":false},"featured_media":8653,"template":"","meta":{"_acf_changed":false,"_relevanssi_hide_post":"","_relevanssi_hide_content":"","_relevanssi_pin_for_all":"","_relevanssi_pin_keywords":"","_relevanssi_unpin_keywords":"","_relevanssi_related_keywords":"","_relevanssi_related_include_ids":"","_relevanssi_related_exclude_ids":"","_relevanssi_related_no_append":"","_relevanssi_related_not_related":"","_relevanssi_related_posts":"","_relevanssi_noindex_reason":""},"product_brand":[],"product_cat":[4611,4624,4589,7870],"product_tag":[7325,7412,7287,7302,7413,7279,7414],"class_list":{"0":"post-9425","1":"product","2":"type-product","3":"status-publish","4":"has-post-thumbnail","6":"product_cat-hohltaube","7":"product_cat-nistkasten-andere","8":"product_cat-singvogel","9":"product_cat-nistkaesten","10":"product_tag-braun","11":"product_tag-dohlen","12":"product_tag-holzbeton","13":"product_tag-nistkasten","14":"product_tag-ringeltauben","15":"product_tag-schwarz","16":"product_tag-staren","17":"pa_binnenmaat-b-x-h-x-d-cm-20-x-45-x-20","18":"pa_buitenmaat-b-x-h-x-d-cm-28-x-52-x-31-de","19":"pa_gewicht-kg-12-de-2","20":"pa_invliegopening-80-mm-de","21":"pa_kleur-grau-schwarz","22":"pa_materiaal-holzbeton","23":"pa_materiaal-voor-filter-holzbeton","24":"pa_soort-ringeltaube","25":"pa_soort-star","26":"pa_soortgroep-singvogel","28":"first","29":"instock","30":"purchasable","31":"product-type-simple"},"acf":[],"_links":{"self":[{"href":"https:\/\/viva.ezxdemo.com\/de\/wp-json\/wp\/v2\/product\/9425","targetHints":{"allow":["GET"]}}],"collection":[{"href":"https:\/\/viva.ezxdemo.com\/de\/wp-json\/wp\/v2\/product"}],"about":[{"href":"https:\/\/viva.ezxdemo.com\/de\/wp-json\/wp\/v2\/types\/product"}],"wp:featuredmedia":[{"embeddable":true,"href":"https:\/\/viva.ezxdemo.com\/de\/wp-json\/wp\/v2\/media\/8653"}],"wp:attachment":[{"href":"https:\/\/viva.ezxdemo.com\/de\/wp-json\/wp\/v2\/media?parent=9425"}],"wp:term":[{"taxonomy":"product_brand","embeddable":true,"href":"https:\/\/viva.ezxdemo.com\/de\/wp-json\/wp\/v2\/product_brand?post=9425"},{"taxonomy":"product_cat","embeddable":true,"href":"https:\/\/viva.ezxdemo.com\/de\/wp-json\/wp\/v2\/product_cat?post=9425"},{"taxonomy":"product_tag","embeddable":true,"href":"https:\/\/viva.ezxdemo.com\/de\/wp-json\/wp\/v2\/product_tag?post=9425"}],"curies":[{"name":"wp","href":"https:\/\/api.w.org\/{rel}","templated":true}]}}