{"id":9428,"date":"2023-12-20T19:15:02","date_gmt":"2023-12-20T18:15:02","guid":{"rendered":"https:\/\/vivarapro.nl\/product\/nk-bk-01-nistkasten-fuer-gartenbaumlaeufer\/"},"modified":"2026-01-16T14:02:19","modified_gmt":"2026-01-16T13:02:19","slug":"nk-bk-01-gartenbaumlaeufernistkasten","status":"publish","type":"product","link":"https:\/\/viva.ezxdemo.com\/de\/produkt\/nk-bk-01-gartenbaumlaeufernistkasten\/","title":{"rendered":"NK BK 01 Gartenbauml\u00e4ufernistkasten"},"content":{"rendered":"<p>Dieser Nistkasten aus Kiefernholz bietet eine leicht anwendbare Nistm\u00f6glichkeit f\u00fcr Bauml\u00e4ufer. Etwa 1\/3 des Nistmaterials sollte zur Platzierung hinzugef\u00fcgt werden. S\u00e4gemehl ist f\u00fcr diesen Zweck gut geeignet.<\/p>\n","protected":false},"excerpt":{"rendered":"<p>NK BK 01 Nistkasten f\u00fcr Garten bauml\u00e4ufer | Hergestellt aus Kiefernholz | Einfach zu nutzen, mit S\u00e4gemehl bef\u00fcllbar f\u00fcr optimale Nistbedingungen.<\/p>\n","protected":false},"featured_media":8647,"template":"","meta":{"_acf_changed":false,"_relevanssi_hide_post":"","_relevanssi_hide_content":"","_relevanssi_pin_for_all":"","_relevanssi_pin_keywords":"","_relevanssi_unpin_keywords":"","_relevanssi_related_keywords":"","_relevanssi_related_include_ids":"","_relevanssi_related_exclude_ids":"","_relevanssi_related_no_append":"","_relevanssi_related_not_related":"","_relevanssi_related_posts":"","_relevanssi_noindex_reason":""},"product_brand":[],"product_cat":[4639,4589,7838,7870],"product_tag":[7442,7300,7443,7302,7293],"class_list":{"0":"post-9428","1":"product","2":"type-product","3":"status-publish","4":"has-post-thumbnail","6":"product_cat-nistkasten-fur-schlingpflanzen","7":"product_cat-singvogel","8":"product_cat-nabu-empfohlen","9":"product_cat-nistkaesten","10":"product_tag-baumlaeufer","11":"product_tag-holz","12":"product_tag-kiefern","13":"product_tag-nistkasten","14":"product_tag-voegel","15":"pa_binnenmaat-b-x-h-x-d-cm-10-x-23-x-75-de","16":"pa_buitenmaat-b-x-h-x-d-cm-13-x-36-x-135-de","17":"pa_gewicht-kg-087-de","18":"pa_kleur-naturlich-grun","19":"pa_materiaal-fichtenholz-fsc","20":"pa_materiaal-voor-filter-fsc-holz","21":"pa_soort-baumlaeufer","22":"pa_soortgroep-singvogel","24":"first","25":"instock","26":"purchasable","27":"product-type-simple"},"acf":[],"_links":{"self":[{"href":"https:\/\/viva.ezxdemo.com\/de\/wp-json\/wp\/v2\/product\/9428","targetHints":{"allow":["GET"]}}],"collection":[{"href":"https:\/\/viva.ezxdemo.com\/de\/wp-json\/wp\/v2\/product"}],"about":[{"href":"https:\/\/viva.ezxdemo.com\/de\/wp-json\/wp\/v2\/types\/product"}],"wp:featuredmedia":[{"embeddable":true,"href":"https:\/\/viva.ezxdemo.com\/de\/wp-json\/wp\/v2\/media\/8647"}],"wp:attachment":[{"href":"https:\/\/viva.ezxdemo.com\/de\/wp-json\/wp\/v2\/media?parent=9428"}],"wp:term":[{"taxonomy":"product_brand","embeddable":true,"href":"https:\/\/viva.ezxdemo.com\/de\/wp-json\/wp\/v2\/product_brand?post=9428"},{"taxonomy":"product_cat","embeddable":true,"href":"https:\/\/viva.ezxdemo.com\/de\/wp-json\/wp\/v2\/product_cat?post=9428"},{"taxonomy":"product_tag","embeddable":true,"href":"https:\/\/viva.ezxdemo.com\/de\/wp-json\/wp\/v2\/product_tag?post=9428"}],"curies":[{"name":"wp","href":"https:\/\/api.w.org\/{rel}","templated":true}]}}