{"id":9429,"date":"2023-12-20T19:15:02","date_gmt":"2023-12-20T18:15:02","guid":{"rendered":"https:\/\/vivarapro.nl\/product\/vk-ws-14-fledermaus-baumkasten-cjm\/"},"modified":"2025-12-11T15:22:38","modified_gmt":"2025-12-11T14:22:38","slug":"vk-ws-14-fledermaus-baumkasten-cjm","status":"publish","type":"product","link":"https:\/\/viva.ezxdemo.com\/de\/produkt\/vk-ws-14-fledermaus-baumkasten-cjm\/","title":{"rendered":"VK WS 14 Fledermaus Baumkasten CJM"},"content":{"rendered":"<p>Dieser Baumkasten f\u00fcr Flederm\u00e4use ist ein Entwurf des englischen Fledermausexperten Colin Morris. In England wird dieses Modell seit vielen Jahren erfolgreich eingesetzt. Colin hat uns die Erlaubnis erteilt, dieses Modell aus Holzbeton herzustellen und unter dem Namen CJM Fledermauskasten zu vermarkten.<\/p>\n<p>Dieser aus 100% Holzbeton gefertigte Kasten ist in drei F\u00e4cher mit Holzpaneelen unterteilt, um im Inneren unterschiedliche Mikroklimata zu schaffen. Der Kasten kann in B\u00e4umen oder an der Fassade aufgestellt werden.<\/p>\n<p>Es gibt mehrere Fledermausarten, die diesen Fledermauskasten nutzen k\u00f6nnen. Das h\u00e4ngt davon ab, welche Arten vor Ort vorkommen und wo der Fledermauskasten aufgeh\u00e4ngt wird. Dieser Kasten ist als Sommer- und\/oder Paarungsquartier geeignet. In milden Wintern kann der Kasten auch als Unterschlupf f\u00fcr einige Arten dienen.<\/p>\n<p>Als Sommer-Paarungsquartier m\u00f6glich f\u00fcr:<\/p>\n<ul>\n<li>Bartfledermaus<\/li>\n<li>Gro\u00dfe Bartfledermaus<\/li>\n<li>Kleiner Abendsegler<\/li>\n<li>Fransenfledermaus<\/li>\n<li>Braunes Langohr<\/li>\n<li>Zwergfledermaus<\/li>\n<li>Rauhautfledermaus<\/li>\n<li>M\u00fcckenfledermaus<\/li>\n<li>Mopsfledermaus<\/li>\n<li>Wasserfledermaus<\/li>\n<\/ul>\n<p>In milden Wintern, m\u00f6gliche Nutzung durch:<\/p>\n<ul>\n<li>Zwergfledermaus<\/li>\n<li>Braunes Langohr<\/li>\n<\/ul>\n","protected":false},"excerpt":{"rendered":"<p>VK WS 14 Fledermaus-Baumkasten CJM | Vivara Pro<\/p>\n","protected":false},"featured_media":29290,"template":"","meta":{"_acf_changed":false,"_relevanssi_hide_post":"","_relevanssi_hide_content":"","_relevanssi_pin_for_all":"","_relevanssi_pin_keywords":"","_relevanssi_unpin_keywords":"","_relevanssi_related_keywords":"","_relevanssi_related_include_ids":"","_relevanssi_related_exclude_ids":"","_relevanssi_related_no_append":"","_relevanssi_related_not_related":"","_relevanssi_related_posts":"","_relevanssi_noindex_reason":""},"product_brand":[],"product_cat":[4603,4584,4600],"product_tag":[],"class_list":{"0":"post-9429","1":"product","2":"type-product","3":"status-publish","4":"has-post-thumbnail","6":"product_cat-baumkasten-fledermause","7":"product_cat-fledermause","8":"product_cat-wochenstube-fledermause","9":"pa_buitenmaat-b-x-h-x-d-cm-255-x-715-x-18-de","10":"pa_gewicht-kg-1245-de","11":"pa_materiaal-holzbeton","12":"pa_materiaal-voor-filter-holzbeton","13":"pa_soort-braunes-langohr","14":"pa_soort-breitflugelfledermaus","15":"pa_soort-fransenfledermaus","16":"pa_soort-kleine-bartfledermaus","17":"pa_soort-kleiner-abendsegler","18":"pa_soort-mopsfledermaus","19":"pa_soort-muckenfledermaus","20":"pa_soort-rauhautfledermaus","21":"pa_soort-teichfledermaus","22":"pa_soort-wasserfledermaus","23":"pa_soort-zwergfledermaus","24":"pa_soortgroep-fledermause","26":"first","27":"instock","28":"purchasable","29":"product-type-simple"},"acf":[],"_links":{"self":[{"href":"https:\/\/viva.ezxdemo.com\/de\/wp-json\/wp\/v2\/product\/9429","targetHints":{"allow":["GET"]}}],"collection":[{"href":"https:\/\/viva.ezxdemo.com\/de\/wp-json\/wp\/v2\/product"}],"about":[{"href":"https:\/\/viva.ezxdemo.com\/de\/wp-json\/wp\/v2\/types\/product"}],"wp:featuredmedia":[{"embeddable":true,"href":"https:\/\/viva.ezxdemo.com\/de\/wp-json\/wp\/v2\/media\/29290"}],"wp:attachment":[{"href":"https:\/\/viva.ezxdemo.com\/de\/wp-json\/wp\/v2\/media?parent=9429"}],"wp:term":[{"taxonomy":"product_brand","embeddable":true,"href":"https:\/\/viva.ezxdemo.com\/de\/wp-json\/wp\/v2\/product_brand?post=9429"},{"taxonomy":"product_cat","embeddable":true,"href":"https:\/\/viva.ezxdemo.com\/de\/wp-json\/wp\/v2\/product_cat?post=9429"},{"taxonomy":"product_tag","embeddable":true,"href":"https:\/\/viva.ezxdemo.com\/de\/wp-json\/wp\/v2\/product_tag?post=9429"}],"curies":[{"name":"wp","href":"https:\/\/api.w.org\/{rel}","templated":true}]}}