{"id":9430,"date":"2023-12-20T19:15:02","date_gmt":"2023-12-20T18:15:02","guid":{"rendered":"https:\/\/vivarapro.nl\/product\/nk-mu-10-haussperling-fassadennistkasten\/"},"modified":"2026-01-16T12:36:11","modified_gmt":"2026-01-16T11:36:11","slug":"nk-mu-10-haussperling-fassadennistkasten","status":"publish","type":"product","link":"https:\/\/viva.ezxdemo.com\/de\/produkt\/nk-mu-10-haussperling-fassadennistkasten\/","title":{"rendered":"NK MU 10 Haussperling Fassadennistkasten"},"content":{"rendered":"<p>Dieser h\u00f6lzerne Aufputz-Nistkasten f\u00fcr Haussperlinge eignet sich ideal als Ersatz- und Ausgleichsma\u00dfnahme f\u00fcr bestehende Brutpl\u00e4tze. Die Einflug\u00f6ffnung befindet sich auf der rechten Seite. Der Kasten l\u00e4sst sich optimal mit den Modellen <a href=\"https:\/\/www.vivarapro.de\/produkt\/nk-mu-11-haussperling-fassadennistkasten\/\" target=\"_blank\" rel=\"noopener\">NK MU 11<\/a> (Einflug\u00f6ffnung vorne) und <a href=\"https:\/\/www.vivarapro.de\/produkt\/nk-mu-12-haussperling-fassadennistkasten\/\" target=\"_blank\" rel=\"noopener\">NK MU 12<\/a> (Einflug\u00f6ffnung links) kombinieren.<\/p>\n<p>Da die drei Modelle ihre Einflug\u00f6ffnungen jeweils an unterschiedlichen Seiten haben, k\u00f6nnen sie n\u00e4her beieinander montiert werden, ohne dass es zu St\u00f6rungen kommt. Ein Mindestabstand von 25 cm zwischen den K\u00e4sten sollte dennoch eingehalten werden.<\/p>\n<p>Neben Haussperlingen wird der Nistkasten auch gerne von (Kohl-)Meisen angenommen. Er ist aus wetterfestem FSC-zertifiziertem Multiplex gefertigt und somit besonders robust.<\/p>\n<p>Der Nistkasten erf\u00fcllt alle Anforderungen des offiziellen Fachleitfadens zum Schutz des Haussperlings.<\/p>\n","protected":false},"excerpt":{"rendered":"<p>NK MU 10 Haussperling Fassadennistkasten | Vivara Pro<\/p>\n","protected":false},"featured_media":31279,"template":"","meta":{"_acf_changed":false,"_relevanssi_hide_post":"","_relevanssi_hide_content":"","_relevanssi_pin_for_all":"","_relevanssi_pin_keywords":"","_relevanssi_unpin_keywords":"","_relevanssi_related_keywords":"","_relevanssi_related_include_ids":"","_relevanssi_related_exclude_ids":"","_relevanssi_related_no_append":"","_relevanssi_related_not_related":"","_relevanssi_related_posts":"","_relevanssi_noindex_reason":""},"product_brand":[],"product_cat":[4601,4604,4586,4612,7870],"product_tag":[],"class_list":{"0":"post-9430","1":"product","2":"type-product","3":"status-publish","4":"has-post-thumbnail","6":"product_cat-fassadenkaesten","7":"product_cat-fassadenkaesten-haussperlinge","8":"product_cat-haussperlinge","9":"product_cat-nistkaesten-haussperlinge","10":"product_cat-nistkaesten","11":"pa_binnenmaat-b-x-h-x-d-cm-20-x-135-x-125-de","12":"pa_buitenmaat-b-x-h-x-d-cm-295-x-189-x-172-de","13":"pa_invliegopening-34-mm-de","14":"pa_materiaal-fichtenholz-fsc","15":"pa_materiaal-voor-filter-fsc-holz","16":"pa_soort-feldsperling","17":"pa_soort-haussperling","18":"pa_soortgroep-sperlingen","20":"first","21":"instock","22":"purchasable","23":"product-type-simple"},"acf":[],"_links":{"self":[{"href":"https:\/\/viva.ezxdemo.com\/de\/wp-json\/wp\/v2\/product\/9430","targetHints":{"allow":["GET"]}}],"collection":[{"href":"https:\/\/viva.ezxdemo.com\/de\/wp-json\/wp\/v2\/product"}],"about":[{"href":"https:\/\/viva.ezxdemo.com\/de\/wp-json\/wp\/v2\/types\/product"}],"wp:featuredmedia":[{"embeddable":true,"href":"https:\/\/viva.ezxdemo.com\/de\/wp-json\/wp\/v2\/media\/31279"}],"wp:attachment":[{"href":"https:\/\/viva.ezxdemo.com\/de\/wp-json\/wp\/v2\/media?parent=9430"}],"wp:term":[{"taxonomy":"product_brand","embeddable":true,"href":"https:\/\/viva.ezxdemo.com\/de\/wp-json\/wp\/v2\/product_brand?post=9430"},{"taxonomy":"product_cat","embeddable":true,"href":"https:\/\/viva.ezxdemo.com\/de\/wp-json\/wp\/v2\/product_cat?post=9430"},{"taxonomy":"product_tag","embeddable":true,"href":"https:\/\/viva.ezxdemo.com\/de\/wp-json\/wp\/v2\/product_tag?post=9430"}],"curies":[{"name":"wp","href":"https:\/\/api.w.org\/{rel}","templated":true}]}}