{"id":9431,"date":"2023-12-20T19:15:02","date_gmt":"2023-12-20T18:15:02","guid":{"rendered":"https:\/\/vivarapro.nl\/product\/vk-ws-16-fledermaus-baumkasten\/"},"modified":"2026-01-15T16:41:29","modified_gmt":"2026-01-15T15:41:29","slug":"vk-ws-16-fledermaus-baumkasten","status":"publish","type":"product","link":"https:\/\/viva.ezxdemo.com\/de\/produkt\/vk-ws-16-fledermaus-baumkasten\/","title":{"rendered":"VK WS 16 Fledermaus Baumkasten"},"content":{"rendered":"<p>Dieser Fledermauskasten ist ideal zum Aufhangen in B\u00e4umen, kann aber auch an einer Fassade angebracht werden. Der Kasten eignet sich besonders f\u00fcr den Gro\u00dfen Abendsegler und das Braune Langohr. Aber auch andere Fledermausarten k\u00f6nnen diesen Fledermauskasten nutzen. Das h\u00e4ngt davon ab, welche Arten vor Ort vorkommen und wo der Fledermauskasten aufgeh\u00e4ngt wird.<\/p>\n<p>Dieser Kasten ist als Sommer- und\/oder Paarungsquartier geeignet. In milden Wintern kann der Kasten auch als Unterschlupf dienen. Der Kasten ist aus 100% Holzbeton gefertigt.<\/p>\n","protected":false},"excerpt":{"rendered":"<p>VK WS 16 Fledermaus-Baumkasten | Vivara Pro<\/p>\n","protected":false},"featured_media":29329,"template":"","meta":{"_acf_changed":false,"_relevanssi_hide_post":"","_relevanssi_hide_content":"","_relevanssi_pin_for_all":"","_relevanssi_pin_keywords":"","_relevanssi_unpin_keywords":"","_relevanssi_related_keywords":"","_relevanssi_related_include_ids":"","_relevanssi_related_exclude_ids":"","_relevanssi_related_no_append":"","_relevanssi_related_not_related":"","_relevanssi_related_posts":"","_relevanssi_noindex_reason":""},"product_brand":[],"product_cat":[4603,4584,4600],"product_tag":[],"class_list":{"0":"post-9431","1":"product","2":"type-product","3":"status-publish","4":"has-post-thumbnail","6":"product_cat-baumkasten-fledermause","7":"product_cat-fledermause","8":"product_cat-wochenstube-fledermause","9":"pa_binnenmaat-b-x-h-x-d-cm-21-x-46-x-25-de","10":"pa_buitenmaat-b-x-h-x-d-cm-265-x-495-x-9-de","11":"pa_gewicht-kg-85-de","12":"pa_kleur-grun","13":"pa_materiaal-woodstone-de","14":"pa_materiaal-voor-filter-holzbeton","15":"pa_soort-breitflugelfledermaus","16":"pa_soort-fransenfledermaus","17":"pa_soort-groser-abendsegler","18":"pa_soort-groses-mausohr","19":"pa_soort-kleine-bartfledermaus","20":"pa_soort-rauhautfledermaus","21":"pa_soort-teichfledermaus","22":"pa_soort-wasserfledermaus","23":"pa_soortgroep-fledermause","25":"first","26":"instock","27":"purchasable","28":"product-type-simple"},"acf":[],"_links":{"self":[{"href":"https:\/\/viva.ezxdemo.com\/de\/wp-json\/wp\/v2\/product\/9431","targetHints":{"allow":["GET"]}}],"collection":[{"href":"https:\/\/viva.ezxdemo.com\/de\/wp-json\/wp\/v2\/product"}],"about":[{"href":"https:\/\/viva.ezxdemo.com\/de\/wp-json\/wp\/v2\/types\/product"}],"wp:featuredmedia":[{"embeddable":true,"href":"https:\/\/viva.ezxdemo.com\/de\/wp-json\/wp\/v2\/media\/29329"}],"wp:attachment":[{"href":"https:\/\/viva.ezxdemo.com\/de\/wp-json\/wp\/v2\/media?parent=9431"}],"wp:term":[{"taxonomy":"product_brand","embeddable":true,"href":"https:\/\/viva.ezxdemo.com\/de\/wp-json\/wp\/v2\/product_brand?post=9431"},{"taxonomy":"product_cat","embeddable":true,"href":"https:\/\/viva.ezxdemo.com\/de\/wp-json\/wp\/v2\/product_cat?post=9431"},{"taxonomy":"product_tag","embeddable":true,"href":"https:\/\/viva.ezxdemo.com\/de\/wp-json\/wp\/v2\/product_tag?post=9431"}],"curies":[{"name":"wp","href":"https:\/\/api.w.org\/{rel}","templated":true}]}}