{"id":9434,"date":"2023-12-20T19:15:02","date_gmt":"2023-12-20T18:15:02","guid":{"rendered":"https:\/\/vivarapro.nl\/product\/nk-bs-01-specht-nistkasten\/"},"modified":"2026-01-16T13:59:59","modified_gmt":"2026-01-16T12:59:59","slug":"nk-bs-01-specht-nistkasten","status":"publish","type":"product","link":"https:\/\/viva.ezxdemo.com\/de\/produkt\/nk-bs-01-specht-nistkasten\/","title":{"rendered":"NK BS 01 Specht Nistkasten"},"content":{"rendered":"<p>Spechte benutzen nicht gerne gew\u00f6hnliche Nistk\u00e4sten. Dieser Nistkasten aus Birkenst\u00e4mmen hat sich jedoch unter anderem f\u00fcr den Buntspecht als sehr attraktiv erwiesen. Der Kasten hat eine kleine vorgebohrte Einflug\u00f6ffnung, die der Specht selbst gr\u00f6\u00dfer hackt. Au\u00dferdem hat der Kasten einen dicken, festen Boden, in den die Spechte eine Nisth\u00f6hle graben, sobald sie Zugang haben.<\/p>\n<p>Der Kasten wird von den Spechten meinstens nur ein Jahr lang genutzt, da sie jedes Jahr eine neues Nest machen. Der benutzte Nistkasten bietet dann einen hervorragenden Nistplatz f\u00fcr andere V\u00f6gel wie Meisen, Stare oder Kleiber.<\/p>\n","protected":false},"excerpt":{"rendered":"<p>NK BS 01 Specht-Nistkasten | Attraktiver Brutplatz f\u00fcr Spechte, sp\u00e4ter ideal f\u00fcr Meisen &amp; Stare | aus Birkenstamm, robust und nat\u00fcrlich.<\/p>\n","protected":false},"featured_media":8667,"template":"","meta":{"_acf_changed":false,"_relevanssi_hide_post":"","_relevanssi_hide_content":"","_relevanssi_pin_for_all":"","_relevanssi_pin_keywords":"","_relevanssi_unpin_keywords":"","_relevanssi_related_keywords":"","_relevanssi_related_include_ids":"","_relevanssi_related_exclude_ids":"","_relevanssi_related_no_append":"","_relevanssi_related_not_related":"","_relevanssi_related_posts":"","_relevanssi_noindex_reason":""},"product_brand":[],"product_cat":[4624,4623,4589,7838,7870],"product_tag":[7306,7300,7302,7410,7409,7293],"class_list":{"0":"post-9434","1":"product","2":"type-product","3":"status-publish","4":"has-post-thumbnail","6":"product_cat-nistkasten-andere","7":"product_cat-nistkasten-fur-buntspechte","8":"product_cat-singvogel","9":"product_cat-nabu-empfohlen","10":"product_cat-nistkaesten","11":"product_tag-brutplatz","12":"product_tag-holz","13":"product_tag-nistkasten","14":"product_tag-specht","15":"product_tag-spechte","16":"product_tag-voegel","17":"pa_buitenmaat-b-x-h-x-d-cm-43-x-23-x-23-de","18":"pa_gewicht-kg-5-7-kg-variabel-de","19":"pa_kleur-birke-grun","20":"pa_materiaal-birke-fsc","21":"pa_materiaal-fichtenholz-fsc","22":"pa_materiaal-voor-filter-fsc-holz","23":"pa_soort-buntspecht","24":"pa_soortgroep-singvogel","26":"first","27":"instock","28":"purchasable","29":"product-type-simple"},"acf":[],"_links":{"self":[{"href":"https:\/\/viva.ezxdemo.com\/de\/wp-json\/wp\/v2\/product\/9434","targetHints":{"allow":["GET"]}}],"collection":[{"href":"https:\/\/viva.ezxdemo.com\/de\/wp-json\/wp\/v2\/product"}],"about":[{"href":"https:\/\/viva.ezxdemo.com\/de\/wp-json\/wp\/v2\/types\/product"}],"wp:featuredmedia":[{"embeddable":true,"href":"https:\/\/viva.ezxdemo.com\/de\/wp-json\/wp\/v2\/media\/8667"}],"wp:attachment":[{"href":"https:\/\/viva.ezxdemo.com\/de\/wp-json\/wp\/v2\/media?parent=9434"}],"wp:term":[{"taxonomy":"product_brand","embeddable":true,"href":"https:\/\/viva.ezxdemo.com\/de\/wp-json\/wp\/v2\/product_brand?post=9434"},{"taxonomy":"product_cat","embeddable":true,"href":"https:\/\/viva.ezxdemo.com\/de\/wp-json\/wp\/v2\/product_cat?post=9434"},{"taxonomy":"product_tag","embeddable":true,"href":"https:\/\/viva.ezxdemo.com\/de\/wp-json\/wp\/v2\/product_tag?post=9434"}],"curies":[{"name":"wp","href":"https:\/\/api.w.org\/{rel}","templated":true}]}}