{"id":9437,"date":"2023-12-20T19:10:55","date_gmt":"2023-12-20T18:10:55","guid":{"rendered":"https:\/\/vivarapro.nl\/product\/nk-ee-02-entenkorb\/"},"modified":"2026-02-03T16:24:16","modified_gmt":"2026-02-03T15:24:16","slug":"nk-ee-02-entenkorb","status":"publish","type":"product","link":"https:\/\/viva.ezxdemo.com\/de\/produkt\/nk-ee-02-entenkorb\/","title":{"rendered":"NK EE 02 Entenkorb"},"content":{"rendered":"<p>Dieser Brutkorb wird von Stockenten und Hausenten gerne als Nistplatz genutzt. Auch Teichrallen sind potenzielle Nutzer. Es gibt sogar F\u00e4lle, in denen Zwergs\u00e4ger erfolgreich in diesen Entenkorb aus Weide br\u00fcten. Der NK EE 02 ist ein etwas l\u00e4ngerer Korb, was bedeutet, dass das Nest etwas tiefer im Korb liegt. Dadurch ist das Nest besser gegen Raubtiere gesch\u00fctzt.<\/p>\n","protected":false},"excerpt":{"rendered":"<p>NK EE 02 Entenkorb | Vivara Pro | Langer Brutkorb f\u00fcr Enten aus Weide | sicheres Nest tiefer im Korb sch\u00fctzt effektiv vor Raubtieren.<\/p>\n","protected":false},"featured_media":8722,"template":"","meta":{"_acf_changed":false,"_relevanssi_hide_post":"","_relevanssi_hide_content":"","_relevanssi_pin_for_all":"","_relevanssi_pin_keywords":"","_relevanssi_unpin_keywords":"","_relevanssi_related_keywords":"","_relevanssi_related_include_ids":"","_relevanssi_related_exclude_ids":"","_relevanssi_related_no_append":"","_relevanssi_related_not_related":"","_relevanssi_related_posts":"","_relevanssi_noindex_reason":""},"product_brand":[],"product_cat":[4626,4590],"product_tag":[7289,7290,7299,7295,7300,7291,7294,7297,7293],"class_list":{"0":"post-9437","1":"product","2":"type-product","3":"status-publish","4":"has-post-thumbnail","6":"product_cat-nistplatze-fur-enten","7":"product_cat-vogel-in-wassernahe","8":"product_tag-ent","9":"product_tag-enten","10":"product_tag-entenkorb","11":"product_tag-hausenten","12":"product_tag-holz","13":"product_tag-korb","14":"product_tag-nistplatz","15":"product_tag-stockente","16":"product_tag-voegel","17":"pa_binnenmaat-b-x-h-x-d-cm-68-x-30-de","18":"pa_buitenmaat-b-x-h-x-d-cm-88-x-34-de","19":"pa_gewicht-kg-17-de","20":"pa_kleur-braun","21":"pa_materiaal-weide","22":"pa_materiaal-voor-filter-weide","23":"pa_soort-hausente","24":"pa_soort-stockente","25":"pa_soort-teichralle","26":"pa_soortgroep-wasservogel","28":"first","29":"instock","30":"purchasable","31":"product-type-simple"},"acf":[],"_links":{"self":[{"href":"https:\/\/viva.ezxdemo.com\/de\/wp-json\/wp\/v2\/product\/9437","targetHints":{"allow":["GET"]}}],"collection":[{"href":"https:\/\/viva.ezxdemo.com\/de\/wp-json\/wp\/v2\/product"}],"about":[{"href":"https:\/\/viva.ezxdemo.com\/de\/wp-json\/wp\/v2\/types\/product"}],"wp:featuredmedia":[{"embeddable":true,"href":"https:\/\/viva.ezxdemo.com\/de\/wp-json\/wp\/v2\/media\/8722"}],"wp:attachment":[{"href":"https:\/\/viva.ezxdemo.com\/de\/wp-json\/wp\/v2\/media?parent=9437"}],"wp:term":[{"taxonomy":"product_brand","embeddable":true,"href":"https:\/\/viva.ezxdemo.com\/de\/wp-json\/wp\/v2\/product_brand?post=9437"},{"taxonomy":"product_cat","embeddable":true,"href":"https:\/\/viva.ezxdemo.com\/de\/wp-json\/wp\/v2\/product_cat?post=9437"},{"taxonomy":"product_tag","embeddable":true,"href":"https:\/\/viva.ezxdemo.com\/de\/wp-json\/wp\/v2\/product_tag?post=9437"}],"curies":[{"name":"wp","href":"https:\/\/api.w.org\/{rel}","templated":true}]}}