{"id":9440,"date":"2023-12-20T19:10:55","date_gmt":"2023-12-20T18:10:55","guid":{"rendered":"https:\/\/vivarapro.nl\/product\/rk-bu-01-bussard-nistkorb\/"},"modified":"2026-02-03T12:49:11","modified_gmt":"2026-02-03T11:49:11","slug":"rk-bu-01-bussard-nistkorb","status":"publish","type":"product","link":"https:\/\/viva.ezxdemo.com\/de\/produkt\/rk-bu-01-bussard-nistkorb\/","title":{"rendered":"RK BU 01 Bussard Nestkorb"},"content":{"rendered":"<p>Dieser Nistkorb bietet eine Nistm\u00f6glichkeit f\u00fcr den M\u00e4usebussard. Au\u00dferdem wird dieser Nistkorb gerne vom Wespenbussarde und Habichte genutzt. Der Korb ist ein bew\u00e4hrtes Mittel als Ausgleichsma\u00dfnahme. Zum Bespiel wenn nat\u00fcrliche Nester durch das F\u00e4llen von B\u00e4umen verschwinden.<\/p>\n","protected":false},"excerpt":{"rendered":"<p>RK BU 01 Bussard-Nistkorb | Vivara Pro<\/p>\n","protected":false},"featured_media":8828,"template":"","meta":{"_acf_changed":false,"_relevanssi_hide_post":"","_relevanssi_hide_content":"","_relevanssi_pin_for_all":"","_relevanssi_pin_keywords":"","_relevanssi_unpin_keywords":"","_relevanssi_related_keywords":"","_relevanssi_related_include_ids":"","_relevanssi_related_exclude_ids":"","_relevanssi_related_no_append":"","_relevanssi_related_not_related":"","_relevanssi_related_posts":"","_relevanssi_noindex_reason":""},"product_brand":[],"product_cat":[4588,5101],"product_tag":[],"class_list":{"0":"post-9440","1":"product","2":"type-product","3":"status-publish","4":"has-post-thumbnail","6":"product_cat-unterkunft-fur-raubvogel","7":"product_cat-nisthilfen-fur-greifvogel-und-eulen","8":"pa_buitenmaat-b-x-h-x-d-cm-35-x-75-de","9":"pa_gewicht-kg-24-de","10":"pa_kleur-braun","11":"pa_materiaal-weide","12":"pa_materiaal-voor-filter-weide","13":"pa_soort-bussard","14":"pa_soort-falke","15":"pa_soort-raubseeschwalbe","16":"pa_soortgroep-raubvogel","18":"first","19":"instock","20":"purchasable","21":"product-type-simple"},"acf":[],"_links":{"self":[{"href":"https:\/\/viva.ezxdemo.com\/de\/wp-json\/wp\/v2\/product\/9440","targetHints":{"allow":["GET"]}}],"collection":[{"href":"https:\/\/viva.ezxdemo.com\/de\/wp-json\/wp\/v2\/product"}],"about":[{"href":"https:\/\/viva.ezxdemo.com\/de\/wp-json\/wp\/v2\/types\/product"}],"wp:featuredmedia":[{"embeddable":true,"href":"https:\/\/viva.ezxdemo.com\/de\/wp-json\/wp\/v2\/media\/8828"}],"wp:attachment":[{"href":"https:\/\/viva.ezxdemo.com\/de\/wp-json\/wp\/v2\/media?parent=9440"}],"wp:term":[{"taxonomy":"product_brand","embeddable":true,"href":"https:\/\/viva.ezxdemo.com\/de\/wp-json\/wp\/v2\/product_brand?post=9440"},{"taxonomy":"product_cat","embeddable":true,"href":"https:\/\/viva.ezxdemo.com\/de\/wp-json\/wp\/v2\/product_cat?post=9440"},{"taxonomy":"product_tag","embeddable":true,"href":"https:\/\/viva.ezxdemo.com\/de\/wp-json\/wp\/v2\/product_tag?post=9440"}],"curies":[{"name":"wp","href":"https:\/\/api.w.org\/{rel}","templated":true}]}}