{"id":9455,"date":"2023-12-20T19:10:55","date_gmt":"2023-12-20T18:10:55","guid":{"rendered":"https:\/\/vivarapro.nl\/product\/nk-gk-02-nistkasten-fuer-die-schafstelze\/"},"modified":"2026-02-03T12:40:59","modified_gmt":"2026-02-03T11:40:59","slug":"nk-gk-02-schafstelze-nistkasten","status":"publish","type":"product","link":"https:\/\/viva.ezxdemo.com\/de\/produkt\/nk-gk-02-schafstelze-nistkasten\/","title":{"rendered":"NK GK 02 Schafstelze Nistkasten"},"content":{"rendered":"<p>Die Schafstelze ist eine Art, die in den Niederlanden in der N\u00e4he von B\u00e4chen, Fl\u00fcssen und anderen Feuchtgebieten immer h\u00e4ufiger vorkommt. Dieser Nistkasten bietet eine geeignete und sichere Nistm\u00f6glichkeit f\u00fcr diese Art. In Gebieten, in denen Wasseramseln vorkommen, geh\u00f6ren auch sie zu den potenziellen Nutzern. Der Nistkasten ist aus 100% Holzbeton gefertigt.<\/p>\n","protected":false},"excerpt":{"rendered":"<p>NK GK 02 Nistkasten f\u00fcr die Schafstelze |\u00a0ideal f\u00fcr Schafstelzen &amp; Wasseramseln in feuchten Gebieten nahe Fl\u00fcssen und B\u00e4chen.<\/p>\n","protected":false},"featured_media":8795,"template":"","meta":{"_acf_changed":false,"_relevanssi_hide_post":"","_relevanssi_hide_content":"","_relevanssi_pin_for_all":"","_relevanssi_pin_keywords":"","_relevanssi_unpin_keywords":"","_relevanssi_related_keywords":"","_relevanssi_related_include_ids":"","_relevanssi_related_exclude_ids":"","_relevanssi_related_no_append":"","_relevanssi_related_not_related":"","_relevanssi_related_posts":"","_relevanssi_noindex_reason":""},"product_brand":[],"product_cat":[4590,4619,4620,4615,7838,7870],"product_tag":[],"class_list":{"0":"post-9455","1":"product","2":"type-product","3":"status-publish","4":"has-post-thumbnail","6":"product_cat-vogel-in-wassernahe","7":"product_cat-nistkasten-fur-bachstelzen","8":"product_cat-nistkasten-fur-gartenrotschwanze","9":"product_cat-stare","10":"product_cat-nabu-empfohlen","11":"product_cat-nistkaesten","12":"pa_binnenmaat-b-x-h-x-d-cm-12-x-15-x-16-de","13":"pa_buitenmaat-b-x-h-x-d-cm-17-x-20-x-31-de","14":"pa_gewicht-kg-56-de","15":"pa_kleur-grau","16":"pa_materiaal-woodstone-de","17":"pa_materiaal-voor-filter-holzbeton","18":"pa_soort-schafstelze","19":"pa_soort-wasseramsel","20":"pa_soortgroep-vogel-in-wassernahe","22":"first","23":"instock","24":"purchasable","25":"product-type-simple"},"acf":[],"_links":{"self":[{"href":"https:\/\/viva.ezxdemo.com\/de\/wp-json\/wp\/v2\/product\/9455","targetHints":{"allow":["GET"]}}],"collection":[{"href":"https:\/\/viva.ezxdemo.com\/de\/wp-json\/wp\/v2\/product"}],"about":[{"href":"https:\/\/viva.ezxdemo.com\/de\/wp-json\/wp\/v2\/types\/product"}],"wp:featuredmedia":[{"embeddable":true,"href":"https:\/\/viva.ezxdemo.com\/de\/wp-json\/wp\/v2\/media\/8795"}],"wp:attachment":[{"href":"https:\/\/viva.ezxdemo.com\/de\/wp-json\/wp\/v2\/media?parent=9455"}],"wp:term":[{"taxonomy":"product_brand","embeddable":true,"href":"https:\/\/viva.ezxdemo.com\/de\/wp-json\/wp\/v2\/product_brand?post=9455"},{"taxonomy":"product_cat","embeddable":true,"href":"https:\/\/viva.ezxdemo.com\/de\/wp-json\/wp\/v2\/product_cat?post=9455"},{"taxonomy":"product_tag","embeddable":true,"href":"https:\/\/viva.ezxdemo.com\/de\/wp-json\/wp\/v2\/product_tag?post=9455"}],"curies":[{"name":"wp","href":"https:\/\/api.w.org\/{rel}","templated":true}]}}