{"id":9456,"date":"2023-12-20T19:10:55","date_gmt":"2023-12-20T18:10:55","guid":{"rendered":"https:\/\/vivarapro.nl\/product\/uk-vd-01-steinkauzfreundliche-traenke\/"},"modified":"2026-02-03T12:55:57","modified_gmt":"2026-02-03T11:55:57","slug":"uk-vd-01-steinkauzfreundliche-traenke","status":"publish","type":"product","link":"https:\/\/viva.ezxdemo.com\/de\/produkt\/uk-vd-01-steinkauzfreundliche-traenke\/","title":{"rendered":"UK VD 01 Steinkauzfreundliche Tr\u00e4nke"},"content":{"rendered":"<p>Diese eulenfreundliche Tr\u00e4nke wird als Tr\u00e4nke f\u00fcr Nutztiere wie Schafe, Pferde und K\u00fche verwendet. Die Beh\u00e4lter k\u00f6nnen an einer oder mehreren Stellen im Hof oder auf der Weide aufgestellt werden. V\u00f6gel, darunter auch (junge) Steink\u00e4uze, nutzen h\u00e4ufig das Wasser, das in universellen Viehtr\u00e4nken angeboten wird. Dabei besteht die Gefahr, dass sie in den Trog fallen und ertrinken, da sie nicht herausklettern k\u00f6nnen. Diese Schale hat eine perforierte, lose Innenschale, aus der die Eule direkt herausklettern kann, wenn sie ins Wasser gefallen ist.<\/p>\n<p>Fassungsverm\u00f6gen: 65 Liter<\/p>\n","protected":false},"excerpt":{"rendered":"<p>UK VD 01 Steinkauzfreundliche Tr\u00e4nke | Eulenfreundliche Viehtr\u00e4nke mit Ausstiegshilfe | Sch\u00fctzt Steink\u00e4uze vor dem Ertrinken, 65 Liter Volumen<\/p>\n","protected":false},"featured_media":8867,"template":"","meta":{"_acf_changed":false,"_relevanssi_hide_post":"","_relevanssi_hide_content":"","_relevanssi_pin_for_all":"","_relevanssi_pin_keywords":"","_relevanssi_unpin_keywords":"","_relevanssi_related_keywords":"","_relevanssi_related_include_ids":"","_relevanssi_related_exclude_ids":"","_relevanssi_related_no_append":"","_relevanssi_related_not_related":"","_relevanssi_related_posts":"","_relevanssi_noindex_reason":""},"product_brand":[],"product_cat":[4638,4588,5101],"product_tag":[7273,7272,7277,7274,7276,7275],"class_list":{"0":"post-9456","1":"product","2":"type-product","3":"status-publish","4":"has-post-thumbnail","6":"product_cat-troege","7":"product_cat-unterkunft-fur-raubvogel","8":"product_cat-nisthilfen-fur-greifvogel-und-eulen","9":"product_tag-eule","10":"product_tag-eulen","11":"product_tag-steinkaeuze","12":"product_tag-traenke","13":"product_tag-wasser","14":"product_tag-wassertrog","15":"pa_binnenmaat-b-x-h-x-d-cm-32-x-48-de","16":"pa_buitenmaat-b-x-h-x-d-cm-35-x-59-de","17":"pa_gewicht-kg-33-de","18":"pa_kleur-schwarz","19":"pa_materiaal-kunststoff","20":"pa_soort-steinkauz","21":"pa_soortgroep-eulen","23":"first","24":"instock","25":"purchasable","26":"product-type-simple"},"acf":[],"_links":{"self":[{"href":"https:\/\/viva.ezxdemo.com\/de\/wp-json\/wp\/v2\/product\/9456","targetHints":{"allow":["GET"]}}],"collection":[{"href":"https:\/\/viva.ezxdemo.com\/de\/wp-json\/wp\/v2\/product"}],"about":[{"href":"https:\/\/viva.ezxdemo.com\/de\/wp-json\/wp\/v2\/types\/product"}],"wp:featuredmedia":[{"embeddable":true,"href":"https:\/\/viva.ezxdemo.com\/de\/wp-json\/wp\/v2\/media\/8867"}],"wp:attachment":[{"href":"https:\/\/viva.ezxdemo.com\/de\/wp-json\/wp\/v2\/media?parent=9456"}],"wp:term":[{"taxonomy":"product_brand","embeddable":true,"href":"https:\/\/viva.ezxdemo.com\/de\/wp-json\/wp\/v2\/product_brand?post=9456"},{"taxonomy":"product_cat","embeddable":true,"href":"https:\/\/viva.ezxdemo.com\/de\/wp-json\/wp\/v2\/product_cat?post=9456"},{"taxonomy":"product_tag","embeddable":true,"href":"https:\/\/viva.ezxdemo.com\/de\/wp-json\/wp\/v2\/product_tag?post=9456"}],"curies":[{"name":"wp","href":"https:\/\/api.w.org\/{rel}","templated":true}]}}