{"id":9457,"date":"2023-12-20T19:13:08","date_gmt":"2023-12-20T18:13:08","guid":{"rendered":"https:\/\/vivarapro.nl\/product\/nk-se-01-nistkasten-28mm-gruen\/"},"modified":"2026-01-16T13:34:02","modified_gmt":"2026-01-16T12:34:02","slug":"nk-se-01-nistkasten-28mm-gruen","status":"publish","type":"product","link":"https:\/\/viva.ezxdemo.com\/de\/produkt\/nk-se-01-nistkasten-28mm-gruen\/","title":{"rendered":"NK SE 01 Nistkasten 28mm (gr\u00fcn)"},"content":{"rendered":"<p>Dieser gr\u00fcne Nistkasten aus 100% Holzbeton mit Marderschutz bietet u.a. Blau- und Tannenmeisen Nistm\u00f6glichkeiten. Es sind drei Farben erh\u00e4ltlich: <a href=\"https:\/\/viva.ezxdemo.com\/de\/produkt\/nk-se-02-nistkasten-28mm-braun\/\">Gr\u00fcn<\/a>, <a href=\"https:\/\/viva.ezxdemo.com\/de\/produkt\/nk-se-03-nistkasten-28mm-grau\/\">Braun<\/a> und Grau.<\/p>\n<p>Wegen den Marderschutz k\u00f6nnen Marderartige und Waschb\u00e4ren nicht in den Nistkasten eindringen. So k\u00f6nnen die V\u00f6gel ungest\u00f6rt br\u00fcten und die Jungv\u00f6gel sicher ausfliegen.<\/p>\n","protected":false},"excerpt":{"rendered":"<p>NK SE 01 Nistkasten 28mm (gr\u00fcn) | gr\u00fcne Nistkasten aus 100% Holzbeton mit Marderschutz<\/p>\n","protected":false},"featured_media":32403,"template":"","meta":{"_acf_changed":false,"_relevanssi_hide_post":"","_relevanssi_hide_content":"","_relevanssi_pin_for_all":"","_relevanssi_pin_keywords":"","_relevanssi_unpin_keywords":"","_relevanssi_related_keywords":"","_relevanssi_related_include_ids":"","_relevanssi_related_exclude_ids":"","_relevanssi_related_no_append":"","_relevanssi_related_not_related":"","_relevanssi_related_posts":"","_relevanssi_noindex_reason":""},"product_brand":[],"product_cat":[4622,4589,7838,7870],"product_tag":[7322,7287,7280,7286,7323,7302,7293],"class_list":{"0":"post-9457","1":"product","2":"type-product","3":"status-publish","4":"has-post-thumbnail","6":"product_cat-nistkasten-fur-meisen","7":"product_cat-singvogel","8":"product_cat-nabu-empfohlen","9":"product_cat-nistkaesten","10":"product_tag-gruen","11":"product_tag-holzbeton","12":"product_tag-kast","13":"product_tag-kasten","14":"product_tag-marterschutz","15":"product_tag-nistkasten","16":"product_tag-voegel","17":"pa_binnenmaat-b-x-h-x-d-cm-12-x-24-x-12-de","18":"pa_buitenmaat-b-x-h-x-d-cm-21-x-305-x-19-de","19":"pa_gewicht-kg-ca-6-de","20":"pa_invliegopening-28mm-de","21":"pa_kleur-grun-weis","22":"pa_materiaal-woodstone-de","23":"pa_materiaal-voor-filter-holzbeton","24":"pa_soort-blaumeise","25":"pa_soort-tannenmeise","26":"pa_soortgroep-singvogel","28":"first","29":"instock","30":"purchasable","31":"product-type-simple"},"acf":[],"_links":{"self":[{"href":"https:\/\/viva.ezxdemo.com\/de\/wp-json\/wp\/v2\/product\/9457","targetHints":{"allow":["GET"]}}],"collection":[{"href":"https:\/\/viva.ezxdemo.com\/de\/wp-json\/wp\/v2\/product"}],"about":[{"href":"https:\/\/viva.ezxdemo.com\/de\/wp-json\/wp\/v2\/types\/product"}],"wp:featuredmedia":[{"embeddable":true,"href":"https:\/\/viva.ezxdemo.com\/de\/wp-json\/wp\/v2\/media\/32403"}],"wp:attachment":[{"href":"https:\/\/viva.ezxdemo.com\/de\/wp-json\/wp\/v2\/media?parent=9457"}],"wp:term":[{"taxonomy":"product_brand","embeddable":true,"href":"https:\/\/viva.ezxdemo.com\/de\/wp-json\/wp\/v2\/product_brand?post=9457"},{"taxonomy":"product_cat","embeddable":true,"href":"https:\/\/viva.ezxdemo.com\/de\/wp-json\/wp\/v2\/product_cat?post=9457"},{"taxonomy":"product_tag","embeddable":true,"href":"https:\/\/viva.ezxdemo.com\/de\/wp-json\/wp\/v2\/product_tag?post=9457"}],"curies":[{"name":"wp","href":"https:\/\/api.w.org\/{rel}","templated":true}]}}