{"id":9468,"date":"2023-12-20T19:13:08","date_gmt":"2023-12-20T18:13:08","guid":{"rendered":"https:\/\/vivarapro.nl\/product\/nk-se-07-nistkasten-oval-gruen\/"},"modified":"2025-09-15T09:48:42","modified_gmt":"2025-09-15T07:48:42","slug":"nk-se-07-nistkasten-oval-gruen","status":"publish","type":"product","link":"https:\/\/viva.ezxdemo.com\/de\/produkt\/nk-se-07-nistkasten-oval-gruen\/","title":{"rendered":"NK SE 07 Nistkasten oval (gr\u00fcn)"},"content":{"rendered":"<p>Dieser gr\u00fcne Nistkasten aus Holzbeton mit Marderschutz bietet unter anderem Haussperlingen, Feldsperlingen und Hausrotschw\u00e4nzen sowie Meisen, Kleibern und Trauerschn\u00e4ppern Nistm\u00f6glichkeiten. Drei Farben sind erh\u00e4ltlich: Gr\u00fcn, <a href=\"https:\/\/www.vivarapro.de\/produkt\/nk-se-08-nistkasten-oval-braun\/\" target=\"_blank\" rel=\"noopener\">Braun<\/a> und <a href=\"https:\/\/www.vivarapro.de\/produkt\/nk-se-09-nistkasten-oval-grau\/\" target=\"_blank\" rel=\"noopener\">Grau.<\/a><\/p>\n","protected":false},"excerpt":{"rendered":"<p>NK SE 07 Nistkasten oval (gr\u00fcn) | Hergestellt aus Holzbeton mit Marderschutz | bietet vielen Vogelarten sichere Brutpl\u00e4tze in drei Farben.<\/p>\n","protected":false},"featured_media":32664,"template":"","meta":{"_acf_changed":false,"_relevanssi_hide_post":"","_relevanssi_hide_content":"","_relevanssi_pin_for_all":"","_relevanssi_pin_keywords":"","_relevanssi_unpin_keywords":"","_relevanssi_related_keywords":"","_relevanssi_related_include_ids":"","_relevanssi_related_exclude_ids":"","_relevanssi_related_no_append":"","_relevanssi_related_not_related":"","_relevanssi_related_posts":"","_relevanssi_noindex_reason":""},"product_brand":[],"product_cat":[4601,4604,4586,4620,4612,4589,7838,7870],"product_tag":[7332,7322,7330,7331,7287,7286,7311,7329,7302,7333,7293],"class_list":{"0":"post-9468","1":"product","2":"type-product","3":"status-publish","4":"has-post-thumbnail","6":"product_cat-fassadenkaesten","7":"product_cat-fassadenkaesten-haussperlinge","8":"product_cat-haussperlinge","9":"product_cat-nistkasten-fur-gartenrotschwanze","10":"product_cat-nistkaesten-haussperlinge","11":"product_cat-singvogel","12":"product_cat-nabu-empfohlen","13":"product_cat-nistkaesten","14":"product_tag-feldsperlingen","15":"product_tag-gruen","16":"product_tag-hausrotschwaenzen","17":"product_tag-haussperlingen","18":"product_tag-holzbeton","19":"product_tag-kasten","20":"product_tag-marderschutz","21":"product_tag-meisen","22":"product_tag-nistkasten","23":"product_tag-trauerschnaeppern","24":"product_tag-voegel","25":"pa_binnenmaat-b-x-h-x-d-cm-12-x-24-x-12-de","26":"pa_buitenmaat-b-x-h-x-d-cm-21-x-305-x-19-de","27":"pa_gewicht-kg-ca-6-de","28":"pa_invliegopening-oval-de","29":"pa_kleur-grun-weis","30":"pa_materiaal-woodstone-de","31":"pa_materiaal-voor-filter-holzbeton","32":"pa_soort-gartenrotschwanz","33":"pa_soort-haussperling","34":"pa_soortgroep-singvogel","36":"first","37":"instock","38":"purchasable","39":"product-type-simple"},"acf":[],"_links":{"self":[{"href":"https:\/\/viva.ezxdemo.com\/de\/wp-json\/wp\/v2\/product\/9468","targetHints":{"allow":["GET"]}}],"collection":[{"href":"https:\/\/viva.ezxdemo.com\/de\/wp-json\/wp\/v2\/product"}],"about":[{"href":"https:\/\/viva.ezxdemo.com\/de\/wp-json\/wp\/v2\/types\/product"}],"wp:featuredmedia":[{"embeddable":true,"href":"https:\/\/viva.ezxdemo.com\/de\/wp-json\/wp\/v2\/media\/32664"}],"wp:attachment":[{"href":"https:\/\/viva.ezxdemo.com\/de\/wp-json\/wp\/v2\/media?parent=9468"}],"wp:term":[{"taxonomy":"product_brand","embeddable":true,"href":"https:\/\/viva.ezxdemo.com\/de\/wp-json\/wp\/v2\/product_brand?post=9468"},{"taxonomy":"product_cat","embeddable":true,"href":"https:\/\/viva.ezxdemo.com\/de\/wp-json\/wp\/v2\/product_cat?post=9468"},{"taxonomy":"product_tag","embeddable":true,"href":"https:\/\/viva.ezxdemo.com\/de\/wp-json\/wp\/v2\/product_tag?post=9468"}],"curies":[{"name":"wp","href":"https:\/\/api.w.org\/{rel}","templated":true}]}}