{"id":9470,"date":"2023-12-20T19:13:08","date_gmt":"2023-12-20T18:13:08","guid":{"rendered":"https:\/\/vivarapro.nl\/product\/nk-ba-03-nistkasten-offen-grau\/"},"modified":"2026-01-16T13:48:31","modified_gmt":"2026-01-16T12:48:31","slug":"nk-ba-03-nistkasten-offen-grau","status":"publish","type":"product","link":"https:\/\/viva.ezxdemo.com\/de\/produkt\/nk-ba-03-nistkasten-offen-grau\/","title":{"rendered":"NK BA 03 Nistkasten offen (grau)"},"content":{"rendered":"<p>Dieser graue, halboffene Nistkasten aus 100% Holzbeton bietet unter anderem Rotkehlchen, Gartenrotschwanz, Hausrotschwanz, Grauschn\u00e4pper und Bachstelze Nistm\u00f6glichkeiten. Das h\u00e4ngt davon ab, wo der Nistkasten angebracht wird. Drei Farben sind erh\u00e4ltlich: <a href=\"https:\/\/www.vivarapro.de\/produkt\/nk-ba-01-nistkasten-offen-gruen\/\" target=\"_blank\" rel=\"noopener\">Gr\u00fcn,<\/a> <a href=\"https:\/\/www.vivarapro.de\/produkt\/nk-ba-02-nistkasten-offen-braun\/\" target=\"_blank\" rel=\"noopener\">Braun<\/a> und Grau.<\/p>\n","protected":false},"excerpt":{"rendered":"<p>NK BA 03 Nistkasten offen (grau) | Bietet V\u00f6geln wie Rotkehlchen &amp; Bachstelze sicheren Nistplatz | wetterfest und nachhaltig.<\/p>\n","protected":false},"featured_media":8781,"template":"","meta":{"_acf_changed":false,"_relevanssi_hide_post":"","_relevanssi_hide_content":"","_relevanssi_pin_for_all":"","_relevanssi_pin_keywords":"","_relevanssi_unpin_keywords":"","_relevanssi_related_keywords":"","_relevanssi_related_include_ids":"","_relevanssi_related_exclude_ids":"","_relevanssi_related_no_append":"","_relevanssi_related_not_related":"","_relevanssi_related_posts":"","_relevanssi_noindex_reason":""},"product_brand":[],"product_cat":[4624,4619,4620,4589,7838,7870],"product_tag":[7407,7306,7403,7313,7404,7287,7286,7302,7402,7408,7293],"class_list":{"0":"post-9470","1":"product","2":"type-product","3":"status-publish","4":"has-post-thumbnail","6":"product_cat-nistkasten-andere","7":"product_cat-nistkasten-fur-bachstelzen","8":"product_cat-nistkasten-fur-gartenrotschwanze","9":"product_cat-singvogel","10":"product_cat-nabu-empfohlen","11":"product_cat-nistkaesten","12":"product_tag-bachstelze","13":"product_tag-brutplatz","14":"product_tag-gartenrotschwanz","15":"product_tag-grau","16":"product_tag-hausrotschwanz","17":"product_tag-holzbeton","18":"product_tag-kasten","19":"product_tag-nistkasten","20":"product_tag-rotkehlchen","21":"product_tag-trauerschnaeppe","22":"product_tag-voegel","23":"pa_binnenmaat-b-x-h-x-d-cm-11-x-19-x-12-de","24":"pa_buitenmaat-b-x-h-x-d-cm-19-x-255-x-17-de","25":"pa_gewicht-kg-ca-3-55","26":"pa_invliegopening-offen","27":"pa_kleur-grau-weis","28":"pa_materiaal-woodstone-de","29":"pa_materiaal-voor-filter-holzbeton","30":"pa_soort-bachstelze","31":"pa_soort-gartenrotschwanz","32":"pa_soort-grauschnapper","33":"pa_soort-hausrotschwanz","34":"pa_soort-rotkehlchen","35":"pa_soortgroep-singvogel","37":"first","38":"instock","39":"purchasable","40":"product-type-simple"},"acf":[],"_links":{"self":[{"href":"https:\/\/viva.ezxdemo.com\/de\/wp-json\/wp\/v2\/product\/9470","targetHints":{"allow":["GET"]}}],"collection":[{"href":"https:\/\/viva.ezxdemo.com\/de\/wp-json\/wp\/v2\/product"}],"about":[{"href":"https:\/\/viva.ezxdemo.com\/de\/wp-json\/wp\/v2\/types\/product"}],"wp:featuredmedia":[{"embeddable":true,"href":"https:\/\/viva.ezxdemo.com\/de\/wp-json\/wp\/v2\/media\/8781"}],"wp:attachment":[{"href":"https:\/\/viva.ezxdemo.com\/de\/wp-json\/wp\/v2\/media?parent=9470"}],"wp:term":[{"taxonomy":"product_brand","embeddable":true,"href":"https:\/\/viva.ezxdemo.com\/de\/wp-json\/wp\/v2\/product_brand?post=9470"},{"taxonomy":"product_cat","embeddable":true,"href":"https:\/\/viva.ezxdemo.com\/de\/wp-json\/wp\/v2\/product_cat?post=9470"},{"taxonomy":"product_tag","embeddable":true,"href":"https:\/\/viva.ezxdemo.com\/de\/wp-json\/wp\/v2\/product_tag?post=9470"}],"curies":[{"name":"wp","href":"https:\/\/api.w.org\/{rel}","templated":true}]}}