{"id":9471,"date":"2023-12-20T19:10:55","date_gmt":"2023-12-20T18:10:55","guid":{"rendered":"https:\/\/vivarapro.nl\/product\/zk-ee-01-eichhoernchenkasten\/"},"modified":"2025-09-15T10:22:56","modified_gmt":"2025-09-15T08:22:56","slug":"zk-ee-01-eichhoernchenkasten","status":"publish","type":"product","link":"https:\/\/viva.ezxdemo.com\/de\/produkt\/zk-ee-01-eichhoernchenkasten\/","title":{"rendered":"ZK EE 01 Eichh\u00f6rnchenkasten"},"content":{"rendered":"<p>Dieser gr\u00fcne Eichh\u00f6rnchenkasten, der mit Hilfe der niederl\u00e4ndischen Stiftung f\u00fcr Eichh\u00f6rnchenschutz (Stichting Eekhoornopvang Nederland) gebaut wurde, dient dem roten Eichh\u00f6rnchen als Nistkasten, aber auch als \u00dcberwinterungskasten. Der Eichh\u00f6rnchenkasten hat einen breiten Eingang. So kann das Eichh\u00f6rnchen mit einem Jungtier im Maul hinein- und hinausklettern. Der zus\u00e4tzliche Rand gibt den Eichh\u00f6rnchen mehr Halt, wenn sie den Kasten betreten. Manchmal nutzen auch Hohltauben diesen Kasten. Der Kasten ist aus Multiplex gefertigt und mit einem Lack auf Wasserbasis lackiert. Das Dach ist mit einer Dachabdichtung versehen.<\/p>\n","protected":false},"excerpt":{"rendered":"<p>ZK EE 01 Eichh\u00f6rnchenkasten | Gr\u00fcner Eichh\u00f6rnchenkasten aus Multiplex | Ideal zum Nisten und \u00dcberwintern f\u00fcr euratisches Eichh\u00f6rnchen.<\/p>\n","protected":false},"featured_media":8871,"template":"","meta":{"_acf_changed":false,"_relevanssi_hide_post":"","_relevanssi_hide_content":"","_relevanssi_pin_for_all":"","_relevanssi_pin_keywords":"","_relevanssi_unpin_keywords":"","_relevanssi_related_keywords":"","_relevanssi_related_include_ids":"","_relevanssi_related_exclude_ids":"","_relevanssi_related_no_append":"","_relevanssi_related_not_related":"","_relevanssi_related_posts":"","_relevanssi_noindex_reason":""},"product_brand":[],"product_cat":[4628,4594,7838],"product_tag":[7338,7339,7322,7286,7337,7302,7340],"class_list":{"0":"post-9471","1":"product","2":"type-product","3":"status-publish","4":"has-post-thumbnail","6":"product_cat-eichhornchengehege","7":"product_cat-saugetiere","8":"product_cat-nabu-empfohlen","9":"product_tag-eichhoern","10":"product_tag-eichhoernchenkasten","11":"product_tag-gruen","12":"product_tag-kasten","13":"product_tag-multiplex","14":"product_tag-nistkasten","15":"product_tag-ueberwinterung","16":"pa_binnenmaat-b-x-h-x-d-cm-275-x-40-x-275-de","17":"pa_buitenmaat-b-x-h-x-d-cm-39-x-435-x-38-de","18":"pa_gewicht-kg-67-de","19":"pa_kleur-grun","20":"pa_materiaal-bedachung","21":"pa_materiaal-sperrholz-fsc","22":"pa_materiaal-voor-filter-fsc-holz","23":"pa_soort-euratisches-eichhoernchen","24":"pa_soortgroep-saugetiere","26":"first","27":"instock","28":"purchasable","29":"product-type-simple"},"acf":[],"_links":{"self":[{"href":"https:\/\/viva.ezxdemo.com\/de\/wp-json\/wp\/v2\/product\/9471","targetHints":{"allow":["GET"]}}],"collection":[{"href":"https:\/\/viva.ezxdemo.com\/de\/wp-json\/wp\/v2\/product"}],"about":[{"href":"https:\/\/viva.ezxdemo.com\/de\/wp-json\/wp\/v2\/types\/product"}],"wp:featuredmedia":[{"embeddable":true,"href":"https:\/\/viva.ezxdemo.com\/de\/wp-json\/wp\/v2\/media\/8871"}],"wp:attachment":[{"href":"https:\/\/viva.ezxdemo.com\/de\/wp-json\/wp\/v2\/media?parent=9471"}],"wp:term":[{"taxonomy":"product_brand","embeddable":true,"href":"https:\/\/viva.ezxdemo.com\/de\/wp-json\/wp\/v2\/product_brand?post=9471"},{"taxonomy":"product_cat","embeddable":true,"href":"https:\/\/viva.ezxdemo.com\/de\/wp-json\/wp\/v2\/product_cat?post=9471"},{"taxonomy":"product_tag","embeddable":true,"href":"https:\/\/viva.ezxdemo.com\/de\/wp-json\/wp\/v2\/product_tag?post=9471"}],"curies":[{"name":"wp","href":"https:\/\/api.w.org\/{rel}","templated":true}]}}