{"id":9480,"date":"2023-12-20T19:10:55","date_gmt":"2023-12-20T18:10:55","guid":{"rendered":"https:\/\/vivarapro.nl\/product\/nk-ij-01-nistkasten-fuer-den-eisvogel\/"},"modified":"2026-02-03T12:42:55","modified_gmt":"2026-02-03T11:42:55","slug":"nk-ij-01-eisvogelnistkasten","status":"publish","type":"product","link":"https:\/\/viva.ezxdemo.com\/de\/produkt\/nk-ij-01-eisvogelnistkasten\/","title":{"rendered":"NK IJ 01 Eisvogelnistkasten"},"content":{"rendered":"<p>Eisv\u00f6gel graben Nisth\u00f6hlen in Steilufern, meist direkt am Wasser. Dieser Nistkasten schafft einen k\u00fcnstlichen Nistplatz an einem Ort, an dem es keine guten Bedingungen f\u00fcr ein nat\u00fcrliches Nest gibt. Der Nistkasten wird komplett in einer selbstgebauten Steilwand eingegraben.<\/p>\n","protected":false},"excerpt":{"rendered":"<p>NK IJ 01 Nistkasten f\u00fcr den Eisvogel | \u00a0ideal in Ufern\u00e4he, komplett in eine Steilwand eingrabbar<\/p>\n","protected":false},"featured_media":16932,"template":"","meta":{"_acf_changed":false,"_relevanssi_hide_post":"","_relevanssi_hide_content":"","_relevanssi_pin_for_all":"","_relevanssi_pin_keywords":"","_relevanssi_unpin_keywords":"","_relevanssi_related_keywords":"","_relevanssi_related_include_ids":"","_relevanssi_related_exclude_ids":"","_relevanssi_related_no_append":"","_relevanssi_related_not_related":"","_relevanssi_related_posts":"","_relevanssi_noindex_reason":""},"product_brand":[],"product_cat":[4625,4590,7838,7870],"product_tag":[7303,7280,7301,7302],"class_list":{"0":"post-9480","1":"product","2":"type-product","3":"status-publish","4":"has-post-thumbnail","6":"product_cat-nistkasten-fur-eisvogel","7":"product_cat-vogel-in-wassernahe","8":"product_cat-nabu-empfohlen","9":"product_cat-nistkaesten","10":"product_tag-eisvogel","11":"product_tag-kast","12":"product_tag-nistkast","13":"product_tag-nistkasten","14":"pa_buitenmaat-b-x-h-x-d-cm-28-x-17-x-805-nest-de","15":"pa_gewicht-kg-93-de","16":"pa_kleur-grau","17":"pa_materiaal-woodstone-de","18":"pa_materiaal-voor-filter-holzbeton","19":"pa_soort-eisvogel","20":"pa_soortgroep-vogel-in-wassernahe","22":"first","23":"instock","24":"purchasable","25":"product-type-simple"},"acf":[],"_links":{"self":[{"href":"https:\/\/viva.ezxdemo.com\/de\/wp-json\/wp\/v2\/product\/9480","targetHints":{"allow":["GET"]}}],"collection":[{"href":"https:\/\/viva.ezxdemo.com\/de\/wp-json\/wp\/v2\/product"}],"about":[{"href":"https:\/\/viva.ezxdemo.com\/de\/wp-json\/wp\/v2\/types\/product"}],"wp:featuredmedia":[{"embeddable":true,"href":"https:\/\/viva.ezxdemo.com\/de\/wp-json\/wp\/v2\/media\/16932"}],"wp:attachment":[{"href":"https:\/\/viva.ezxdemo.com\/de\/wp-json\/wp\/v2\/media?parent=9480"}],"wp:term":[{"taxonomy":"product_brand","embeddable":true,"href":"https:\/\/viva.ezxdemo.com\/de\/wp-json\/wp\/v2\/product_brand?post=9480"},{"taxonomy":"product_cat","embeddable":true,"href":"https:\/\/viva.ezxdemo.com\/de\/wp-json\/wp\/v2\/product_cat?post=9480"},{"taxonomy":"product_tag","embeddable":true,"href":"https:\/\/viva.ezxdemo.com\/de\/wp-json\/wp\/v2\/product_tag?post=9480"}],"curies":[{"name":"wp","href":"https:\/\/api.w.org\/{rel}","templated":true}]}}