{"id":9485,"date":"2023-12-20T19:10:55","date_gmt":"2023-12-20T18:10:55","guid":{"rendered":"https:\/\/vivarapro.nl\/product\/zk-em-01-igel-und-otter-box\/"},"modified":"2025-09-15T10:35:54","modified_gmt":"2025-09-15T08:35:54","slug":"zk-em-01-igel-und-marder-kasten","status":"publish","type":"product","link":"https:\/\/viva.ezxdemo.com\/de\/produkt\/zk-em-01-igel-und-marder-kasten\/","title":{"rendered":"ZK EM 01 Igel und Marderkasten"},"content":{"rendered":"<p>Dieser Unterschlupf besteht vollst\u00e4ndig aus Holzbeton und eignet sich sowohl f\u00fcr Igel als auch f\u00fcr verschiedene Marderarten. Da sich diese Tiere gerne unter Ast- oder Laubhaufen zur\u00fcckziehen, bietet der Igel- und Marderkasten eine sichere und trockene Alternative, die Schutz und Ruhe gew\u00e4hrleistet.<\/p>\n","protected":false},"excerpt":{"rendered":"<p>ZK EM 01 Igel und Marder-kasten | Holzbeton Unterschlupf f\u00fcr Igel und Marder | bietet sicheren, trockenen R\u00fcckzugsort statt Ast- oder Laubhaufen.<\/p>\n","protected":false},"featured_media":8844,"template":"","meta":{"_acf_changed":false,"_relevanssi_hide_post":"","_relevanssi_hide_content":"","_relevanssi_pin_for_all":"","_relevanssi_pin_keywords":"","_relevanssi_unpin_keywords":"","_relevanssi_related_keywords":"","_relevanssi_related_include_ids":"","_relevanssi_related_exclude_ids":"","_relevanssi_related_no_append":"","_relevanssi_related_not_related":"","_relevanssi_related_posts":"","_relevanssi_noindex_reason":""},"product_brand":[],"product_cat":[4629,4594,4630,7838],"product_tag":[7325,7287,7342,7286,7319,7341],"class_list":{"0":"post-9485","1":"product","2":"type-product","3":"status-publish","4":"has-post-thumbnail","6":"product_cat-igel-unterkunfte","7":"product_cat-saugetiere","8":"product_cat-unterkunft-fur-marder","9":"product_cat-nabu-empfohlen","10":"product_tag-braun","11":"product_tag-holzbeton","12":"product_tag-igel","13":"product_tag-kasten","14":"product_tag-marder","15":"product_tag-unterschlupf","16":"pa_buitenmaat-b-x-h-x-d-cm-60-x-30-x-60-de","17":"pa_gewicht-kg-15-de-2","18":"pa_kleur-grau-schwarz","19":"pa_materiaal-woodstone-de","20":"pa_materiaal-voor-filter-holzbeton","21":"pa_soort-baummarder","22":"pa_soort-igel","23":"pa_soort-steinmarder","24":"pa_soortgroep-saugetiere","26":"first","27":"instock","28":"purchasable","29":"product-type-simple"},"acf":[],"_links":{"self":[{"href":"https:\/\/viva.ezxdemo.com\/de\/wp-json\/wp\/v2\/product\/9485","targetHints":{"allow":["GET"]}}],"collection":[{"href":"https:\/\/viva.ezxdemo.com\/de\/wp-json\/wp\/v2\/product"}],"about":[{"href":"https:\/\/viva.ezxdemo.com\/de\/wp-json\/wp\/v2\/types\/product"}],"wp:featuredmedia":[{"embeddable":true,"href":"https:\/\/viva.ezxdemo.com\/de\/wp-json\/wp\/v2\/media\/8844"}],"wp:attachment":[{"href":"https:\/\/viva.ezxdemo.com\/de\/wp-json\/wp\/v2\/media?parent=9485"}],"wp:term":[{"taxonomy":"product_brand","embeddable":true,"href":"https:\/\/viva.ezxdemo.com\/de\/wp-json\/wp\/v2\/product_brand?post=9485"},{"taxonomy":"product_cat","embeddable":true,"href":"https:\/\/viva.ezxdemo.com\/de\/wp-json\/wp\/v2\/product_cat?post=9485"},{"taxonomy":"product_tag","embeddable":true,"href":"https:\/\/viva.ezxdemo.com\/de\/wp-json\/wp\/v2\/product_tag?post=9485"}],"curies":[{"name":"wp","href":"https:\/\/api.w.org\/{rel}","templated":true}]}}