{"id":9486,"date":"2023-12-20T19:13:08","date_gmt":"2023-12-20T18:13:08","guid":{"rendered":"https:\/\/vivarapro.nl\/product\/nk-se-03-nistkasten-28mm-grau\/"},"modified":"2026-01-16T13:07:58","modified_gmt":"2026-01-16T12:07:58","slug":"nk-se-03-nistkasten-28mm-grau","status":"publish","type":"product","link":"https:\/\/viva.ezxdemo.com\/de\/produkt\/nk-se-03-nistkasten-28mm-grau\/","title":{"rendered":"NK SE 03 Nistkasten 28mm (grau)"},"content":{"rendered":"<p>Dieser graue Nistkasten aus 100% Holzbeton mit Marderschutz bietet u.a. Blaumeisen und Tannenmeise Nistm\u00f6glichkeiten. Drei Farben sind erh\u00e4ltlich: <a href=\"https:\/\/www.vivarapro.de\/produkt\/nk-se-01-nistkasten-28mm-gruen\/\" target=\"_blank\" rel=\"noopener\">gr\u00fcn<\/a>, <a href=\"https:\/\/www.vivarapro.de\/produkt\/nk-se-02-nistkasten-28mm-braun\/\" target=\"_blank\" rel=\"noopener\">braun<\/a> und grau.<\/p>\n<p>Wegen den Marderschutz k\u00f6nnen Marderartige und Waschb\u00e4ren nicht in den Nistkasten eindringen. So k\u00f6nnen die V\u00f6gel ungest\u00f6rt br\u00fcten und die Jungv\u00f6gel sicher ausfliegen.<\/p>\n","protected":false},"excerpt":{"rendered":"<p>NK SE 03 Nistkasten 28mm (grau) | Nistkasten aus Holzbeton mit Marderschutz | ideal f\u00fcr Meisen, bietet sicheren und ungest\u00f6rten Brutplatz.<\/p>\n","protected":false},"featured_media":32500,"template":"","meta":{"_acf_changed":false,"_relevanssi_hide_post":"","_relevanssi_hide_content":"","_relevanssi_pin_for_all":"","_relevanssi_pin_keywords":"","_relevanssi_unpin_keywords":"","_relevanssi_related_keywords":"","_relevanssi_related_include_ids":"","_relevanssi_related_exclude_ids":"","_relevanssi_related_no_append":"","_relevanssi_related_not_related":"","_relevanssi_related_posts":"","_relevanssi_noindex_reason":""},"product_brand":[],"product_cat":[4622,4589,7838,7870],"product_tag":[7313,7327,7328,7302,7320,7293],"class_list":{"0":"post-9486","1":"product","2":"type-product","3":"status-publish","4":"has-post-thumbnail","6":"product_cat-nistkasten-fur-meisen","7":"product_cat-singvogel","8":"product_cat-nabu-empfohlen","9":"product_cat-nistkaesten","10":"product_tag-grau","11":"product_tag-holzneton","12":"product_tag-marter","13":"product_tag-nistkasten","14":"product_tag-schutz","15":"product_tag-voegel","16":"pa_binnenmaat-b-x-h-x-d-cm-12-x-24-x-12-de","17":"pa_buitenmaat-b-x-h-x-d-cm-21-x-305-x-19-de","18":"pa_gewicht-kg-ca-6-de","19":"pa_invliegopening-28mm-de","20":"pa_kleur-grau-weis","21":"pa_materiaal-woodstone-de","22":"pa_materiaal-voor-filter-holzbeton","23":"pa_soort-blaumeise","24":"pa_soort-tannenmeise","25":"pa_soortgroep-singvogel","27":"first","28":"instock","29":"purchasable","30":"product-type-simple"},"acf":[],"_links":{"self":[{"href":"https:\/\/viva.ezxdemo.com\/de\/wp-json\/wp\/v2\/product\/9486","targetHints":{"allow":["GET"]}}],"collection":[{"href":"https:\/\/viva.ezxdemo.com\/de\/wp-json\/wp\/v2\/product"}],"about":[{"href":"https:\/\/viva.ezxdemo.com\/de\/wp-json\/wp\/v2\/types\/product"}],"wp:featuredmedia":[{"embeddable":true,"href":"https:\/\/viva.ezxdemo.com\/de\/wp-json\/wp\/v2\/media\/32500"}],"wp:attachment":[{"href":"https:\/\/viva.ezxdemo.com\/de\/wp-json\/wp\/v2\/media?parent=9486"}],"wp:term":[{"taxonomy":"product_brand","embeddable":true,"href":"https:\/\/viva.ezxdemo.com\/de\/wp-json\/wp\/v2\/product_brand?post=9486"},{"taxonomy":"product_cat","embeddable":true,"href":"https:\/\/viva.ezxdemo.com\/de\/wp-json\/wp\/v2\/product_cat?post=9486"},{"taxonomy":"product_tag","embeddable":true,"href":"https:\/\/viva.ezxdemo.com\/de\/wp-json\/wp\/v2\/product_tag?post=9486"}],"curies":[{"name":"wp","href":"https:\/\/api.w.org\/{rel}","templated":true}]}}