{"id":9489,"date":"2023-12-20T19:10:55","date_gmt":"2023-12-20T18:10:55","guid":{"rendered":"https:\/\/vivarapro.nl\/product\/nk-ee-01-entenkorb\/"},"modified":"2026-02-03T16:22:37","modified_gmt":"2026-02-03T15:22:37","slug":"nk-ee-01-entenkorb","status":"publish","type":"product","link":"https:\/\/viva.ezxdemo.com\/de\/produkt\/nk-ee-01-entenkorb\/","title":{"rendered":"NK EE 01 Entenkorb"},"content":{"rendered":"<p>Dieser Brutkorb wird von Stockenten und Hausenten gerne als Nistplatz genutzt. Auch Teichrallen sind potenzielle Nutzer. Es gibt sogar F\u00e4lle, in denen Zwergs\u00e4ger erfolgreich in diesen Entenkorb aus Weide br\u00fcten. Der NK EE 01 ist ein kurzer Korb mit einer Landeplattform an der Vorderseite, damit die V\u00f6gel den Korb leicht erreichen k\u00f6nnen.<\/p>\n","protected":false},"excerpt":{"rendered":"<p>NK EE 01 Entenkorb | Stabiler Brutkorb f\u00fcr Enten &amp; Teichrallen aus Weide mit Landeplattform \u2013 idealer Nistplatz auf Inseln oder am Ufer.<\/p>\n","protected":false},"featured_media":8794,"template":"","meta":{"_acf_changed":false,"_relevanssi_hide_post":"","_relevanssi_hide_content":"","_relevanssi_pin_for_all":"","_relevanssi_pin_keywords":"","_relevanssi_unpin_keywords":"","_relevanssi_related_keywords":"","_relevanssi_related_include_ids":"","_relevanssi_related_exclude_ids":"","_relevanssi_related_no_append":"","_relevanssi_related_not_related":"","_relevanssi_related_posts":"","_relevanssi_noindex_reason":""},"product_brand":[],"product_cat":[4626,4590],"product_tag":[7292,7289,7290,7295,7291,7294,7297,7298,7293,7296],"class_list":{"0":"post-9489","1":"product","2":"type-product","3":"status-publish","4":"has-post-thumbnail","6":"product_cat-nistplatze-fur-enten","7":"product_cat-vogel-in-wassernahe","8":"product_tag-brut","9":"product_tag-ent","10":"product_tag-enten","11":"product_tag-hausenten","12":"product_tag-korb","13":"product_tag-nistplatz","14":"product_tag-stockente","15":"product_tag-teichralle","16":"product_tag-voegel","17":"product_tag-wildente","18":"pa_binnenmaat-b-x-h-x-d-cm-55-x-24-de","19":"pa_buitenmaat-b-x-h-x-d-cm-80-x-28-de","20":"pa_gewicht-kg-12-de","21":"pa_kleur-braun","22":"pa_materiaal-weide","23":"pa_materiaal-voor-filter-weide","24":"pa_soort-hausente","25":"pa_soort-stockente","26":"pa_soort-teichralle","27":"pa_soortgroep-wasservogel","29":"first","30":"instock","31":"purchasable","32":"product-type-simple"},"acf":[],"_links":{"self":[{"href":"https:\/\/viva.ezxdemo.com\/de\/wp-json\/wp\/v2\/product\/9489","targetHints":{"allow":["GET"]}}],"collection":[{"href":"https:\/\/viva.ezxdemo.com\/de\/wp-json\/wp\/v2\/product"}],"about":[{"href":"https:\/\/viva.ezxdemo.com\/de\/wp-json\/wp\/v2\/types\/product"}],"wp:featuredmedia":[{"embeddable":true,"href":"https:\/\/viva.ezxdemo.com\/de\/wp-json\/wp\/v2\/media\/8794"}],"wp:attachment":[{"href":"https:\/\/viva.ezxdemo.com\/de\/wp-json\/wp\/v2\/media?parent=9489"}],"wp:term":[{"taxonomy":"product_brand","embeddable":true,"href":"https:\/\/viva.ezxdemo.com\/de\/wp-json\/wp\/v2\/product_brand?post=9489"},{"taxonomy":"product_cat","embeddable":true,"href":"https:\/\/viva.ezxdemo.com\/de\/wp-json\/wp\/v2\/product_cat?post=9489"},{"taxonomy":"product_tag","embeddable":true,"href":"https:\/\/viva.ezxdemo.com\/de\/wp-json\/wp\/v2\/product_tag?post=9489"}],"curies":[{"name":"wp","href":"https:\/\/api.w.org\/{rel}","templated":true}]}}