{"id":9495,"date":"2023-12-20T19:10:55","date_gmt":"2023-12-20T18:10:55","guid":{"rendered":"https:\/\/vivarapro.nl\/product\/zk-ma-01-marderkiste\/"},"modified":"2025-09-15T10:50:04","modified_gmt":"2025-09-15T08:50:04","slug":"zk-ma-01-marderkiste","status":"publish","type":"product","link":"https:\/\/viva.ezxdemo.com\/de\/produkt\/zk-ma-01-marderkiste\/","title":{"rendered":"ZK MA 01 Marderkasten"},"content":{"rendered":"<p>Dieser Stein- und Baummarderkasten wurde in Zusammenarbeit mit der Mammal Society entwickelt. Er bietet Mardern einen gesch\u00fctzten R\u00fcckzugsort sowie geeignete Bedingungen f\u00fcr den Nestbau. Eine integrierte Abteilung dient speziell der Aufzucht der Jungen. Der Kasten besteht aus robustem Multiplex-Holz, das Dach ist zus\u00e4tzlich mit einer wetterfesten Plane versehen.<\/p>\n","protected":false},"excerpt":{"rendered":"<p>ZK MA 01 Marderkiste | Robuster Stein- und Baummarderkasten aus Multiplex | sicherer R\u00fcckzugsort und Nistplatz f\u00fcr Marder mit Jungtierabteil.<\/p>\n","protected":false},"featured_media":8857,"template":"","meta":{"_acf_changed":false,"_relevanssi_hide_post":"","_relevanssi_hide_content":"","_relevanssi_pin_for_all":"","_relevanssi_pin_keywords":"","_relevanssi_unpin_keywords":"","_relevanssi_related_keywords":"","_relevanssi_related_include_ids":"","_relevanssi_related_exclude_ids":"","_relevanssi_related_no_append":"","_relevanssi_related_not_related":"","_relevanssi_related_posts":"","_relevanssi_noindex_reason":""},"product_brand":[],"product_cat":[4594,4630],"product_tag":[7343,7322,7286,7345,7319,7337,7346,7324,7344],"class_list":{"0":"post-9495","1":"product","2":"type-product","3":"status-publish","4":"has-post-thumbnail","6":"product_cat-saugetiere","7":"product_cat-unterkunft-fur-marder","8":"product_tag-baummarder","9":"product_tag-gruen","10":"product_tag-kasten","11":"product_tag-kiste","12":"product_tag-marder","13":"product_tag-multiplex","14":"product_tag-nestbau","15":"product_tag-nestkasten","16":"product_tag-steinmarder","17":"pa_binnenmaat-b-x-h-x-d-cm-635-x-41-x-43-de","18":"pa_buitenmaat-b-x-h-x-d-cm-725-x-45-x-52-de","19":"pa_kleur-grun-schwarz","20":"pa_materiaal-bedachung","21":"pa_materiaal-sperrholz-fsc","22":"pa_materiaal-voor-filter-fsc-holz","23":"pa_soort-baummarder","24":"pa_soort-steinmarder","25":"pa_soortgroep-saugetiere","27":"first","28":"instock","29":"purchasable","30":"product-type-simple"},"acf":[],"_links":{"self":[{"href":"https:\/\/viva.ezxdemo.com\/de\/wp-json\/wp\/v2\/product\/9495","targetHints":{"allow":["GET"]}}],"collection":[{"href":"https:\/\/viva.ezxdemo.com\/de\/wp-json\/wp\/v2\/product"}],"about":[{"href":"https:\/\/viva.ezxdemo.com\/de\/wp-json\/wp\/v2\/types\/product"}],"wp:featuredmedia":[{"embeddable":true,"href":"https:\/\/viva.ezxdemo.com\/de\/wp-json\/wp\/v2\/media\/8857"}],"wp:attachment":[{"href":"https:\/\/viva.ezxdemo.com\/de\/wp-json\/wp\/v2\/media?parent=9495"}],"wp:term":[{"taxonomy":"product_brand","embeddable":true,"href":"https:\/\/viva.ezxdemo.com\/de\/wp-json\/wp\/v2\/product_brand?post=9495"},{"taxonomy":"product_cat","embeddable":true,"href":"https:\/\/viva.ezxdemo.com\/de\/wp-json\/wp\/v2\/product_cat?post=9495"},{"taxonomy":"product_tag","embeddable":true,"href":"https:\/\/viva.ezxdemo.com\/de\/wp-json\/wp\/v2\/product_tag?post=9495"}],"curies":[{"name":"wp","href":"https:\/\/api.w.org\/{rel}","templated":true}]}}