{"id":9496,"date":"2023-12-20T19:13:08","date_gmt":"2023-12-20T18:13:08","guid":{"rendered":"https:\/\/vivarapro.nl\/product\/nk-se-04-nistkasten-32-mm-gruen\/"},"modified":"2026-01-16T13:44:01","modified_gmt":"2026-01-16T12:44:01","slug":"nk-se-04-nistkasten-32-mm-gruen","status":"publish","type":"product","link":"https:\/\/viva.ezxdemo.com\/de\/produkt\/nk-se-04-nistkasten-32-mm-gruen\/","title":{"rendered":"NK SE 04 Nistkasten 32 mm (gr\u00fcn)"},"content":{"rendered":"<p>Dieser gr\u00fcne Nistkasten aus 100% Holzbeton mit Marderschutz bietet u.a. Meisen, Kleibern und Trauerschn\u00e4ppern Nistm\u00f6glichkeiten. Drei Farben sind erh\u00e4ltlich: Gr\u00fcn, <a href=\"https:\/\/www.vivarapro.de\/produkt\/nk-se-05-nistkasten-32-mm-braun\/\" target=\"_blank\" rel=\"noopener\">Braun<\/a> und <a href=\"https:\/\/www.vivarapro.de\/produkt\/nk-se-06-nistkasten-32mm-grau\/\" target=\"_blank\" rel=\"noopener\">Grau<\/a>.<\/p>\n<p>Wegen den Marderschutz k\u00f6nnen Marderartige und Waschb\u00e4ren nicht in den Nistkasten eindringen. So k\u00f6nnen die V\u00f6gel ungest\u00f6rt br\u00fcten und die Jungv\u00f6gel sicher ausfliegen.<\/p>\n","protected":false},"excerpt":{"rendered":"<p>NK SE 04 Nistkasten 32 mm (gr\u00fcn) | Hergestellt aus Holzbeton mit effektivem Marderschutz, f\u00fcr Meisen und andere V\u00f6gel<\/p>\n","protected":false},"featured_media":8747,"template":"","meta":{"_acf_changed":false,"_relevanssi_hide_post":"","_relevanssi_hide_content":"","_relevanssi_pin_for_all":"","_relevanssi_pin_keywords":"","_relevanssi_unpin_keywords":"","_relevanssi_related_keywords":"","_relevanssi_related_include_ids":"","_relevanssi_related_exclude_ids":"","_relevanssi_related_no_append":"","_relevanssi_related_not_related":"","_relevanssi_related_posts":"","_relevanssi_noindex_reason":""},"product_brand":[],"product_cat":[4624,4621,4640,4622,4589,7838,7870],"product_tag":[7322,7287,7286,7312,7311,7302,7293],"class_list":{"0":"post-9496","1":"product","2":"type-product","3":"status-publish","4":"has-post-thumbnail","6":"product_cat-nistkasten-andere","7":"product_cat-nistkasten-fur-fliegenschnapper","8":"product_cat-nistkasten-fur-kleiber","9":"product_cat-nistkasten-fur-meisen","10":"product_cat-singvogel","11":"product_cat-nabu-empfohlen","12":"product_cat-nistkaesten","13":"product_tag-gruen","14":"product_tag-holzbeton","15":"product_tag-kasten","16":"product_tag-kohlmeise","17":"product_tag-marderschutz","18":"product_tag-nistkasten","19":"product_tag-voegel","20":"pa_binnenmaat-b-x-h-x-d-cm-12-x-24-x-12-de","21":"pa_buitenmaat-b-x-h-x-d-cm-21-x-305-x-19-de","22":"pa_gewicht-kg-ca-6-de","23":"pa_invliegopening-32mm-de","24":"pa_kleur-grun-weis","25":"pa_materiaal-woodstone-de","26":"pa_materiaal-voor-filter-holzbeton","27":"pa_soort-feldsperling","28":"pa_soort-haubenmeise","29":"pa_soort-kleiber","30":"pa_soort-kohlmeise","31":"pa_soort-trauerschnapper","32":"pa_soortgroep-singvogel","34":"first","35":"instock","36":"purchasable","37":"product-type-simple"},"acf":[],"_links":{"self":[{"href":"https:\/\/viva.ezxdemo.com\/de\/wp-json\/wp\/v2\/product\/9496","targetHints":{"allow":["GET"]}}],"collection":[{"href":"https:\/\/viva.ezxdemo.com\/de\/wp-json\/wp\/v2\/product"}],"about":[{"href":"https:\/\/viva.ezxdemo.com\/de\/wp-json\/wp\/v2\/types\/product"}],"wp:featuredmedia":[{"embeddable":true,"href":"https:\/\/viva.ezxdemo.com\/de\/wp-json\/wp\/v2\/media\/8747"}],"wp:attachment":[{"href":"https:\/\/viva.ezxdemo.com\/de\/wp-json\/wp\/v2\/media?parent=9496"}],"wp:term":[{"taxonomy":"product_brand","embeddable":true,"href":"https:\/\/viva.ezxdemo.com\/de\/wp-json\/wp\/v2\/product_brand?post=9496"},{"taxonomy":"product_cat","embeddable":true,"href":"https:\/\/viva.ezxdemo.com\/de\/wp-json\/wp\/v2\/product_cat?post=9496"},{"taxonomy":"product_tag","embeddable":true,"href":"https:\/\/viva.ezxdemo.com\/de\/wp-json\/wp\/v2\/product_tag?post=9496"}],"curies":[{"name":"wp","href":"https:\/\/api.w.org\/{rel}","templated":true}]}}