{"id":9511,"date":"2023-12-20T19:08:38","date_gmt":"2023-12-20T18:08:38","guid":{"rendered":"https:\/\/vivarapro.nl\/product\/kn-hz-09-mehlschwalbennest\/"},"modified":"2026-01-16T12:43:27","modified_gmt":"2026-01-16T11:43:27","slug":"kn-hz-09-mehlschwalbennest","status":"publish","type":"product","link":"https:\/\/viva.ezxdemo.com\/de\/produkt\/kn-hz-09-mehlschwalbennest\/","title":{"rendered":"KN HZ 09 Mehlschwalbennest"},"content":{"rendered":"<p>Diese doppelte k\u00fcnstliche Nestanlage ist mit einem Schubladensystem ausgestattet, durch das die Nestschalen nach der Brutsaison zur Reinigung leicht herausgenommen werden k\u00f6nnen. \u00d6ffnen Sie die Schalen niemals w\u00e4hrend der Brutzeit, denn dadurch wird der Brutvorgang gest\u00f6rt.<\/p>\n","protected":false},"excerpt":{"rendered":"<p>KN HZ 09 Mehlschwalbennest<\/p>\n","protected":false},"featured_media":31686,"template":"","meta":{"_acf_changed":false,"_relevanssi_hide_post":"","_relevanssi_hide_content":"","_relevanssi_pin_for_all":"","_relevanssi_pin_keywords":"","_relevanssi_unpin_keywords":"","_relevanssi_related_keywords":"","_relevanssi_related_include_ids":"","_relevanssi_related_exclude_ids":"","_relevanssi_related_no_append":"","_relevanssi_related_not_related":"","_relevanssi_related_posts":"","_relevanssi_noindex_reason":""},"product_brand":[],"product_cat":[4601,4609,4608,4587,7838,7870],"product_tag":[],"class_list":{"0":"post-9511","1":"product","2":"type-product","3":"status-publish","4":"has-post-thumbnail","6":"product_cat-fassadenkaesten","7":"product_cat-fassadenkaesten-schwalben","8":"product_cat-nistkasten-fur-mehlschwalben","9":"product_cat-schwalben","10":"product_cat-nabu-empfohlen","11":"product_cat-nistkaesten","12":"pa_binnenmaat-b-x-h-x-d-cm-115-x-6-x-10-de","13":"pa_buitenmaat-b-x-h-x-d-cm-38-x-11-x-16-de","14":"pa_gewicht-kg-4-de","15":"pa_kleur-weis-grau","16":"pa_materiaal-holzbeton","17":"pa_materiaal-sperrholz-fsc","18":"pa_materiaal-voor-filter-holzbeton","19":"pa_soort-mehlschwalbe","20":"pa_soortgroep-schwalben","22":"first","23":"instock","24":"purchasable","25":"product-type-simple"},"acf":[],"_links":{"self":[{"href":"https:\/\/viva.ezxdemo.com\/de\/wp-json\/wp\/v2\/product\/9511","targetHints":{"allow":["GET"]}}],"collection":[{"href":"https:\/\/viva.ezxdemo.com\/de\/wp-json\/wp\/v2\/product"}],"about":[{"href":"https:\/\/viva.ezxdemo.com\/de\/wp-json\/wp\/v2\/types\/product"}],"wp:featuredmedia":[{"embeddable":true,"href":"https:\/\/viva.ezxdemo.com\/de\/wp-json\/wp\/v2\/media\/31686"}],"wp:attachment":[{"href":"https:\/\/viva.ezxdemo.com\/de\/wp-json\/wp\/v2\/media?parent=9511"}],"wp:term":[{"taxonomy":"product_brand","embeddable":true,"href":"https:\/\/viva.ezxdemo.com\/de\/wp-json\/wp\/v2\/product_brand?post=9511"},{"taxonomy":"product_cat","embeddable":true,"href":"https:\/\/viva.ezxdemo.com\/de\/wp-json\/wp\/v2\/product_cat?post=9511"},{"taxonomy":"product_tag","embeddable":true,"href":"https:\/\/viva.ezxdemo.com\/de\/wp-json\/wp\/v2\/product_tag?post=9511"}],"curies":[{"name":"wp","href":"https:\/\/api.w.org\/{rel}","templated":true}]}}