{"id":9513,"date":"2023-12-20T19:08:38","date_gmt":"2023-12-20T18:08:38","guid":{"rendered":"https:\/\/vivarapro.nl\/product\/ht-mu-02-haussperlinghaus-komplett\/"},"modified":"2026-02-03T12:30:50","modified_gmt":"2026-02-03T11:30:50","slug":"ht-mu-02-haussperlinghaus-komplett","status":"publish","type":"product","link":"https:\/\/viva.ezxdemo.com\/de\/produkt\/ht-mu-02-haussperlinghaus-komplett\/","title":{"rendered":"HT MU 02 Haussperlinghaus komplett"},"content":{"rendered":"<p>Dieses Koloniehaus bietet gleich 18 Nistpl\u00e4tze unter einem Dach und eignet sich ideal, um Haussperlingsbest\u00e4nde zu f\u00f6rdern oder als Ausgleichsma\u00dfnahme bei Bauvorhaben. Es wurde nach den Vorgaben des offiziellen Fachleitfadens zum Schutz des Haussperlings entwickelt.<\/p>\n<p>Das Haus erm\u00f6glicht die Ansiedlung gr\u00f6\u00dferer Kolonien von Haussperlingen. In landwirtschaftlich gepr\u00e4gten Umgebungen oder auf Bauernh\u00f6fen wird es zudem gelegentlich auch von anderen Arten, etwa dem Gimpel, genutzt.<\/p>\n<p>Die Konstruktion besteht aus einem stabilen Metallrahmen, der mit wetterfestem Multiplex verkleidet und mit einer umweltfreundlichen Ecolabel-Farbe (RAL 9010) beschichtet ist. Das Dach ist mit einer witterungsbest\u00e4ndigen Dachabdichtungsbahn versehen und verf\u00fcgt \u00fcber eine zus\u00e4tzliche L\u00fcftungsabdeckung, die f\u00fcr eine bessere Luftzirkulation sorgt und die Temperaturen in den Nistkammern bei warmem Wetter reduziert.<\/p>\n<p>Bei fachgerechter Montage ist das Haussperlinghaus \u00e4u\u00dferst robust und widersteht Windst\u00e4rken bis zu 10 Beaufort.<\/p>\n","protected":false},"excerpt":{"rendered":"<p>HT MU 02 Haussperlinghaus komplett | Mit 18 Nistpl\u00e4tzen | Ideale L\u00f6sung f\u00fcr Haussperlingen und f\u00fcr \u00f6kologische Ausgleichsma\u00dfnahmen.<\/p>\n","protected":false},"featured_media":17030,"template":"","meta":{"_acf_changed":false,"_relevanssi_hide_post":"","_relevanssi_hide_content":"","_relevanssi_pin_for_all":"","_relevanssi_pin_keywords":"","_relevanssi_unpin_keywords":"","_relevanssi_related_keywords":"","_relevanssi_related_include_ids":"","_relevanssi_related_exclude_ids":"","_relevanssi_related_no_append":"","_relevanssi_related_not_related":"","_relevanssi_related_posts":"","_relevanssi_noindex_reason":""},"product_brand":[],"product_cat":[4605,4636,4586],"product_tag":[7306,7332,7331,7287,7312,7329,7302,7293],"class_list":{"0":"post-9513","1":"product","2":"type-product","3":"status-publish","4":"has-post-thumbnail","6":"product_cat-haussperlinghauser","7":"product_cat-haus-und-pfahlkasten","8":"product_cat-haussperlinge","9":"product_tag-brutplatz","10":"product_tag-feldsperlingen","11":"product_tag-haussperlingen","12":"product_tag-holzbeton","13":"product_tag-kohlmeise","14":"product_tag-meisen","15":"product_tag-nistkasten","16":"product_tag-voegel","17":"pa_buitenmaat-b-x-h-x-d-cm-90-x-120-ohne-pfosten","18":"pa_gewicht-kg-82-exkl-mast","19":"pa_materiaal-fsc-holz","20":"pa_materiaal-voor-filter-holzbeton","21":"pa_soort-blaumeise","22":"pa_soort-feldsperling","23":"pa_soort-haussperling","24":"pa_soort-kohlmeise","25":"pa_soortgroep-sperlingen","27":"first","28":"instock","29":"purchasable","30":"product-type-variable"},"acf":[],"_links":{"self":[{"href":"https:\/\/viva.ezxdemo.com\/de\/wp-json\/wp\/v2\/product\/9513","targetHints":{"allow":["GET"]}}],"collection":[{"href":"https:\/\/viva.ezxdemo.com\/de\/wp-json\/wp\/v2\/product"}],"about":[{"href":"https:\/\/viva.ezxdemo.com\/de\/wp-json\/wp\/v2\/types\/product"}],"wp:featuredmedia":[{"embeddable":true,"href":"https:\/\/viva.ezxdemo.com\/de\/wp-json\/wp\/v2\/media\/17030"}],"wp:attachment":[{"href":"https:\/\/viva.ezxdemo.com\/de\/wp-json\/wp\/v2\/media?parent=9513"}],"wp:term":[{"taxonomy":"product_brand","embeddable":true,"href":"https:\/\/viva.ezxdemo.com\/de\/wp-json\/wp\/v2\/product_brand?post=9513"},{"taxonomy":"product_cat","embeddable":true,"href":"https:\/\/viva.ezxdemo.com\/de\/wp-json\/wp\/v2\/product_cat?post=9513"},{"taxonomy":"product_tag","embeddable":true,"href":"https:\/\/viva.ezxdemo.com\/de\/wp-json\/wp\/v2\/product_tag?post=9513"}],"curies":[{"name":"wp","href":"https:\/\/api.w.org\/{rel}","templated":true}]}}