{"id":9514,"date":"2023-12-20T19:10:55","date_gmt":"2023-12-20T18:10:55","guid":{"rendered":"https:\/\/vivarapro.nl\/product\/ip-ho-02-insektenhotel\/"},"modified":"2025-12-11T16:53:50","modified_gmt":"2025-12-11T15:53:50","slug":"ip-ho-02-insektenhotel","status":"publish","type":"product","link":"https:\/\/viva.ezxdemo.com\/de\/produkt\/ip-ho-02-insektenhotel\/","title":{"rendered":"IP HO 02 Insektenhotel"},"content":{"rendered":"<p>Dieses Insektenhotel bietet Lebensraum f\u00fcr verschiedene Arten, insbesondere f\u00fcr Solit\u00e4rbienen und Solit\u00e4rwespen. Es ist aus robustem Kiefernholz gefertigt, mit einem wetterfesten Multiplex-Dach und Dachmembran gesch\u00fctzt. Die F\u00fcllung besteht aus nat\u00fcrlichen Materialien wie Bambus, Birkenst\u00e4mmen und Kalkstein, die ideale Nistm\u00f6glichkeiten schaffen.<\/p>\n<p>Die Standbeine sind f\u00fcr den Versand nicht vormontiert; das ben\u00f6tigte Montagematerial liegt bei. Um die Haltbarkeit zu erh\u00f6hen, sind die Beine am unteren Ende mit einer Gummidichtung versehen.<\/p>\n","protected":false},"excerpt":{"rendered":"<p>IP HO 02 Insektenhotel | Insektenhotel aus Kiefernholz mit Naturf\u00fcllung | ideal f\u00fcr Solit\u00e4rbienen und -wespen.<\/p>\n","protected":false},"featured_media":8759,"template":"","meta":{"_acf_changed":false,"_relevanssi_hide_post":"","_relevanssi_hide_content":"","_relevanssi_pin_for_all":"","_relevanssi_pin_keywords":"","_relevanssi_unpin_keywords":"","_relevanssi_related_keywords":"","_relevanssi_related_include_ids":"","_relevanssi_related_exclude_ids":"","_relevanssi_related_no_append":"","_relevanssi_related_not_related":"","_relevanssi_related_posts":"","_relevanssi_noindex_reason":""},"product_brand":[],"product_cat":[4618,4591,7838],"product_tag":[],"class_list":{"0":"post-9514","1":"product","2":"type-product","3":"status-publish","4":"has-post-thumbnail","6":"product_cat-insektenhotel","7":"product_cat-insektennisthilfen","8":"product_cat-nabu-empfohlen","9":"pa_buitenmaat-b-x-h-x-d-cm-100-x-250-x-40-de","10":"pa_gewicht-kg-685-de","11":"pa_kleur-sonstiges","12":"pa_materiaal-hotel-whitewood-fsc-de","13":"pa_materiaal-voor-filter-fsc-holz","14":"pa_soort-marienkafer","15":"pa_soort-solitaere-bienen","16":"pa_soortgroep-insekten","18":"first","19":"instock","20":"purchasable","21":"product-type-simple"},"acf":[],"_links":{"self":[{"href":"https:\/\/viva.ezxdemo.com\/de\/wp-json\/wp\/v2\/product\/9514","targetHints":{"allow":["GET"]}}],"collection":[{"href":"https:\/\/viva.ezxdemo.com\/de\/wp-json\/wp\/v2\/product"}],"about":[{"href":"https:\/\/viva.ezxdemo.com\/de\/wp-json\/wp\/v2\/types\/product"}],"wp:featuredmedia":[{"embeddable":true,"href":"https:\/\/viva.ezxdemo.com\/de\/wp-json\/wp\/v2\/media\/8759"}],"wp:attachment":[{"href":"https:\/\/viva.ezxdemo.com\/de\/wp-json\/wp\/v2\/media?parent=9514"}],"wp:term":[{"taxonomy":"product_brand","embeddable":true,"href":"https:\/\/viva.ezxdemo.com\/de\/wp-json\/wp\/v2\/product_brand?post=9514"},{"taxonomy":"product_cat","embeddable":true,"href":"https:\/\/viva.ezxdemo.com\/de\/wp-json\/wp\/v2\/product_cat?post=9514"},{"taxonomy":"product_tag","embeddable":true,"href":"https:\/\/viva.ezxdemo.com\/de\/wp-json\/wp\/v2\/product_tag?post=9514"}],"curies":[{"name":"wp","href":"https:\/\/api.w.org\/{rel}","templated":true}]}}