{"id":9519,"date":"2023-12-20T19:10:55","date_gmt":"2023-12-20T18:10:55","guid":{"rendered":"https:\/\/vivarapro.nl\/product\/ip-vu-01-insektenschutzwand-polsterung\/"},"modified":"2026-02-03T12:22:08","modified_gmt":"2026-02-03T11:22:08","slug":"ip-vu-01-fullung-fur-die-insektenwand","status":"publish","type":"product","link":"https:\/\/viva.ezxdemo.com\/de\/produkt\/ip-vu-01-fullung-fur-die-insektenwand\/","title":{"rendered":"IP VU 01 F\u00fcllung f\u00fcr die Insektenwand"},"content":{"rendered":"<p data-start=\"185\" data-end=\"400\">Wenn die F\u00fcllung einer Insektenwand nicht mehr den Anforderungen entspricht, k\u00f6nnen einzelne Module durch die IP VU 01 ersetzt werden. Dieses Modul ist mit Bambus und Schilfrohr gef\u00fcllt und sofort einsatzbereit.<\/p>\n<p data-start=\"402\" data-end=\"595\">Die Module k\u00f6nnen auch separat verwendet werden \u2013 z.\u202fB. zur Montage an einer Fassade oder auf Pfosten unter einem kleinen Dach. Befestigungsmaterial ist hierf\u00fcr nicht im Lieferumfang enthalten.<\/p>\n<p data-start=\"597\" data-end=\"692\">Die Herstellung der Module erfolgt in der sozialen Werkst\u00e4tte von Natuurpunt in Ekeren<\/p>\n","protected":false},"excerpt":{"rendered":"<p>IP VU 01 Insektenschutzwand Polsterung | Insektenmodul mit Bambus und Schilfrohr | Flexibel einsetzbar als Ersatz oder eigenst\u00e4ndige Nisthilfe<\/p>\n","protected":false},"featured_media":8703,"template":"","meta":{"_acf_changed":false,"_relevanssi_hide_post":"","_relevanssi_hide_content":"","_relevanssi_pin_for_all":"","_relevanssi_pin_keywords":"","_relevanssi_unpin_keywords":"","_relevanssi_related_keywords":"","_relevanssi_related_include_ids":"","_relevanssi_related_exclude_ids":"","_relevanssi_related_no_append":"","_relevanssi_related_not_related":"","_relevanssi_related_posts":"","_relevanssi_noindex_reason":""},"product_brand":[],"product_cat":[4618,4591],"product_tag":[],"class_list":{"0":"post-9519","1":"product","2":"type-product","3":"status-publish","4":"has-post-thumbnail","6":"product_cat-insektenhotel","7":"product_cat-insektennisthilfen","8":"pa_buitenmaat-b-x-h-x-d-cm-70-x-70-de","9":"pa_kleur-naturlich","10":"pa_materiaal-holz-douglas","11":"pa_materiaal-voor-filter-fsc-holz","12":"pa_soort-solitaere-bienen","13":"pa_soortgroep-insekten","15":"first","16":"instock","17":"purchasable","18":"product-type-simple"},"acf":[],"_links":{"self":[{"href":"https:\/\/viva.ezxdemo.com\/de\/wp-json\/wp\/v2\/product\/9519","targetHints":{"allow":["GET"]}}],"collection":[{"href":"https:\/\/viva.ezxdemo.com\/de\/wp-json\/wp\/v2\/product"}],"about":[{"href":"https:\/\/viva.ezxdemo.com\/de\/wp-json\/wp\/v2\/types\/product"}],"wp:featuredmedia":[{"embeddable":true,"href":"https:\/\/viva.ezxdemo.com\/de\/wp-json\/wp\/v2\/media\/8703"}],"wp:attachment":[{"href":"https:\/\/viva.ezxdemo.com\/de\/wp-json\/wp\/v2\/media?parent=9519"}],"wp:term":[{"taxonomy":"product_brand","embeddable":true,"href":"https:\/\/viva.ezxdemo.com\/de\/wp-json\/wp\/v2\/product_brand?post=9519"},{"taxonomy":"product_cat","embeddable":true,"href":"https:\/\/viva.ezxdemo.com\/de\/wp-json\/wp\/v2\/product_cat?post=9519"},{"taxonomy":"product_tag","embeddable":true,"href":"https:\/\/viva.ezxdemo.com\/de\/wp-json\/wp\/v2\/product_tag?post=9519"}],"curies":[{"name":"wp","href":"https:\/\/api.w.org\/{rel}","templated":true}]}}