{"id":9520,"date":"2023-12-20T19:08:38","date_gmt":"2023-12-20T18:08:38","guid":{"rendered":"https:\/\/vivarapro.nl\/product\/nk-mu-09-haussperling-fassadennistkasten\/"},"modified":"2026-02-03T12:26:01","modified_gmt":"2026-02-03T11:26:01","slug":"nk-mu-09-haussperling-fassadennistkasten","status":"publish","type":"product","link":"https:\/\/viva.ezxdemo.com\/de\/produkt\/nk-mu-09-haussperling-fassadennistkasten\/","title":{"rendered":"NK MU 09 Haussperling Fassadennistkasten"},"content":{"rendered":"<p>Dieser Nistkasten verf\u00fcgt \u00fcber zwei separate Nistkammern \u2013 ein besonderes Merkmal, das den V\u00f6geln zus\u00e4tzliche Flexibilit\u00e4t bietet. Eine Kammer dient als Brutraum, w\u00e4hrend die zweite vom Partner als Schlafplatz genutzt werden kann. So k\u00f6nnen beide Altv\u00f6gel gleichzeitig gesch\u00fctzt im Kasten \u00fcbernachten. Dar\u00fcber hinaus erm\u00f6glicht die Aufteilung, dass bereits eine zweite Brut begonnen werden kann, w\u00e4hrend die erste noch nicht ausgeflogen ist.<\/p>\n<p>Wichtig: Trotz der zwei Kammern gilt dieser Kasten nur als Ausgleich f\u00fcr ein Brutpaar und nicht als doppelter Ersatz.<\/p>\n<p>Der Kasten wird nicht nur von Haussperlingen gerne angenommen, sondern auch von (Kohl-)Meisen. Er ist aus FSC-Holzbeton gefertigt, besonders langlebig und l\u00e4sst sich mit dem mitgelieferten Z-Haken und den Edelstahlschrauben einfach anbringen.<\/p>\n<p>Der Nistkasten erf\u00fcllt alle Anforderungen des offiziellen Fachleitfadens zum Schutz des Haussperlings.<\/p>\n","protected":false},"excerpt":{"rendered":"<p>NK MU 09 Haussperling Fassadennistkasten<\/p>\n","protected":false},"featured_media":8943,"template":"","meta":{"_acf_changed":false,"_relevanssi_hide_post":"","_relevanssi_hide_content":"","_relevanssi_pin_for_all":"","_relevanssi_pin_keywords":"","_relevanssi_unpin_keywords":"","_relevanssi_related_keywords":"","_relevanssi_related_include_ids":"","_relevanssi_related_exclude_ids":"","_relevanssi_related_no_append":"","_relevanssi_related_not_related":"","_relevanssi_related_posts":"","_relevanssi_noindex_reason":""},"product_brand":[],"product_cat":[4601,4604,4586,4612,7870],"product_tag":[7459,7456,7293],"class_list":{"0":"post-9520","1":"product","2":"type-product","3":"status-publish","4":"has-post-thumbnail","6":"product_cat-fassadenkaesten","7":"product_cat-fassadenkaesten-haussperlinge","8":"product_cat-haussperlinge","9":"product_cat-nistkaesten-haussperlinge","10":"product_cat-nistkaesten","11":"product_tag-holzbeton-2","12":"product_tag-nistkasten-2","13":"product_tag-voegel","14":"pa_binnenmaat-b-x-h-x-d-cm-15-x-13-x-13-2x-de","15":"pa_buitenmaat-b-x-h-x-d-cm-44-x-248-x-214-de","16":"pa_gewicht-kg-8-de","17":"pa_invliegopening-34-mm-de","18":"pa_materiaal-woodstone-de","19":"pa_materiaal-voor-filter-holzbeton","20":"pa_soort-feldsperling","21":"pa_soort-haussperling","22":"pa_soortgroep-sperlingen","24":"first","25":"instock","26":"purchasable","27":"product-type-simple"},"acf":[],"_links":{"self":[{"href":"https:\/\/viva.ezxdemo.com\/de\/wp-json\/wp\/v2\/product\/9520","targetHints":{"allow":["GET"]}}],"collection":[{"href":"https:\/\/viva.ezxdemo.com\/de\/wp-json\/wp\/v2\/product"}],"about":[{"href":"https:\/\/viva.ezxdemo.com\/de\/wp-json\/wp\/v2\/types\/product"}],"wp:featuredmedia":[{"embeddable":true,"href":"https:\/\/viva.ezxdemo.com\/de\/wp-json\/wp\/v2\/media\/8943"}],"wp:attachment":[{"href":"https:\/\/viva.ezxdemo.com\/de\/wp-json\/wp\/v2\/media?parent=9520"}],"wp:term":[{"taxonomy":"product_brand","embeddable":true,"href":"https:\/\/viva.ezxdemo.com\/de\/wp-json\/wp\/v2\/product_brand?post=9520"},{"taxonomy":"product_cat","embeddable":true,"href":"https:\/\/viva.ezxdemo.com\/de\/wp-json\/wp\/v2\/product_cat?post=9520"},{"taxonomy":"product_tag","embeddable":true,"href":"https:\/\/viva.ezxdemo.com\/de\/wp-json\/wp\/v2\/product_tag?post=9520"}],"curies":[{"name":"wp","href":"https:\/\/api.w.org\/{rel}","templated":true}]}}