{"id":9523,"date":"2023-12-20T19:10:55","date_gmt":"2023-12-20T18:10:55","guid":{"rendered":"https:\/\/vivarapro.nl\/product\/uk-ra-01-waldohreule-falke-nestkorb\/"},"modified":"2026-02-03T12:50:04","modified_gmt":"2026-02-03T11:50:04","slug":"uk-ra-01-waldohreule-falke-nestkorb","status":"publish","type":"product","link":"https:\/\/viva.ezxdemo.com\/de\/produkt\/uk-ra-01-waldohreule-falke-nestkorb\/","title":{"rendered":"UK RA 01 Waldohreule\/Falke Nestkorb"},"content":{"rendered":"<p>Waldohreulen und Baumfalken sind Arten, die selbst keine Nester bauen. Sie nutzen alte Nester von Kr\u00e4hen oder anderen Raubv\u00f6geln. Mit diesem Korb bieten Sie diesen Arten auch eine Nistm\u00f6glichkeit. Der Korb kann auch erfolgreich f\u00fcr Turmfalken verwendet werden und ist aus geflochtener Weide gefertigt.<\/p>\n","protected":false},"excerpt":{"rendered":"<p>UK RA 01 Waldohreule\/Falke Nestkorb | Nat\u00fcrlicher Nistkorb aus Weide f\u00fcr Eulen und Falken | ideal als Ersatz f\u00fcr fehlende Kr\u00e4henester<\/p>\n","protected":false},"featured_media":8852,"template":"","meta":{"_acf_changed":false,"_relevanssi_hide_post":"","_relevanssi_hide_content":"","_relevanssi_pin_for_all":"","_relevanssi_pin_keywords":"","_relevanssi_unpin_keywords":"","_relevanssi_related_keywords":"","_relevanssi_related_include_ids":"","_relevanssi_related_exclude_ids":"","_relevanssi_related_no_append":"","_relevanssi_related_not_related":"","_relevanssi_related_posts":"","_relevanssi_noindex_reason":""},"product_brand":[],"product_cat":[4617,4588,7838,5101],"product_tag":[],"class_list":{"0":"post-9523","1":"product","2":"type-product","3":"status-publish","4":"has-post-thumbnail","6":"product_cat-unterkunft-fur-eulen","7":"product_cat-unterkunft-fur-raubvogel","8":"product_cat-nabu-empfohlen","9":"product_cat-nisthilfen-fur-greifvogel-und-eulen","10":"pa_binnenmaat-b-x-h-x-d-cm-13-x-36-de","11":"pa_buitenmaat-b-x-h-x-d-cm-15-x-41-de","12":"pa_gewicht-kg-07-de","13":"pa_kleur-braun","14":"pa_materiaal-weide","15":"pa_materiaal-voor-filter-fsc-holz","16":"pa_soort-turmfalke","17":"pa_soort-turmfalke-de","18":"pa_soort-waldohreule","19":"pa_soortgroep-eulen","20":"pa_soortgroep-raubvogel","22":"first","23":"instock","24":"purchasable","25":"product-type-simple"},"acf":[],"_links":{"self":[{"href":"https:\/\/viva.ezxdemo.com\/de\/wp-json\/wp\/v2\/product\/9523","targetHints":{"allow":["GET"]}}],"collection":[{"href":"https:\/\/viva.ezxdemo.com\/de\/wp-json\/wp\/v2\/product"}],"about":[{"href":"https:\/\/viva.ezxdemo.com\/de\/wp-json\/wp\/v2\/types\/product"}],"wp:featuredmedia":[{"embeddable":true,"href":"https:\/\/viva.ezxdemo.com\/de\/wp-json\/wp\/v2\/media\/8852"}],"wp:attachment":[{"href":"https:\/\/viva.ezxdemo.com\/de\/wp-json\/wp\/v2\/media?parent=9523"}],"wp:term":[{"taxonomy":"product_brand","embeddable":true,"href":"https:\/\/viva.ezxdemo.com\/de\/wp-json\/wp\/v2\/product_brand?post=9523"},{"taxonomy":"product_cat","embeddable":true,"href":"https:\/\/viva.ezxdemo.com\/de\/wp-json\/wp\/v2\/product_cat?post=9523"},{"taxonomy":"product_tag","embeddable":true,"href":"https:\/\/viva.ezxdemo.com\/de\/wp-json\/wp\/v2\/product_tag?post=9523"}],"curies":[{"name":"wp","href":"https:\/\/api.w.org\/{rel}","templated":true}]}}