{"id":9529,"date":"2023-12-20T19:08:38","date_gmt":"2023-12-20T18:08:38","guid":{"rendered":"https:\/\/vivarapro.nl\/product\/kn-bz-02-rauchschwalbennest\/"},"modified":"2026-02-03T16:15:52","modified_gmt":"2026-02-03T15:15:52","slug":"kn-bz-02-rauchschwalbennest","status":"publish","type":"product","link":"https:\/\/viva.ezxdemo.com\/de\/produkt\/kn-bz-02-rauchschwalbennest\/","title":{"rendered":"KN BZ 02 Nistkasten Rauchschwalben"},"content":{"rendered":"<p>Rauchschwalben nisten in Schuppen, Scheunen oder unter Vord\u00e4chern. Fast immer in der N\u00e4he von Pferden, Schweinen, Rindern oder anderen Haustieren. Dieses k\u00fcnstliche Nest bietet Nistm\u00f6glichkeiten f\u00fcr die Rauchschwalbe und ist aus Holzbeton gefertigt. Es handelt sich um ein nat\u00fcrliches Material, bei dem keine chemischen Zusatzstoffe verwendet wurden.<\/p>\n","protected":false},"excerpt":{"rendered":"<p>KN BZ 02 Rauchschwalbennest | Holzbeton Kunstnest f\u00fcr Rauchschwalben | Bietet sichere Nistpl\u00e4tze in St\u00e4llen, Scheunen oder unter Vord\u00e4chern.<\/p>\n","protected":false},"featured_media":8904,"template":"","meta":{"_acf_changed":false,"_relevanssi_hide_post":"","_relevanssi_hide_content":"","_relevanssi_pin_for_all":"","_relevanssi_pin_keywords":"","_relevanssi_unpin_keywords":"","_relevanssi_related_keywords":"","_relevanssi_related_include_ids":"","_relevanssi_related_exclude_ids":"","_relevanssi_related_no_append":"","_relevanssi_related_not_related":"","_relevanssi_related_posts":"","_relevanssi_noindex_reason":""},"product_brand":[],"product_cat":[4601,4609,4606,4587,7870],"product_tag":[7313,7287,7314,7358,7305],"class_list":{"0":"post-9529","1":"product","2":"type-product","3":"status-publish","4":"has-post-thumbnail","6":"product_cat-fassadenkaesten","7":"product_cat-fassadenkaesten-schwalben","8":"product_cat-nistkasten-fur-rauchschwalben","9":"product_cat-schwalben","10":"product_cat-nistkaesten","11":"product_tag-grau","12":"product_tag-holzbeton","13":"product_tag-nist","14":"product_tag-racuhschwalbe","15":"product_tag-schwalbe","16":"pa_binnenmaat-b-x-h-x-d-cm-12-x-45-x-9-de","17":"pa_buitenmaat-b-x-h-x-d-cm-20-x-12-x-14-de","18":"pa_gewicht-kg-14-de","19":"pa_kleur-grau","20":"pa_materiaal-woodstone-de","21":"pa_materiaal-voor-filter-holzbeton","22":"pa_soort-rauchschwalbe","23":"pa_soortgroep-schwalben","25":"first","26":"instock","27":"purchasable","28":"product-type-simple"},"acf":[],"_links":{"self":[{"href":"https:\/\/viva.ezxdemo.com\/de\/wp-json\/wp\/v2\/product\/9529","targetHints":{"allow":["GET"]}}],"collection":[{"href":"https:\/\/viva.ezxdemo.com\/de\/wp-json\/wp\/v2\/product"}],"about":[{"href":"https:\/\/viva.ezxdemo.com\/de\/wp-json\/wp\/v2\/types\/product"}],"wp:featuredmedia":[{"embeddable":true,"href":"https:\/\/viva.ezxdemo.com\/de\/wp-json\/wp\/v2\/media\/8904"}],"wp:attachment":[{"href":"https:\/\/viva.ezxdemo.com\/de\/wp-json\/wp\/v2\/media?parent=9529"}],"wp:term":[{"taxonomy":"product_brand","embeddable":true,"href":"https:\/\/viva.ezxdemo.com\/de\/wp-json\/wp\/v2\/product_brand?post=9529"},{"taxonomy":"product_cat","embeddable":true,"href":"https:\/\/viva.ezxdemo.com\/de\/wp-json\/wp\/v2\/product_cat?post=9529"},{"taxonomy":"product_tag","embeddable":true,"href":"https:\/\/viva.ezxdemo.com\/de\/wp-json\/wp\/v2\/product_tag?post=9529"}],"curies":[{"name":"wp","href":"https:\/\/api.w.org\/{rel}","templated":true}]}}