{"id":9531,"date":"2023-12-20T19:10:55","date_gmt":"2023-12-20T18:10:55","guid":{"rendered":"https:\/\/vivarapro.nl\/product\/rk-to-01-turmfalken-nistkasten\/"},"modified":"2026-02-03T12:48:12","modified_gmt":"2026-02-03T11:48:12","slug":"rk-to-01-turmfalken-nistkasten","status":"publish","type":"product","link":"https:\/\/viva.ezxdemo.com\/de\/produkt\/rk-to-01-turmfalken-nistkasten\/","title":{"rendered":"RK TO 01 Turmfalken Nistkasten"},"content":{"rendered":"<p>Ein gro\u00dfer Teil der niederl\u00e4ndischen Turmfalken br\u00fctet in einem Nistkasten. Es sind mehrere Modelle im Umlauf, die alle sehr gut funktionieren k\u00f6nnen. Dieser Nistkasten ist aus Multiplex gefertigt und das Dach ist mit Bitumen beschichtet.<\/p>\n","protected":false},"excerpt":{"rendered":"<p>RK TO 01 Turmfalken-Nistkasten | Turmfalken-Nistkasten aus langlebigem Multiplex | Funktionales Design mit Bitumendach f\u00fcr sichere Brutpl\u00e4tze<\/p>\n","protected":false},"featured_media":8838,"template":"","meta":{"_acf_changed":false,"_relevanssi_hide_post":"","_relevanssi_hide_content":"","_relevanssi_pin_for_all":"","_relevanssi_pin_keywords":"","_relevanssi_unpin_keywords":"","_relevanssi_related_keywords":"","_relevanssi_related_include_ids":"","_relevanssi_related_exclude_ids":"","_relevanssi_related_no_append":"","_relevanssi_related_not_related":"","_relevanssi_related_posts":"","_relevanssi_noindex_reason":""},"product_brand":[],"product_cat":[4588,7838,5101],"product_tag":[],"class_list":{"0":"post-9531","1":"product","2":"type-product","3":"status-publish","4":"has-post-thumbnail","6":"product_cat-unterkunft-fur-raubvogel","7":"product_cat-nabu-empfohlen","8":"product_cat-nisthilfen-fur-greifvogel-und-eulen","9":"pa_binnenmaat-b-x-h-x-d-cm-425-x-30-x-375-de","10":"pa_buitenmaat-b-x-h-x-d-cm-53-x-38-x-53-de","11":"pa_gewicht-kg-9-de","12":"pa_kleur-grun","13":"pa_materiaal-sperrholz-fsc","14":"pa_materiaal-voor-filter-fsc-holz","15":"pa_soort-turmfalke","16":"pa_soortgroep-raubvogel","18":"first","19":"instock","20":"purchasable","21":"product-type-simple"},"acf":[],"_links":{"self":[{"href":"https:\/\/viva.ezxdemo.com\/de\/wp-json\/wp\/v2\/product\/9531","targetHints":{"allow":["GET"]}}],"collection":[{"href":"https:\/\/viva.ezxdemo.com\/de\/wp-json\/wp\/v2\/product"}],"about":[{"href":"https:\/\/viva.ezxdemo.com\/de\/wp-json\/wp\/v2\/types\/product"}],"wp:featuredmedia":[{"embeddable":true,"href":"https:\/\/viva.ezxdemo.com\/de\/wp-json\/wp\/v2\/media\/8838"}],"wp:attachment":[{"href":"https:\/\/viva.ezxdemo.com\/de\/wp-json\/wp\/v2\/media?parent=9531"}],"wp:term":[{"taxonomy":"product_brand","embeddable":true,"href":"https:\/\/viva.ezxdemo.com\/de\/wp-json\/wp\/v2\/product_brand?post=9531"},{"taxonomy":"product_cat","embeddable":true,"href":"https:\/\/viva.ezxdemo.com\/de\/wp-json\/wp\/v2\/product_cat?post=9531"},{"taxonomy":"product_tag","embeddable":true,"href":"https:\/\/viva.ezxdemo.com\/de\/wp-json\/wp\/v2\/product_tag?post=9531"}],"curies":[{"name":"wp","href":"https:\/\/api.w.org\/{rel}","templated":true}]}}