{"id":9532,"date":"2023-12-20T19:10:55","date_gmt":"2023-12-20T18:10:55","guid":{"rendered":"https:\/\/vivarapro.nl\/product\/ip-wa-02-insektenschutzwand\/"},"modified":"2026-02-03T12:19:58","modified_gmt":"2026-02-03T11:19:58","slug":"ip-wa-02-insektenschutzwand","status":"publish","type":"product","link":"https:\/\/viva.ezxdemo.com\/de\/produkt\/ip-wa-02-insektenschutzwand\/","title":{"rendered":"IP WA 02 Insektenschutzwand"},"content":{"rendered":"<p>Eine Reihe von Arten von Solit\u00e4rbienen und Wespen nutzen diese Mauer als Nisthilfe. Die vier gef\u00fcllten Elemente wurden haupts\u00e4chlich mit Bambusrohren und Schilfrohr gef\u00fcllt, wobei m\u00f6glichst Innendurchmesser zwischen 2 und 10 mm verwendet wurden. Dies gibt verschiedenen Arten die M\u00f6glichkeit, hier ihre Eier abzulegen.<\/p>\n<p>In der verwendeten Bambusmischung finden sich auch Rohre mit gr\u00f6\u00dferem Durchmesser oder Rohre, die nicht vollst\u00e4ndig ge\u00f6ffnet oder sogar geschlossen sind. Das ist kein Problem, denn es bleiben gen\u00fcgend geeignete Rohre \u00fcbrig.<\/p>\n<p>Die Mauer besteht aus einem Douglasie-Holzrahmen und einem Dach mit Metallpfostenhaltern f\u00fcr eine stabile Platzierung im Boden. Mit Bambus gef\u00fcllte Elementen werden in die Wand geschoben. Bei Bedarf kann ein Netz vor die Elemente gespannt werden, damit V\u00f6gel wie Meisen die Larven nicht fressen k\u00f6nnen.<\/p>\n<p>Die W\u00e4nde werden in der Sozialwerkstatt von Natuurpunt in Ekeren hergestellt.<\/p>\n","protected":false},"excerpt":{"rendered":"<p>IP WA 02 Insektenschutzwand | Robuste Nistmauer aus Douglasie mit Bambuselementen | ideal f\u00fcr viele Wildbienenarten<\/p>\n","protected":false},"featured_media":8754,"template":"","meta":{"_acf_changed":false,"_relevanssi_hide_post":"","_relevanssi_hide_content":"","_relevanssi_pin_for_all":"","_relevanssi_pin_keywords":"","_relevanssi_unpin_keywords":"","_relevanssi_related_keywords":"","_relevanssi_related_include_ids":"","_relevanssi_related_exclude_ids":"","_relevanssi_related_no_append":"","_relevanssi_related_not_related":"","_relevanssi_related_posts":"","_relevanssi_noindex_reason":""},"product_brand":[],"product_cat":[4618,4591],"product_tag":[],"class_list":{"0":"post-9532","1":"product","2":"type-product","3":"status-publish","4":"has-post-thumbnail","6":"product_cat-insektenhotel","7":"product_cat-insektennisthilfen","8":"pa_buitenmaat-b-x-h-x-d-cm-188-x-250-x-126-de","9":"pa_kleur-naturlich","10":"pa_materiaal-holz-douglas","11":"pa_materiaal-voor-filter-fsc-holz","12":"pa_soort-solitaere-bienen","13":"pa_soortgroep-insekten","15":"first","16":"instock","17":"purchasable","18":"product-type-simple"},"acf":[],"_links":{"self":[{"href":"https:\/\/viva.ezxdemo.com\/de\/wp-json\/wp\/v2\/product\/9532","targetHints":{"allow":["GET"]}}],"collection":[{"href":"https:\/\/viva.ezxdemo.com\/de\/wp-json\/wp\/v2\/product"}],"about":[{"href":"https:\/\/viva.ezxdemo.com\/de\/wp-json\/wp\/v2\/types\/product"}],"wp:featuredmedia":[{"embeddable":true,"href":"https:\/\/viva.ezxdemo.com\/de\/wp-json\/wp\/v2\/media\/8754"}],"wp:attachment":[{"href":"https:\/\/viva.ezxdemo.com\/de\/wp-json\/wp\/v2\/media?parent=9532"}],"wp:term":[{"taxonomy":"product_brand","embeddable":true,"href":"https:\/\/viva.ezxdemo.com\/de\/wp-json\/wp\/v2\/product_brand?post=9532"},{"taxonomy":"product_cat","embeddable":true,"href":"https:\/\/viva.ezxdemo.com\/de\/wp-json\/wp\/v2\/product_cat?post=9532"},{"taxonomy":"product_tag","embeddable":true,"href":"https:\/\/viva.ezxdemo.com\/de\/wp-json\/wp\/v2\/product_tag?post=9532"}],"curies":[{"name":"wp","href":"https:\/\/api.w.org\/{rel}","templated":true}]}}