{"id":9533,"date":"2023-12-20T19:08:38","date_gmt":"2023-12-20T18:08:38","guid":{"rendered":"https:\/\/vivarapro.nl\/product\/ow-oz-01-uferschwalbenwand\/"},"modified":"2026-02-24T09:31:59","modified_gmt":"2026-02-24T08:31:59","slug":"ow-oz-01-uferschwalbenwand","status":"publish","type":"product","link":"https:\/\/viva.ezxdemo.com\/de\/produkt\/ow-oz-01-uferschwalbenwand\/","title":{"rendered":"OW OZ 01 Uferschwalbenwand"},"content":{"rendered":"<p>Diese mobile Uferschwalbenwand bietet k\u00fcnstliche Nistm\u00f6glichkeiten f\u00fcr die Uferschwalbe.<\/p>\n<ul>\n<li>Die Mauer ist 3,75 m lang, 1,50 m tief und 2,30 m hoch. Er kann bis zu 51 Nistk\u00e4sten aufnehmen.<\/li>\n<li>Diese mobile Uferschwalbenwand besteht aus einem Holzbalkenrahmen, der mit 18 mm wasserfestem Betonsperrholz verkleidet ist. Die gesamte Au\u00dfenwand ist mit rauem Stuck versehen, um der Wand ein sandiges Aussehen zu verleihen. Das Dach ist mit synthetischer Kautschuk verklebt.<\/li>\n<li>Die Wand kann durch die T\u00fcr auf der R\u00fcckseite ge\u00f6ffnet werden. Diese T\u00fcr ist mit 2 Schiebern und Vorh\u00e4ngeschl\u00f6ssern ausgestattet.<\/li>\n<li>In der Wand wird ein Ger\u00fcst mit Plattformen gebaut, auf denen die 51 Nistk\u00e4sten<a href=\"https:\/\/www.vivarapro.de\/produkt\/nk-oz-01-uferschwalben-nistkasten\/\" target=\"_blank\" rel=\"noopener\">(NK OZ 01<\/a>) platziert werden. Diese Nistk\u00e4sten werden separat geliefert. Diese Nistk\u00e4sten k\u00f6nnen an der R\u00fcckseite leicht ge\u00f6ffnet werden, um Zugang zum Nistbereich zu erhalten. Die Kontrolle der Nistk\u00e4sten sollte nat\u00fcrlich auf ein Minimum beschr\u00e4nkt werden, um die Schwalben nicht zu st\u00f6ren!<\/li>\n<li>Diese Uferschwalbenwand ist ideal f\u00fcr die Forschung. Die Nester sind leicht erreichbar, um die Jungen zu wiegen, zu messen und zu beringen.<\/li>\n<\/ul>\n","protected":false},"excerpt":{"rendered":"<p>OW OZ 01 Uferschwalbenwand | Mobile Uferschwalbenwand f\u00fcr bis zu 51 Nistk\u00e4sten | ideal f\u00fcr Forschung &amp; Brutpl\u00e4tze in strukturarmen Gebieten.<\/p>\n","protected":false},"featured_media":27839,"template":"","meta":{"_acf_changed":false,"_relevanssi_hide_post":"","_relevanssi_hide_content":"","_relevanssi_pin_for_all":"","_relevanssi_pin_keywords":"","_relevanssi_unpin_keywords":"","_relevanssi_related_keywords":"","_relevanssi_related_include_ids":"","_relevanssi_related_exclude_ids":"","_relevanssi_related_no_append":"","_relevanssi_related_not_related":"","_relevanssi_related_posts":"","_relevanssi_noindex_reason":""},"product_brand":[],"product_cat":[4587,4607,4590,7870],"product_tag":[7286,7301,7302,7305,7308,7304,7293,7309,7310],"class_list":{"0":"post-9533","1":"product","2":"type-product","3":"status-publish","4":"has-post-thumbnail","6":"product_cat-schwalben","7":"product_cat-nistkasten-fur-uferschwalben","8":"product_cat-vogel-in-wassernahe","9":"product_cat-nistkaesten","10":"product_tag-kasten","11":"product_tag-nistkast","12":"product_tag-nistkasten","13":"product_tag-schwalbe","14":"product_tag-ufer","15":"product_tag-uferschwalbe","16":"product_tag-voegel","17":"product_tag-wand","18":"product_tag-wanden","19":"pa_buitenmaat-b-x-h-x-d-cm-375-x-230-x-150-de","20":"pa_kleur-grau","21":"pa_materiaal-betonsperrholz","22":"pa_materiaal-epdm-gummi","23":"pa_materiaal-fsc-holz","24":"pa_materiaal-spruhkorken","25":"pa_materiaal-voor-filter-fsc-holz","26":"pa_soort-uferschwalbe","27":"pa_soortgroep-schwalben","29":"first","30":"instock","31":"purchasable","32":"product-type-simple"},"acf":[],"_links":{"self":[{"href":"https:\/\/viva.ezxdemo.com\/de\/wp-json\/wp\/v2\/product\/9533","targetHints":{"allow":["GET"]}}],"collection":[{"href":"https:\/\/viva.ezxdemo.com\/de\/wp-json\/wp\/v2\/product"}],"about":[{"href":"https:\/\/viva.ezxdemo.com\/de\/wp-json\/wp\/v2\/types\/product"}],"wp:featuredmedia":[{"embeddable":true,"href":"https:\/\/viva.ezxdemo.com\/de\/wp-json\/wp\/v2\/media\/27839"}],"wp:attachment":[{"href":"https:\/\/viva.ezxdemo.com\/de\/wp-json\/wp\/v2\/media?parent=9533"}],"wp:term":[{"taxonomy":"product_brand","embeddable":true,"href":"https:\/\/viva.ezxdemo.com\/de\/wp-json\/wp\/v2\/product_brand?post=9533"},{"taxonomy":"product_cat","embeddable":true,"href":"https:\/\/viva.ezxdemo.com\/de\/wp-json\/wp\/v2\/product_cat?post=9533"},{"taxonomy":"product_tag","embeddable":true,"href":"https:\/\/viva.ezxdemo.com\/de\/wp-json\/wp\/v2\/product_tag?post=9533"}],"curies":[{"name":"wp","href":"https:\/\/api.w.org\/{rel}","templated":true}]}}