{"id":9535,"date":"2023-12-20T19:10:55","date_gmt":"2023-12-20T18:10:55","guid":{"rendered":"https:\/\/vivarapro.nl\/product\/rk-sl-01-wanderfalken-nistkasten\/"},"modified":"2026-02-03T12:47:18","modified_gmt":"2026-02-03T11:47:18","slug":"rk-sl-01-wanderfalken-nistkasten","status":"publish","type":"product","link":"https:\/\/viva.ezxdemo.com\/de\/produkt\/rk-sl-01-wanderfalken-nistkasten\/","title":{"rendered":"RK SL 01 Wanderfalken Nistkasten"},"content":{"rendered":"<p>Dieser Nistkasten besteht aus Betonsperrholz f\u00fcr den Au\u00dfenbereich und wird mit Edelstahlschrauben zusammengeschraubt. Das Dach ist mit Bitumen beschichtet und mit Aluminium-Eckprofilen versehen. Der Kasten wird mit einem verzinkten Anfluggitter und einem 25 kg Sack mit feinem Kies als Nistmaterial geliefert. F\u00fcr die Montage k\u00f6nnen Sie Ihre eigene Konstruktion anfertigen oder unseren Standard-Aufh\u00e4ngerahmen w\u00e4hlen. Dieser Rahmen kann jedoch nur f\u00fcr die Montage an einer Wand oder Fassade verwendet werden.<\/p>\n","protected":false},"excerpt":{"rendered":"<p>RK SL 01 Wanderfalken-Nistkasten | Robuster Nistkasten aus Betonsperrholz mit Bitumendach, Anfluggitter und Nistmaterial f\u00fcr den Au\u00dfenbereich<\/p>\n","protected":false},"featured_media":8824,"template":"","meta":{"_acf_changed":false,"_relevanssi_hide_post":"","_relevanssi_hide_content":"","_relevanssi_pin_for_all":"","_relevanssi_pin_keywords":"","_relevanssi_unpin_keywords":"","_relevanssi_related_keywords":"","_relevanssi_related_include_ids":"","_relevanssi_related_exclude_ids":"","_relevanssi_related_no_append":"","_relevanssi_related_not_related":"","_relevanssi_related_posts":"","_relevanssi_noindex_reason":""},"product_brand":[],"product_cat":[4588,7838,5101],"product_tag":[],"class_list":{"0":"post-9535","1":"product","2":"type-product","3":"status-publish","4":"has-post-thumbnail","6":"product_cat-unterkunft-fur-raubvogel","7":"product_cat-nabu-empfohlen","8":"product_cat-nisthilfen-fur-greifvogel-und-eulen","9":"pa_buitenmaat-b-x-h-x-d-cm-80-x-62-x-64-de","10":"pa_gewicht-kg-40-de","11":"pa_kleur-braun-grau","12":"pa_materiaal-betonsperrholz","13":"pa_materiaal-metall","14":"pa_materiaal-voor-filter-fsc-holz","15":"pa_soort-wanderfalke","16":"pa_soortgroep-raubvogel","18":"first","19":"instock","20":"purchasable","21":"product-type-simple"},"acf":[],"_links":{"self":[{"href":"https:\/\/viva.ezxdemo.com\/de\/wp-json\/wp\/v2\/product\/9535","targetHints":{"allow":["GET"]}}],"collection":[{"href":"https:\/\/viva.ezxdemo.com\/de\/wp-json\/wp\/v2\/product"}],"about":[{"href":"https:\/\/viva.ezxdemo.com\/de\/wp-json\/wp\/v2\/types\/product"}],"wp:featuredmedia":[{"embeddable":true,"href":"https:\/\/viva.ezxdemo.com\/de\/wp-json\/wp\/v2\/media\/8824"}],"wp:attachment":[{"href":"https:\/\/viva.ezxdemo.com\/de\/wp-json\/wp\/v2\/media?parent=9535"}],"wp:term":[{"taxonomy":"product_brand","embeddable":true,"href":"https:\/\/viva.ezxdemo.com\/de\/wp-json\/wp\/v2\/product_brand?post=9535"},{"taxonomy":"product_cat","embeddable":true,"href":"https:\/\/viva.ezxdemo.com\/de\/wp-json\/wp\/v2\/product_cat?post=9535"},{"taxonomy":"product_tag","embeddable":true,"href":"https:\/\/viva.ezxdemo.com\/de\/wp-json\/wp\/v2\/product_tag?post=9535"}],"curies":[{"name":"wp","href":"https:\/\/api.w.org\/{rel}","templated":true}]}}