{"id":9536,"date":"2023-12-20T19:08:38","date_gmt":"2023-12-20T18:08:38","guid":{"rendered":"https:\/\/vivarapro.nl\/product\/nk-oz-01-uferschwalben-nistkasten\/"},"modified":"2026-02-03T16:18:57","modified_gmt":"2026-02-03T15:18:57","slug":"nk-oz-01-uferschwalben-nistkasten","status":"publish","type":"product","link":"https:\/\/viva.ezxdemo.com\/de\/produkt\/nk-oz-01-uferschwalben-nistkasten\/","title":{"rendered":"NK OZ 01 Uferschwalben-Nistkasten"},"content":{"rendered":"<p>Uferschwalben nutzen normalerweise nat\u00fcrliche Steilw\u00e4nde oder Sandaufsch\u00fcttungen f\u00fcr ihre Bruth\u00f6hlen und geh\u00f6ren daher nicht zu den klassischen \u201eNistkastenbewohnern\u201c. Mit speziell entwickelten Nistk\u00e4sten l\u00e4sst sich dieser Art jedoch gezielt eine k\u00fcnstliche Brutm\u00f6glichkeit bieten.<\/p>\n<p>Die K\u00e4sten k\u00f6nnen in eigens errichteten Kunstw\u00e4nden oder in der speziell daf\u00fcr entwickelten Kunstwand <a href=\"https:\/\/www.vivarapro.de\/produkt\/ow-oz-01-uferschwalbenwand\/\" target=\"_blank\" rel=\"noopener\">OW OZ 01 <\/a>eingesetzt werden. Besonders geeignet sind Standorte in unmittelbarer N\u00e4he von Gew\u00e4ssern oder auf gr\u00f6\u00dferen Bau- und Abbaufl\u00e4chen, wo Uferschwalben sonst versuchen w\u00fcrden, in lockeren Sandhaufen zu br\u00fcten. Durch den Einbau in eine stabile k\u00fcnstliche Wand erhalten die V\u00f6gel auch in Gebieten, in denen nat\u00fcrliche Strukturen fehlen einen sicheren und ungest\u00f6rten Brutplatz.<\/p>\n<p>&nbsp;<\/p>\n","protected":false},"excerpt":{"rendered":"<p>NK OZ 01 Uferschwalben-Nistkasten | Spezieller Nistkasten f\u00fcr Uferschwalben | ideal f\u00fcr Kunstw\u00e4nde nahe Gew\u00e4ssern oder Abbaufl\u00e4chen.<\/p>\n","protected":false},"featured_media":8915,"template":"","meta":{"_acf_changed":false,"_relevanssi_hide_post":"","_relevanssi_hide_content":"","_relevanssi_pin_for_all":"","_relevanssi_pin_keywords":"","_relevanssi_unpin_keywords":"","_relevanssi_related_keywords":"","_relevanssi_related_include_ids":"","_relevanssi_related_exclude_ids":"","_relevanssi_related_no_append":"","_relevanssi_related_not_related":"","_relevanssi_related_posts":"","_relevanssi_noindex_reason":""},"product_brand":[],"product_cat":[4607,4587,4590,7838,7870],"product_tag":[7306,7286,7307,7301,7302,7305,7304,7293],"class_list":{"0":"post-9536","1":"product","2":"type-product","3":"status-publish","4":"has-post-thumbnail","6":"product_cat-nistkasten-fur-uferschwalben","7":"product_cat-schwalben","8":"product_cat-vogel-in-wassernahe","9":"product_cat-nabu-empfohlen","10":"product_cat-nistkaesten","11":"product_tag-brutplatz","12":"product_tag-kasten","13":"product_tag-kunstwand","14":"product_tag-nistkast","15":"product_tag-nistkasten","16":"product_tag-schwalbe","17":"product_tag-uferschwalbe","18":"product_tag-voegel","19":"pa_binnenmaat-b-x-h-x-d-cm-12-x-12-x-12-de","20":"pa_buitenmaat-b-x-h-x-d-cm-145-x-145-x-57-de","21":"pa_gewicht-kg-78-de","22":"pa_invliegopening-55mm-de","23":"pa_kleur-grau-grun","24":"pa_materiaal-holzbeton","25":"pa_materiaal-sperrholz-fsc","26":"pa_materiaal-voor-filter-holzbeton","27":"pa_soort-uferschwalbe","28":"pa_soortgroep-schwalben","30":"first","31":"instock","32":"purchasable","33":"product-type-simple"},"acf":[],"_links":{"self":[{"href":"https:\/\/viva.ezxdemo.com\/de\/wp-json\/wp\/v2\/product\/9536","targetHints":{"allow":["GET"]}}],"collection":[{"href":"https:\/\/viva.ezxdemo.com\/de\/wp-json\/wp\/v2\/product"}],"about":[{"href":"https:\/\/viva.ezxdemo.com\/de\/wp-json\/wp\/v2\/types\/product"}],"wp:featuredmedia":[{"embeddable":true,"href":"https:\/\/viva.ezxdemo.com\/de\/wp-json\/wp\/v2\/media\/8915"}],"wp:attachment":[{"href":"https:\/\/viva.ezxdemo.com\/de\/wp-json\/wp\/v2\/media?parent=9536"}],"wp:term":[{"taxonomy":"product_brand","embeddable":true,"href":"https:\/\/viva.ezxdemo.com\/de\/wp-json\/wp\/v2\/product_brand?post=9536"},{"taxonomy":"product_cat","embeddable":true,"href":"https:\/\/viva.ezxdemo.com\/de\/wp-json\/wp\/v2\/product_cat?post=9536"},{"taxonomy":"product_tag","embeddable":true,"href":"https:\/\/viva.ezxdemo.com\/de\/wp-json\/wp\/v2\/product_tag?post=9536"}],"curies":[{"name":"wp","href":"https:\/\/api.w.org\/{rel}","templated":true}]}}