{"id":9537,"date":"2023-12-20T19:06:04","date_gmt":"2023-12-20T18:06:04","guid":{"rendered":"https:\/\/vivarapro.nl\/product\/vk-sk-04-fledermaus-pfahlkasten-holzpfahl-komplett\/"},"modified":"2025-12-01T17:24:55","modified_gmt":"2025-12-01T16:24:55","slug":"vk-sk-04-fledermaus-pfahlkasten-holzpfahl-komplett","status":"publish","type":"product","link":"https:\/\/viva.ezxdemo.com\/de\/produkt\/vk-sk-04-fledermaus-pfahlkasten-holzpfahl-komplett\/","title":{"rendered":"VK SK 04 Fledermaus Pfahlkasten Holzpfahl (komplett)"},"content":{"rendered":"<p>Dieser Pfahlkasten bietet verschiedenen Fledermausarten wertvolle Sommer- und Paarungsquartiere. Aufgestellt auf einem 6 Meter hohen FSC-zertifizierten Douglasienmast eignet er sich besonders f\u00fcr Standorte in der N\u00e4he von Gr\u00fcnfl\u00e4chen mit Str\u00e4uchern und B\u00e4umen oder an Waldr\u00e4ndern. Auch auf Freifl\u00e4chen wie Parks, G\u00e4rten oder Lichtungen kann er erfolgreich eingesetzt werden, idealerweise in Randlage zur offenen Fl\u00e4che.<\/p>\n<p>Die Konstruktion besteht aus einem stabilen Mast mit vormontiertem Kasten, der durch vier S\u00e4cke Schnellbeton fest im Boden verankert wird. Im Inneren befinden sich drei Kammern mit 19 mm breiten Spalten, die durch \u00d6ffnungen in den Trennw\u00e4nden miteinander verbunden sind. Flederm\u00e4use gelangen \u00fcber offene Lamellen an der Unterseite in den Kasten, von wo aus sie alle Bereiche erreichen k\u00f6nnen. Seitliche L\u00fcftungsschlitze sorgen zus\u00e4tzlich f\u00fcr eine gute Luftzirkulation.<\/p>\n<p>Der Pfahlkasten wird von unterschiedlichen Arten genutzt, abh\u00e4ngig von den lokal vorkommenden Fledermausbest\u00e4nden. Er eignet sich in erster Linie als Sommer- und Paarungsquartier, kann in milden Wintern aber auch als Unterschlupf dienen.<\/p>\n<p><strong>Als Sommer und Paarungsquartier m\u00f6glich f\u00fcr:<\/strong> Zwergfledermaus, Rauhautfledermaus, Kleine M\u00fcckenfledermaus und Kleine Bartfledermaus,<\/p>\n<p><strong>Bei Aufbau im Wald zus\u00e4tzlich<\/strong><strong>:<\/strong> Braunes Langohr, Fransenfledermaus, Wasserfledermaus, Mopsfledermaus, Gro\u00dfe Bartfledermaus<\/p>\n<p><strong>In milden Wintern m\u00f6gliche Nutzung durch<\/strong><strong>:<\/strong> Zwergfledermaus, Braunes Langohr<\/p>\n","protected":false},"excerpt":{"rendered":"<p>VK SK 04 Fledermaus Pfahlkasten Holzpfahl (komplett) | Wetterfester Pfahlkasten f\u00fcr diverse Fledermausarten | optimal bel\u00fcftet und standfest<\/p>\n","protected":false},"featured_media":8934,"template":"","meta":{"_acf_changed":false,"_relevanssi_hide_post":"","_relevanssi_hide_content":"","_relevanssi_pin_for_all":"","_relevanssi_pin_keywords":"","_relevanssi_unpin_keywords":"","_relevanssi_related_keywords":"","_relevanssi_related_include_ids":"","_relevanssi_related_exclude_ids":"","_relevanssi_related_no_append":"","_relevanssi_related_not_related":"","_relevanssi_related_posts":"","_relevanssi_noindex_reason":""},"product_brand":[],"product_cat":[4584,4636,4616],"product_tag":[7278,7375,7286,7302,7585,7583],"class_list":{"0":"post-9537","1":"product","2":"type-product","3":"status-publish","4":"has-post-thumbnail","6":"product_cat-fledermause","7":"product_cat-haus-und-pfahlkasten","8":"product_cat-pfahlkasten-fledermause","9":"product_tag-fledermaus","10":"product_tag-fledermauese","11":"product_tag-kasten","12":"product_tag-nistkasten","13":"product_tag-pahlkasten","14":"product_tag-turm","15":"pa_buitenmaat-b-x-h-x-d-cm-43-x-165-x-43-ohne-pfosten","16":"pa_gewicht-kg-65-exkl-mast","17":"pa_materiaal-sperrholz-fsc","18":"pa_materiaal-spruhkorken","19":"pa_materiaal-voor-filter-fsc-holz","20":"pa_soort-braunes-langohr","21":"pa_soort-fransenfledermaus","22":"pa_soort-groser-abendsegler","23":"pa_soort-kleine-bartfledermaus","24":"pa_soort-kleiner-abendsegler","25":"pa_soort-mopsfledermaus","26":"pa_soort-muckenfledermaus","27":"pa_soort-rauhautfledermaus","28":"pa_soort-wasserfledermaus","29":"pa_soort-zwergfledermaus","30":"pa_soortgroep-fledermause","32":"first","33":"instock","34":"purchasable","35":"product-type-variable"},"acf":[],"_links":{"self":[{"href":"https:\/\/viva.ezxdemo.com\/de\/wp-json\/wp\/v2\/product\/9537","targetHints":{"allow":["GET"]}}],"collection":[{"href":"https:\/\/viva.ezxdemo.com\/de\/wp-json\/wp\/v2\/product"}],"about":[{"href":"https:\/\/viva.ezxdemo.com\/de\/wp-json\/wp\/v2\/types\/product"}],"wp:featuredmedia":[{"embeddable":true,"href":"https:\/\/viva.ezxdemo.com\/de\/wp-json\/wp\/v2\/media\/8934"}],"wp:attachment":[{"href":"https:\/\/viva.ezxdemo.com\/de\/wp-json\/wp\/v2\/media?parent=9537"}],"wp:term":[{"taxonomy":"product_brand","embeddable":true,"href":"https:\/\/viva.ezxdemo.com\/de\/wp-json\/wp\/v2\/product_brand?post=9537"},{"taxonomy":"product_cat","embeddable":true,"href":"https:\/\/viva.ezxdemo.com\/de\/wp-json\/wp\/v2\/product_cat?post=9537"},{"taxonomy":"product_tag","embeddable":true,"href":"https:\/\/viva.ezxdemo.com\/de\/wp-json\/wp\/v2\/product_tag?post=9537"}],"curies":[{"name":"wp","href":"https:\/\/api.w.org\/{rel}","templated":true}]}}