{"id":9538,"date":"2023-12-20T19:06:04","date_gmt":"2023-12-20T18:06:04","guid":{"rendered":"https:\/\/vivarapro.nl\/product\/vk-sk-03-fledermauskasten\/"},"modified":"2025-12-01T17:20:46","modified_gmt":"2025-12-01T16:20:46","slug":"vk-sk-03-fledermauskasten","status":"publish","type":"product","link":"https:\/\/viva.ezxdemo.com\/de\/produkt\/vk-sk-03-fledermauskasten\/","title":{"rendered":"VK SK 03 Fledermaus Fassadenkasten"},"content":{"rendered":"<p>Dieser extrabreite Nistkasten eignet sich f\u00fcr die Platzierung an jeder Art von Fassade, einschlie\u00dflich Spundw\u00e4nden. Der Kasten ist mit einem extralangen Anflugbrett ausgestattet, damit die Flederm\u00e4use darauf landen k\u00f6nnen. Von dort aus k\u00f6nnen die Flederm\u00e4use in den Kasten krabbeln. Der offene Boden des Kastens macht die Kontrolle einfach.<\/p>\n<p>Die drei F\u00e4cher, die einen Abstand von 19 mm haben, sind durch L\u00f6cher in den Trennw\u00e4nden gegenseitig zug\u00e4nglich. Die F\u00e4cher schaffen unterschiedliche Mikroklimata im Kasten. Dieser Nistkasten kann auch freistehend auf Pfosten verwendet werden. F\u00fcr Optionen siehe <a href=\"https:\/\/viva.ezxdemo.com\/product\/vk-sk-08-vleermuizen-paalkast-set\/\">VK SK 08<\/a>.<\/p>\n<p>Es gibt mehrere Fledermausarten, die diesen Fledermauskasten nutzen k\u00f6nnen. Das h\u00e4ngt von den lokal vorkommenden Arten ab. Dieser Kasten eignet sich als Nistunterschlupf, kann aber auch als Sommer- und\/oder Paarungsquartier genutzt werden. In milden Wintern kann der Kasten auch als Unterschlupf dienen.<\/p>\n<p>Als Sommer-Paarungsquartier m\u00f6glich f\u00fcr:<\/p>\n<ul>\n<li>Kleine Bartfledermaus<\/li>\n<li>Zwergfledermaus<\/li>\n<li>M\u00fcckenfledermaus<\/li>\n<li>Breitfl\u00fcgelfledermaus (experimentell)<\/li>\n<li>Teichfledermaus (experimentell)<\/li>\n<li>Rauhautfledermaus<\/li>\n<li>Zweifarbfledermaus (m\u00f6glicherweise auch als Nistunterschlupf)<\/li>\n<\/ul>\n<p>In milden Wintern, m\u00f6gliche Nutzung durch:<\/p>\n<ul>\n<li>Zwergfledermaus<\/li>\n<\/ul>\n<p>Der Kasten ist aus wasserfest verleimtem Multiplex gefertigt. Die Innenseite der R\u00fcckwand und eine Seite der Trennwand sind mit griffigem Spritzkork versehen. Um den Kasten besser zu sch\u00fctzen und zu isolieren, ist die Au\u00dfenseite des Kastens ebenfalls mit Spr\u00fchkork versehen. Der Kasten wird mit den passenden Aufh\u00e4ngebeschl\u00e4gen f\u00fcr eine einfache Montage geliefert.<\/p>\n","protected":false},"excerpt":{"rendered":"<p>VK SK 03 Fledermauskasten<\/p>\n","protected":false},"featured_media":8952,"template":"","meta":{"_acf_changed":false,"_relevanssi_hide_post":"","_relevanssi_hide_content":"","_relevanssi_pin_for_all":"","_relevanssi_pin_keywords":"","_relevanssi_unpin_keywords":"","_relevanssi_related_keywords":"","_relevanssi_related_include_ids":"","_relevanssi_related_exclude_ids":"","_relevanssi_related_no_append":"","_relevanssi_related_not_related":"","_relevanssi_related_posts":"","_relevanssi_noindex_reason":""},"product_brand":[],"product_cat":[4584,4601,4598,4600],"product_tag":[],"class_list":{"0":"post-9538","1":"product","2":"type-product","3":"status-publish","4":"has-post-thumbnail","6":"product_cat-fledermause","7":"product_cat-fassadenkaesten","8":"product_cat-fassadenkaesten-fledermause","9":"product_cat-wochenstube-fledermause","10":"pa_binnenmaat-b-x-h-x-d-cm-107-x-63-x-3-x-2-de","11":"pa_buitenmaat-b-x-h-x-d-cm-118-x-79-x-15-de","12":"pa_gewicht-kg-18-de","13":"pa_materiaal-multiplex-fur-den-ausenbereich-fsc","14":"pa_materiaal-spruhkorken","15":"pa_materiaal-voor-filter-fsc-holz","16":"pa_soort-braunes-langohr","17":"pa_soort-breitflugelfledermaus","18":"pa_soort-kleine-bartfledermaus","19":"pa_soort-muckenfledermaus","20":"pa_soort-rauhautfledermaus","21":"pa_soort-teichfledermaus","22":"pa_soort-zwergfledermaus","23":"pa_soortgroep-fledermause","25":"first","26":"instock","27":"purchasable","28":"product-type-simple"},"acf":[],"_links":{"self":[{"href":"https:\/\/viva.ezxdemo.com\/de\/wp-json\/wp\/v2\/product\/9538","targetHints":{"allow":["GET"]}}],"collection":[{"href":"https:\/\/viva.ezxdemo.com\/de\/wp-json\/wp\/v2\/product"}],"about":[{"href":"https:\/\/viva.ezxdemo.com\/de\/wp-json\/wp\/v2\/types\/product"}],"wp:featuredmedia":[{"embeddable":true,"href":"https:\/\/viva.ezxdemo.com\/de\/wp-json\/wp\/v2\/media\/8952"}],"wp:attachment":[{"href":"https:\/\/viva.ezxdemo.com\/de\/wp-json\/wp\/v2\/media?parent=9538"}],"wp:term":[{"taxonomy":"product_brand","embeddable":true,"href":"https:\/\/viva.ezxdemo.com\/de\/wp-json\/wp\/v2\/product_brand?post=9538"},{"taxonomy":"product_cat","embeddable":true,"href":"https:\/\/viva.ezxdemo.com\/de\/wp-json\/wp\/v2\/product_cat?post=9538"},{"taxonomy":"product_tag","embeddable":true,"href":"https:\/\/viva.ezxdemo.com\/de\/wp-json\/wp\/v2\/product_tag?post=9538"}],"curies":[{"name":"wp","href":"https:\/\/api.w.org\/{rel}","templated":true}]}}