{"id":9539,"date":"2023-12-20T19:06:04","date_gmt":"2023-12-20T18:06:04","guid":{"rendered":"https:\/\/vivarapro.nl\/product\/vk-mp-04-giebelkasten-fuer-fledermaeuse\/"},"modified":"2026-01-15T16:33:56","modified_gmt":"2026-01-15T15:33:56","slug":"vk-mp-04-fledermauskasten","status":"publish","type":"product","link":"https:\/\/viva.ezxdemo.com\/de\/produkt\/vk-mp-04-fledermauskasten\/","title":{"rendered":"VK MP 04 Fledermaus Fassadenkasten"},"content":{"rendered":"<p>Dieser kompakte Fledermauskasten eignet sich f\u00fcr vor\u00fcbergehende Unterbringung und kann sowohl an Fassaden als auch in B\u00e4umen montiert werden. Fachkundige empfehlen jedoch h\u00e4ufig zweischichtige K\u00e4sten f\u00fcr eine l\u00e4ngere Nutzung.<\/p>\n<p>Die Nutzung durch verschiedene Fledermausarten h\u00e4ngt von der lokalen Artenvielfalt und dem jeweiligen Standort ab. Der Kasten eignet sich als Sommer- und\/oder Paarungsquartier. In milden Wintern kann er zudem als Unterschlupf dienen.<\/p>\n<p>Der Kasten ist in Schwarz gehalten, um auch an schattigen, k\u00fchleren Standorten eine schnelle Erw\u00e4rmung zu erm\u00f6glichen. Alternativ ist der Fledermauskasten in Wei\u00df erh\u00e4ltlich <a href=\"https:\/\/www.vivarapro.de\/produkt\/vk-mp-07-giebelkasten-fuer-fledermaeuse\/?highlight=VK+MP+07\" target=\"_blank\" rel=\"noopener\">(VK MP 07)<\/a>, was insbesondere an sonnigen, warmen Standorten den Temperaturanstieg im Inneren reduziert.<\/p>\n<p>Gefertigt aus wasserfest verleimtem Multiplex, ist die R\u00fcckwand im Innenbereich mit griffigem Spr\u00fchkork versehen, der den Flederm\u00e4usen sicheren Halt bietet. F\u00fcr die Montage werden D\u00fcbel und Schrauben mitgeliefert.<\/p>\n<p>Geeignet als Sommer- und Paarungsquartier f\u00fcr:<\/p>\n<ul>\n<li>Kleine Bartfledermaus<\/li>\n<li>Zwergfledermaus<\/li>\n<li>M\u00fcckenfledermaus<\/li>\n<li>Rauhautfledermaus<\/li>\n<\/ul>\n<p>In milden Wintern, m\u00f6gliche Nutzung durch:<\/p>\n<ul>\n<li>Zwergfledermaus<\/li>\n<\/ul>\n","protected":false},"excerpt":{"rendered":"<p>VK MP 04 Fledermaus Fassadenkasten | Kompakter und ideal als Sommer- oder Paarungsquartier, wahlweise schwarz oder wei\u00df.<\/p>\n","protected":false},"featured_media":29025,"template":"","meta":{"_acf_changed":false,"_relevanssi_hide_post":"","_relevanssi_hide_content":"","_relevanssi_pin_for_all":"","_relevanssi_pin_keywords":"","_relevanssi_unpin_keywords":"","_relevanssi_related_keywords":"","_relevanssi_related_include_ids":"","_relevanssi_related_exclude_ids":"","_relevanssi_related_no_append":"","_relevanssi_related_not_related":"","_relevanssi_related_posts":"","_relevanssi_noindex_reason":""},"product_brand":[],"product_cat":[4601,4598,4584],"product_tag":[7278,7395,7286,7302,7279],"class_list":{"0":"post-9539","1":"product","2":"type-product","3":"status-publish","4":"has-post-thumbnail","6":"product_cat-fassadenkaesten","7":"product_cat-fassadenkaesten-fledermause","8":"product_cat-fledermause","9":"product_tag-fledermaus","10":"product_tag-fledermaeusen","11":"product_tag-kasten","12":"product_tag-nistkasten","13":"product_tag-schwarz","14":"pa_binnenmaat-b-x-h-x-d-cm-225-x-33-x-15-de","15":"pa_buitenmaat-b-x-h-x-d-cm-28-x-41-x-65-de","16":"pa_gewicht-kg-2-de","17":"pa_kleur-schwarz-oder-weis","18":"pa_materiaal-multiplex-fur-den-ausenbereich-fsc","19":"pa_materiaal-spruhkorken","20":"pa_materiaal-voor-filter-fsc-holz","21":"pa_soort-kleine-bartfledermaus","22":"pa_soort-muckenfledermaus","23":"pa_soort-rauhautfledermaus","24":"pa_soort-zwergfledermaus","25":"pa_soortgroep-fledermause","27":"first","28":"instock","29":"purchasable","30":"product-type-simple"},"acf":[],"_links":{"self":[{"href":"https:\/\/viva.ezxdemo.com\/de\/wp-json\/wp\/v2\/product\/9539","targetHints":{"allow":["GET"]}}],"collection":[{"href":"https:\/\/viva.ezxdemo.com\/de\/wp-json\/wp\/v2\/product"}],"about":[{"href":"https:\/\/viva.ezxdemo.com\/de\/wp-json\/wp\/v2\/types\/product"}],"wp:featuredmedia":[{"embeddable":true,"href":"https:\/\/viva.ezxdemo.com\/de\/wp-json\/wp\/v2\/media\/29025"}],"wp:attachment":[{"href":"https:\/\/viva.ezxdemo.com\/de\/wp-json\/wp\/v2\/media?parent=9539"}],"wp:term":[{"taxonomy":"product_brand","embeddable":true,"href":"https:\/\/viva.ezxdemo.com\/de\/wp-json\/wp\/v2\/product_brand?post=9539"},{"taxonomy":"product_cat","embeddable":true,"href":"https:\/\/viva.ezxdemo.com\/de\/wp-json\/wp\/v2\/product_cat?post=9539"},{"taxonomy":"product_tag","embeddable":true,"href":"https:\/\/viva.ezxdemo.com\/de\/wp-json\/wp\/v2\/product_tag?post=9539"}],"curies":[{"name":"wp","href":"https:\/\/api.w.org\/{rel}","templated":true}]}}