{"id":9541,"date":"2023-12-20T19:06:04","date_gmt":"2023-12-20T18:06:04","guid":{"rendered":"https:\/\/vivarapro.nl\/product\/vk-mp-08-giebelkasten-fuer-fledermaeuse\/"},"modified":"2025-12-01T17:04:12","modified_gmt":"2025-12-01T16:04:12","slug":"vk-mp-08-fassadenkasten-fuer-fledermaeuse","status":"publish","type":"product","link":"https:\/\/viva.ezxdemo.com\/de\/produkt\/vk-mp-08-fassadenkasten-fuer-fledermaeuse\/","title":{"rendered":"VK MP 08 Fassadenkasten f\u00fcr Flederm\u00e4use"},"content":{"rendered":"<p>Dieser Fledermauskasten besteht aus zwei Kammern und wird im Rahmen tempor\u00e4rer Ausgleichsma\u00dfnahmen eingesetzt. Die bevorzugte Anbringung erfolgt an Fassaden, der Kasten ist jedoch auch zur Montage an B\u00e4umen geeignet.<\/p>\n<p>Es gibt verschiedene Fledermausarten, die diesen Fledermauskasten nutzen k\u00f6nnen, dies h\u00e4ngt von den lokal vorkommenden Arten und dem Standort ab, an dem der Fledermauskasten aufgeh\u00e4ngt wird. Der Kasten ist als Sommer- und\/oder Paarungsquartier geeignet. In milden Wintern kann der Kasten auch als Unterschlupf dienen.<\/p>\n<p>Als Sommer-Paarungsquartier m\u00f6glich f\u00fcr:<\/p>\n<ul>\n<li>Kleine Bartfledermaus<\/li>\n<li>Zwergfledermaus<\/li>\n<li>Braunes Langohr (in Dachb\u00f6den)<\/li>\n<li>M\u00fcckenfledermaus<\/li>\n<li>Rauhautfledermaus<\/li>\n<\/ul>\n<p>In milden Wintern, m\u00f6gliche Nutzung durch:<\/p>\n<ul>\n<li>Zwergfledermaus<\/li>\n<\/ul>\n<p>Der Kasten ist wei\u00df lackiert, so dass sich die Temperatur im Inneren des Kastens weniger schnell aufheizt, wenn er an sonnigen, warmen Orten platziert wird. Dieser Fledermauskasten ist auch in der Farbe Schwarz erh\u00e4ltlich <a href=\"https:\/\/www.vivarapro.de\/produkt\/vk-mp-05-giebelkasten-fuer-fledermaeuse\/?highlight=vk+mp+05\" target=\"_blank\" rel=\"noopener\">(VK MP 05)<\/a>. Schwarz hat den Vorteil, dass sich die Temperatur im Inneren des Kastens schnell erw\u00e4rmen kann, wenn der Kasten an einem schattigen, k\u00fchleren Ort steht.<\/p>\n<p>Dieser Kasten ist aus wasserfest verleimtem Multiplex gefertigt. An der Innenseite der R\u00fcckwand und an einer Seite der Trennwand ist dieser Fledermauskasten mit griffigem Spr\u00fchkork versehen. Der Kasten wird mit D\u00fcbeln und Schrauben f\u00fcr die Montage geliefert.<\/p>\n","protected":false},"excerpt":{"rendered":"<p>VK MP 08 Fassadenkasten f\u00fcr Flederm\u00e4use | Wei\u00dfer kasten mit zwei Kammern | Sommer- oder Paarungsquartier, wetterfest &amp; vielseitig einsetzbar.<\/p>\n","protected":false},"featured_media":29152,"template":"","meta":{"_acf_changed":false,"_relevanssi_hide_post":"","_relevanssi_hide_content":"","_relevanssi_pin_for_all":"","_relevanssi_pin_keywords":"","_relevanssi_unpin_keywords":"","_relevanssi_related_keywords":"","_relevanssi_related_include_ids":"","_relevanssi_related_exclude_ids":"","_relevanssi_related_no_append":"","_relevanssi_related_not_related":"","_relevanssi_related_posts":"","_relevanssi_noindex_reason":""},"product_brand":[],"product_cat":[4601,4598,4584],"product_tag":[7281,7278,7375,7286,7302,7416,7417],"class_list":{"0":"post-9541","1":"product","2":"type-product","3":"status-publish","4":"has-post-thumbnail","6":"product_cat-fassadenkaesten","7":"product_cat-fassadenkaesten-fledermause","8":"product_cat-fledermause","9":"product_tag-fassade","10":"product_tag-fledermaus","11":"product_tag-fledermauese","12":"product_tag-kasten","13":"product_tag-nistkasten","14":"product_tag-sommerquartier","15":"product_tag-winterquartier","16":"pa_binnenmaat-b-x-h-x-d-cm-32-x-44-x-2-x-15-de","17":"pa_buitenmaat-b-x-h-x-d-cm-385-x-57-x-13-de","18":"pa_gewicht-kg-55-de","19":"pa_kleur-weis","20":"pa_materiaal-multiplex-fur-den-ausenbereich-fsc","21":"pa_materiaal-spruhkorken","22":"pa_materiaal-voor-filter-fsc-holz","23":"pa_soort-kleine-bartfledermaus","24":"pa_soort-muckenfledermaus","25":"pa_soort-rauhautfledermaus","26":"pa_soort-zwergfledermaus","27":"pa_soortgroep-fledermause","29":"first","30":"instock","31":"purchasable","32":"product-type-simple"},"acf":[],"_links":{"self":[{"href":"https:\/\/viva.ezxdemo.com\/de\/wp-json\/wp\/v2\/product\/9541","targetHints":{"allow":["GET"]}}],"collection":[{"href":"https:\/\/viva.ezxdemo.com\/de\/wp-json\/wp\/v2\/product"}],"about":[{"href":"https:\/\/viva.ezxdemo.com\/de\/wp-json\/wp\/v2\/types\/product"}],"wp:featuredmedia":[{"embeddable":true,"href":"https:\/\/viva.ezxdemo.com\/de\/wp-json\/wp\/v2\/media\/29152"}],"wp:attachment":[{"href":"https:\/\/viva.ezxdemo.com\/de\/wp-json\/wp\/v2\/media?parent=9541"}],"wp:term":[{"taxonomy":"product_brand","embeddable":true,"href":"https:\/\/viva.ezxdemo.com\/de\/wp-json\/wp\/v2\/product_brand?post=9541"},{"taxonomy":"product_cat","embeddable":true,"href":"https:\/\/viva.ezxdemo.com\/de\/wp-json\/wp\/v2\/product_cat?post=9541"},{"taxonomy":"product_tag","embeddable":true,"href":"https:\/\/viva.ezxdemo.com\/de\/wp-json\/wp\/v2\/product_tag?post=9541"}],"curies":[{"name":"wp","href":"https:\/\/api.w.org\/{rel}","templated":true}]}}