{"id":9544,"date":"2023-12-20T19:08:38","date_gmt":"2023-12-20T18:08:38","guid":{"rendered":"https:\/\/vivarapro.nl\/product\/uk-st-01-steinkauz-nistkasten\/"},"modified":"2026-02-03T12:54:47","modified_gmt":"2026-02-03T11:54:47","slug":"uk-st-01-steinkauz-nistkasten","status":"publish","type":"product","link":"https:\/\/viva.ezxdemo.com\/de\/produkt\/uk-st-01-steinkauz-nistkasten\/","title":{"rendered":"UK ST 01 Steinkauznistkasten"},"content":{"rendered":"<p>Steink\u00e4uze und andere Eulenarten finden in vielen landwirtschaftlich gepr\u00e4gten Gebieten nur noch wenige nat\u00fcrliche Nistm\u00f6glichkeiten. Speziell auf Bauernh\u00f6fen, auf denen in den letzten Jahren keine Nisth\u00f6hlen mehr vorhanden waren, werden Nistk\u00e4sten von Steink\u00e4uzen h\u00e4ufig dankbar angenommen. Sch\u00e4tzungen zufolge br\u00fctet heute mindestens ein Viertel bis ein Drittel der niederl\u00e4ndischen Steinkauzpopulation in k\u00fcnstlichen Nisth\u00f6hlen.<\/p>\n<p>Bei der Installation eines Nistkastens sind die folgenden Punkte wichtig:<\/p>\n<ul>\n<li>Ausreichend Platz zum Nisten, stellen Sie den Kasten so ger\u00e4umig wie m\u00f6glich auf (Bodenfl\u00e4che).<\/li>\n<li>Gute Bel\u00fcftung.<\/li>\n<li>Feuchtigkeitsabsorbierendes Bodenmaterial (trockene Holzsp\u00e4ne).<\/li>\n<li>Vermeiden Sie das Durchn\u00e4ssen bei Regen und starkem Wind.<\/li>\n<li>Nachhaltig; ein Nistkasten sollte etwa 10 Jahre lang Wind und Wetter standhalten k\u00f6nnen.<\/li>\n<li>Der Kasten sollte f\u00fcr die Inspektion des Nistkastens leicht zug\u00e4nglich und zu \u00f6ffnen sein.<\/li>\n<li>Verhindern Sie den Zugang von Raubtieren wie Steinmardern, z. B. durch Anbringen eines mardersicheren Schlosses. Dadurch werden auch Nistplatzkonkurrenten wie Dohlen und H\u00f6hlentauben ferngehalten.<\/li>\n<\/ul>\n<p>&nbsp;<\/p>\n","protected":false},"excerpt":{"rendered":"<p>UK ST 01 Steinkauz-Nistkasten | Eulennistkasten f\u00fcr sichere Brutpl\u00e4tze \u2013 robust, feuchtigkeitsregulierend und vor Mardern gesch\u00fctzt<\/p>\n","protected":false},"featured_media":8975,"template":"","meta":{"_acf_changed":false,"_relevanssi_hide_post":"","_relevanssi_hide_content":"","_relevanssi_pin_for_all":"","_relevanssi_pin_keywords":"","_relevanssi_unpin_keywords":"","_relevanssi_related_keywords":"","_relevanssi_related_include_ids":"","_relevanssi_related_exclude_ids":"","_relevanssi_related_no_append":"","_relevanssi_related_not_related":"","_relevanssi_related_posts":"","_relevanssi_noindex_reason":""},"product_brand":[],"product_cat":[4617,5101],"product_tag":[],"class_list":{"0":"post-9544","1":"product","2":"type-product","3":"status-publish","4":"has-post-thumbnail","6":"product_cat-unterkunft-fur-eulen","7":"product_cat-nisthilfen-fur-greifvogel-und-eulen","8":"pa_binnenmaat-b-x-h-x-d-cm-33-x-28-x-49-de","9":"pa_buitenmaat-b-x-h-x-d-cm-50-x-35-x-85-de","10":"pa_gewicht-kg-14-de-2","11":"pa_invliegopening-70mm-de","12":"pa_kleur-grun","13":"pa_materiaal-sperrholz-fsc","14":"pa_materiaal-voor-filter-fsc-holz","15":"pa_soort-steinkauz","16":"pa_soortgroep-eulen","18":"first","19":"instock","20":"purchasable","21":"product-type-simple"},"acf":[],"_links":{"self":[{"href":"https:\/\/viva.ezxdemo.com\/de\/wp-json\/wp\/v2\/product\/9544","targetHints":{"allow":["GET"]}}],"collection":[{"href":"https:\/\/viva.ezxdemo.com\/de\/wp-json\/wp\/v2\/product"}],"about":[{"href":"https:\/\/viva.ezxdemo.com\/de\/wp-json\/wp\/v2\/types\/product"}],"wp:featuredmedia":[{"embeddable":true,"href":"https:\/\/viva.ezxdemo.com\/de\/wp-json\/wp\/v2\/media\/8975"}],"wp:attachment":[{"href":"https:\/\/viva.ezxdemo.com\/de\/wp-json\/wp\/v2\/media?parent=9544"}],"wp:term":[{"taxonomy":"product_brand","embeddable":true,"href":"https:\/\/viva.ezxdemo.com\/de\/wp-json\/wp\/v2\/product_brand?post=9544"},{"taxonomy":"product_cat","embeddable":true,"href":"https:\/\/viva.ezxdemo.com\/de\/wp-json\/wp\/v2\/product_cat?post=9544"},{"taxonomy":"product_tag","embeddable":true,"href":"https:\/\/viva.ezxdemo.com\/de\/wp-json\/wp\/v2\/product_tag?post=9544"}],"curies":[{"name":"wp","href":"https:\/\/api.w.org\/{rel}","templated":true}]}}