{"id":9545,"date":"2023-12-20T19:06:04","date_gmt":"2023-12-20T19:06:04","guid":{"rendered":"https:\/\/vivarapro.nl\/product\/vk-ws-10-fledermaus-giebelkasten\/"},"modified":"2025-12-01T16:48:40","modified_gmt":"2025-12-01T15:48:40","slug":"vk-ws-10-fledermaus-giebelkasten","status":"publish","type":"product","link":"https:\/\/viva.ezxdemo.com\/de\/produkt\/vk-ws-10-fledermaus-giebelkasten\/","title":{"rendered":"VK WS 10 Fledermaus Fassadenkasten"},"content":{"rendered":"<p>Dieser kleine Fledermauskasten wird vorzugsweise an der Fassade angebracht, kann aber auch in B\u00e4umen platziert werden.<\/p>\n<p>Der Kasten ist wei\u00df lackiert, so dass sich die Temperatur im Inneren des Kastens weniger schnell aufheizt, wenn er an sonnigen, warmen Orten platziert wird. Dieser Fledermauskasten ist auch in der Farbe Schwarz erh\u00e4ltlich<a href=\"https:\/\/vivarapro.de\/produkt\/vk-ws-01-vleermuizenkast\/\" target=\"_blank\" rel=\"noopener\">(VK WS 01<\/a>). Schwarz hat den Vorteil, dass sich die Temperatur im Inneren des Kastens schnell erw\u00e4rmen kann, wenn der Kasten an einem schattigen, k\u00fchleren Ort steht.<\/p>\n<p>Es gibt verschiedene Fledermausarten, die diesen Fledermauskasten nutzen k\u00f6nnen, dies h\u00e4ngt von den lokal vorkommenden Arten und dem Standort ab, an dem der Fledermauskasten aufgeh\u00e4ngt wird. Der Kasten ist als Sommer- und\/oder Paarungsquartier geeignet. In milden Wintern kann der Kasten auch als Unterschlupf dienen.<\/p>\n<p>Der Kasten ist aus 100% Holzbeton gefertigt und wird mit D\u00fcbeln und Schrauben zur Befestigung geliefert.<\/p>\n<p><strong>Als Sommer-Paarungsquartier m\u00f6glich f\u00fcr:<\/strong><\/p>\n<ul>\n<li>Zwergfledermaus<\/li>\n<li>M\u00fcckenfledermaus<\/li>\n<li>Rauhautfledermaus<\/li>\n<li>Kleine Bartfledermaus<\/li>\n<li>Gro\u00dfe Bartfledermaus<\/li>\n<li>Kleiner Abendsegler<\/li>\n<li>Braunes Langohr<\/li>\n<li>Wasserfledermaus<\/li>\n<\/ul>\n<p><strong>In milden Wintern, m\u00f6gliche Nutzung durch:<\/strong><\/p>\n<ul>\n<li>Zwergfledermaus<\/li>\n<li>Braunes Langohr<\/li>\n<\/ul>\n","protected":false},"excerpt":{"rendered":"<p>VK WS 10 Fledermaus-Giebelkasten<\/p>\n","protected":false},"featured_media":28838,"template":"","meta":{"_acf_changed":false,"_relevanssi_hide_post":"","_relevanssi_hide_content":"","_relevanssi_pin_for_all":"","_relevanssi_pin_keywords":"","_relevanssi_unpin_keywords":"","_relevanssi_related_keywords":"","_relevanssi_related_include_ids":"","_relevanssi_related_exclude_ids":"","_relevanssi_related_no_append":"","_relevanssi_related_not_related":"","_relevanssi_related_posts":"","_relevanssi_noindex_reason":""},"product_brand":[],"product_cat":[4584,4601,4598],"product_tag":[],"class_list":{"0":"post-9545","1":"product","2":"type-product","3":"status-publish","4":"has-post-thumbnail","6":"product_cat-fledermause","7":"product_cat-fassadenkaesten","8":"product_cat-fassadenkaesten-fledermause","9":"pa_binnenmaat-b-x-h-x-d-cm-19-x-30-x-2-de","10":"pa_buitenmaat-b-x-h-x-d-cm-29-x-40-x-7-de","11":"pa_gewicht-kg-5-de","12":"pa_kleur-weis","13":"pa_materiaal-woodstone-de","14":"pa_materiaal-voor-filter-holzbeton","15":"pa_soort-braunes-langohr","16":"pa_soort-breitflugelfledermaus","17":"pa_soort-fransenfledermaus","18":"pa_soort-grose-bartfledermaus","19":"pa_soort-groser-abendsegler","20":"pa_soort-kleine-bartfledermaus","21":"pa_soort-muckenfledermaus","22":"pa_soort-rauhautfledermaus","23":"pa_soort-teichfledermaus","24":"pa_soort-wasserfledermaus","25":"pa_soort-zwergfledermaus","26":"pa_soortgroep-fledermause","28":"first","29":"instock","30":"purchasable","31":"product-type-simple"},"acf":[],"_links":{"self":[{"href":"https:\/\/viva.ezxdemo.com\/de\/wp-json\/wp\/v2\/product\/9545","targetHints":{"allow":["GET"]}}],"collection":[{"href":"https:\/\/viva.ezxdemo.com\/de\/wp-json\/wp\/v2\/product"}],"about":[{"href":"https:\/\/viva.ezxdemo.com\/de\/wp-json\/wp\/v2\/types\/product"}],"wp:featuredmedia":[{"embeddable":true,"href":"https:\/\/viva.ezxdemo.com\/de\/wp-json\/wp\/v2\/media\/28838"}],"wp:attachment":[{"href":"https:\/\/viva.ezxdemo.com\/de\/wp-json\/wp\/v2\/media?parent=9545"}],"wp:term":[{"taxonomy":"product_brand","embeddable":true,"href":"https:\/\/viva.ezxdemo.com\/de\/wp-json\/wp\/v2\/product_brand?post=9545"},{"taxonomy":"product_cat","embeddable":true,"href":"https:\/\/viva.ezxdemo.com\/de\/wp-json\/wp\/v2\/product_cat?post=9545"},{"taxonomy":"product_tag","embeddable":true,"href":"https:\/\/viva.ezxdemo.com\/de\/wp-json\/wp\/v2\/product_tag?post=9545"}],"curies":[{"name":"wp","href":"https:\/\/api.w.org\/{rel}","templated":true}]}}