{"id":9546,"date":"2023-12-20T19:06:04","date_gmt":"2023-12-20T18:06:04","guid":{"rendered":"https:\/\/vivarapro.nl\/product\/vk-mp-05-giebelkasten-fuer-fledermaeuse\/"},"modified":"2025-12-01T17:03:03","modified_gmt":"2025-12-01T16:03:03","slug":"vk-mp-05-fassadenkasten-fuer-fledermaeuse","status":"publish","type":"product","link":"https:\/\/viva.ezxdemo.com\/de\/produkt\/vk-mp-05-fassadenkasten-fuer-fledermaeuse\/","title":{"rendered":"VK MP 05 Fassadenkasten f\u00fcr Flederm\u00e4use"},"content":{"rendered":"<p>Dieser Fledermauskasten besteht aus drei Kammern und wird im Rahmen tempor\u00e4rer Ausgleichsma\u00dfnahmen eingesetzt. Die bevorzugte Anbringung erfolgt an Fassaden, der Kasten ist jedoch auch zur Montage an B\u00e4umen geeignet.<\/p>\n<p>Es gibt verschiedene Fledermausarten, die diesen Fledermauskasten nutzen k\u00f6nnen, dies h\u00e4ngt von den lokal vorkommenden Arten und dem Standort ab, an dem der Fledermauskasten aufgeh\u00e4ngt wird. Der Kasten ist als Sommer- und\/oder Paarungsquartier geeignet. In milden Wintern kann der Kasten auch als Unterschlupf dienen.<\/p>\n<p>Dieser Kasten ist in Schwarz gehalten, damit sich die Temperatur im Inneren schnell erw\u00e4rmt, wenn der Kasten an einem schattigen, k\u00fchleren Ort steht. Die beiden F\u00e4cher schaffen unterschiedliche Mikroklimata im Kasten. Der Fledermauskasten ist auch in der Farbe Wei\u00df erh\u00e4ltlich <a href=\"https:\/\/www.vivarapro.de\/produkt\/vk-mp-08-giebelkasten-fuer-fledermaeuse\/\" target=\"_blank\" rel=\"noopener\">(VK MP 08)<\/a>. Wei\u00df hat den Vorteil, dass sich die Temperatur im Inneren des Kastens weniger schnell aufheizt, wenn er an sonnigen, warmen Orten platziert wird.<\/p>\n<p>Der Kasten ist aus wasserfest verleimtem Multiplex gefertigt. An der Innenseite der R\u00fcckwand und an einer Seite der Trennwand ist dieser Fledermauskasten mit griffigem Spr\u00fchkork versehen. Der Kasten wird mit D\u00fcbeln und Schrauben f\u00fcr die Montage geliefert.<\/p>\n<p>Als Sommer-Paarungsquartier m\u00f6glich f\u00fcr:<\/p>\n<ul>\n<li>Kleine Bartfledermaus<\/li>\n<li>Zwergfledermaus<\/li>\n<li>Braunes Langohr (in Dachb\u00f6den)<\/li>\n<li>M\u00fcckenfledermaus<\/li>\n<li>Rauhautfledermaus<\/li>\n<\/ul>\n<p>In milden Wintern, m\u00f6gliche Nutzung durch:<\/p>\n<ul>\n<li>Zwergfledermaus<\/li>\n<\/ul>\n","protected":false},"excerpt":{"rendered":"<p>VK MP 05 Fassadenkasten f\u00fcr Flederm\u00e4use | Dreikammer-Fledermauskasten | ideal als Sommer- oder Paarungsquartier, schwarz oder wei\u00df<\/p>\n","protected":false},"featured_media":29053,"template":"","meta":{"_acf_changed":false,"_relevanssi_hide_post":"","_relevanssi_hide_content":"","_relevanssi_pin_for_all":"","_relevanssi_pin_keywords":"","_relevanssi_unpin_keywords":"","_relevanssi_related_keywords":"","_relevanssi_related_include_ids":"","_relevanssi_related_exclude_ids":"","_relevanssi_related_no_append":"","_relevanssi_related_not_related":"","_relevanssi_related_posts":"","_relevanssi_noindex_reason":""},"product_brand":[],"product_cat":[4601,4598,4584],"product_tag":[7281,7278,7375,7286,7302,7279],"class_list":{"0":"post-9546","1":"product","2":"type-product","3":"status-publish","4":"has-post-thumbnail","6":"product_cat-fassadenkaesten","7":"product_cat-fassadenkaesten-fledermause","8":"product_cat-fledermause","9":"product_tag-fassade","10":"product_tag-fledermaus","11":"product_tag-fledermauese","12":"product_tag-kasten","13":"product_tag-nistkasten","14":"product_tag-schwarz","15":"pa_binnenmaat-b-x-h-x-d-cm-32-x-44-x-2-x-15-de","16":"pa_buitenmaat-b-x-h-x-d-cm-385-x-57-x-13-de","17":"pa_gewicht-kg-55-de","18":"pa_kleur-schwarz-oder-weis","19":"pa_materiaal-sperrholz-fsc","20":"pa_materiaal-spruhkorken","21":"pa_materiaal-voor-filter-fsc-holz","22":"pa_soort-kleine-bartfledermaus","23":"pa_soort-muckenfledermaus","24":"pa_soort-rauhautfledermaus","25":"pa_soort-zwergfledermaus","26":"pa_soortgroep-fledermause","28":"first","29":"instock","30":"purchasable","31":"product-type-simple"},"acf":[],"_links":{"self":[{"href":"https:\/\/viva.ezxdemo.com\/de\/wp-json\/wp\/v2\/product\/9546","targetHints":{"allow":["GET"]}}],"collection":[{"href":"https:\/\/viva.ezxdemo.com\/de\/wp-json\/wp\/v2\/product"}],"about":[{"href":"https:\/\/viva.ezxdemo.com\/de\/wp-json\/wp\/v2\/types\/product"}],"wp:featuredmedia":[{"embeddable":true,"href":"https:\/\/viva.ezxdemo.com\/de\/wp-json\/wp\/v2\/media\/29053"}],"wp:attachment":[{"href":"https:\/\/viva.ezxdemo.com\/de\/wp-json\/wp\/v2\/media?parent=9546"}],"wp:term":[{"taxonomy":"product_brand","embeddable":true,"href":"https:\/\/viva.ezxdemo.com\/de\/wp-json\/wp\/v2\/product_brand?post=9546"},{"taxonomy":"product_cat","embeddable":true,"href":"https:\/\/viva.ezxdemo.com\/de\/wp-json\/wp\/v2\/product_cat?post=9546"},{"taxonomy":"product_tag","embeddable":true,"href":"https:\/\/viva.ezxdemo.com\/de\/wp-json\/wp\/v2\/product_tag?post=9546"}],"curies":[{"name":"wp","href":"https:\/\/api.w.org\/{rel}","templated":true}]}}