{"id":9548,"date":"2023-12-20T19:08:38","date_gmt":"2023-12-20T18:08:38","guid":{"rendered":"https:\/\/vivarapro.nl\/product\/kn-hz-07-mehlschwalbennest-links\/"},"modified":"2026-01-16T12:42:24","modified_gmt":"2026-01-16T11:42:24","slug":"kn-hz-07-mehlschwalbennest-links","status":"publish","type":"product","link":"https:\/\/viva.ezxdemo.com\/de\/produkt\/kn-hz-07-mehlschwalbennest-links\/","title":{"rendered":"KN HZ 07 Mehlschwalbennest (links)"},"content":{"rendered":"<p>Von vorne gesehen befindet sich bei dieser losen Nestschale die Einflug\u00f6ffnung auf der linken Seite der Nestschale. Das k\u00fcnstliche Nest besteht zu 100% aus Holzbeton, einer nachhaltigen Mischung aus FSC\u00ae-Holzfasern und Beton. Nestschalen k\u00f6nnen f\u00fcr selbstgemachte k\u00fcnstliche Nester oder Haus verwendet werden.<\/p>\n","protected":false},"excerpt":{"rendered":"<p>KN HZ 07 Mehlschwalbennest<\/p>\n","protected":false},"featured_media":8907,"template":"","meta":{"_acf_changed":false,"_relevanssi_hide_post":"","_relevanssi_hide_content":"","_relevanssi_pin_for_all":"","_relevanssi_pin_keywords":"","_relevanssi_unpin_keywords":"","_relevanssi_related_keywords":"","_relevanssi_related_include_ids":"","_relevanssi_related_exclude_ids":"","_relevanssi_related_no_append":"","_relevanssi_related_not_related":"","_relevanssi_related_posts":"","_relevanssi_noindex_reason":""},"product_brand":[],"product_cat":[4601,4609,4608,4587,7838,7870],"product_tag":[],"class_list":{"0":"post-9548","1":"product","2":"type-product","3":"status-publish","4":"has-post-thumbnail","6":"product_cat-fassadenkaesten","7":"product_cat-fassadenkaesten-schwalben","8":"product_cat-nistkasten-fur-mehlschwalben","9":"product_cat-schwalben","10":"product_cat-nabu-empfohlen","11":"product_cat-nistkaesten","12":"pa_binnenmaat-b-x-h-x-d-cm-12-x-7-x-10-de","13":"pa_buitenmaat-b-x-h-x-d-cm-17-x-9-x-15-de","14":"pa_gewicht-kg-04-de","15":"pa_kleur-grau","16":"pa_materiaal-woodstone-de","17":"pa_materiaal-voor-filter-holzbeton","18":"pa_soort-mehlschwalbe","19":"pa_soortgroep-schwalben","21":"first","22":"instock","23":"purchasable","24":"product-type-simple"},"acf":[],"_links":{"self":[{"href":"https:\/\/viva.ezxdemo.com\/de\/wp-json\/wp\/v2\/product\/9548","targetHints":{"allow":["GET"]}}],"collection":[{"href":"https:\/\/viva.ezxdemo.com\/de\/wp-json\/wp\/v2\/product"}],"about":[{"href":"https:\/\/viva.ezxdemo.com\/de\/wp-json\/wp\/v2\/types\/product"}],"wp:featuredmedia":[{"embeddable":true,"href":"https:\/\/viva.ezxdemo.com\/de\/wp-json\/wp\/v2\/media\/8907"}],"wp:attachment":[{"href":"https:\/\/viva.ezxdemo.com\/de\/wp-json\/wp\/v2\/media?parent=9548"}],"wp:term":[{"taxonomy":"product_brand","embeddable":true,"href":"https:\/\/viva.ezxdemo.com\/de\/wp-json\/wp\/v2\/product_brand?post=9548"},{"taxonomy":"product_cat","embeddable":true,"href":"https:\/\/viva.ezxdemo.com\/de\/wp-json\/wp\/v2\/product_cat?post=9548"},{"taxonomy":"product_tag","embeddable":true,"href":"https:\/\/viva.ezxdemo.com\/de\/wp-json\/wp\/v2\/product_tag?post=9548"}],"curies":[{"name":"wp","href":"https:\/\/api.w.org\/{rel}","templated":true}]}}