{"id":9549,"date":"2023-12-20T19:06:04","date_gmt":"2023-12-20T18:06:04","guid":{"rendered":"https:\/\/vivarapro.nl\/product\/vk-st-02-fledermauskeller-stein\/"},"modified":"2026-01-15T16:56:12","modified_gmt":"2026-01-15T15:56:12","slug":"vk-st-02-fledermauskeller-stein","status":"publish","type":"product","link":"https:\/\/viva.ezxdemo.com\/de\/produkt\/vk-st-02-fledermauskeller-stein\/","title":{"rendered":"VK ST 02 Fledermaus Kellerstein"},"content":{"rendered":"<p>Dieser Fledermausstein wurde speziell entwickelt, um Flederm\u00e4usen in Winterquartieren einen Platz zum Verkriechen zu bieten. Der Stein hat Schlitze, Kammern und L\u00f6cher, so dass sich die Flederm\u00e4use ihren eigenen Platz aussuchen k\u00f6nnen, an dem sie sich am wohlsten f\u00fchlen oder an dem sie sich als Gruppe verkriechen k\u00f6nnen.<\/p>\n<p>Dieser Fledermausstein ist f\u00fcr eine Reihe von Standorten, Verwendungszwecken und Artengruppen gut geeignet. So kann der Stein f\u00fcr unterirdische oder bodenbedeckte Winterquartiere mit Zielarten wie z.B.:<\/p>\n<ul>\n<li>Wasserfledermaus<\/li>\n<li>Kleine Bartfledermaus<\/li>\n<li>Fransenfledermaus<\/li>\n<li>Braunes Langohr<\/li>\n<li>Teichfledermaus<\/li>\n<li>Mopsfledermaus<\/li>\n<li>Gro\u00dfes Mausohr<\/li>\n<li>Bechsteinfledermaus<\/li>\n<\/ul>\n<p>Die Anwendung in oberirdischen Winterquartieren ist ebenfalls m\u00f6glich, z. B. in R\u00e4umen von Festungen, Kircht\u00fcrmen oder Dachb\u00f6den von Kirchen. Die Zielarten sind dann:<\/p>\n<ul>\n<li>Zwergfledermaus<\/li>\n<li>Rauhautfledermaus<\/li>\n<li>Breitfl\u00fcgelfledermaus<\/li>\n<li>Braunes Langohr<\/li>\n<li>Graues Langohr<\/li>\n<li>M\u00fcckenfledermaus<\/li>\n<\/ul>\n<p>Diese Standorte sind f\u00fcr die \u00dcberwinterung bei strengem Frost geeignet. Dar\u00fcber hinaus dienen diese Steine am Stra\u00dfenrand als Versteck f\u00fcr Flederm\u00e4use unter Br\u00fccken und verkehrsarmen Abschnitten von \u00dcberf\u00fchrungen.<\/p>\n","protected":false},"excerpt":{"rendered":"<p>VK ST 02 Fledermauskeller Stein | Fledermausstein mit Kammern &amp; Schlitzen | ideal als Winterversteck f\u00fcr zahlreiche Fledermausarten.<\/p>\n","protected":false},"featured_media":30064,"template":"","meta":{"_acf_changed":false,"_relevanssi_hide_post":"","_relevanssi_hide_content":"","_relevanssi_pin_for_all":"","_relevanssi_pin_keywords":"","_relevanssi_unpin_keywords":"","_relevanssi_related_keywords":"","_relevanssi_related_include_ids":"","_relevanssi_related_exclude_ids":"","_relevanssi_related_no_append":"","_relevanssi_related_not_related":"","_relevanssi_related_posts":"","_relevanssi_noindex_reason":""},"product_brand":[],"product_cat":[4601,4584,7838],"product_tag":[7278,7375,7419,7377,7420,7421],"class_list":{"0":"post-9549","1":"product","2":"type-product","3":"status-publish","4":"has-post-thumbnail","6":"product_cat-fassadenkaesten","7":"product_cat-fledermause","8":"product_cat-nabu-empfohlen","9":"product_tag-fledermaus","10":"product_tag-fledermauese","11":"product_tag-keller","12":"product_tag-stein","13":"product_tag-winterquartiere","14":"product_tag-winterruhe","15":"pa_buitenmaat-b-x-h-x-d-cm-38-x-19-x-19-de","16":"pa_gewicht-kg-85-de","17":"pa_materiaal-woodstone-de","18":"pa_materiaal-voor-filter-holzbeton","19":"pa_soort-bechsteinfledermaus","20":"pa_soort-braunes-langohr","21":"pa_soort-fransenfledermaus","22":"pa_soort-grose-bartfledermaus","23":"pa_soort-groses-mausohr","24":"pa_soort-kleine-bartfledermaus","25":"pa_soort-mopsfledermaus","26":"pa_soort-rauhautfledermaus","27":"pa_soort-teichfledermaus","28":"pa_soort-wasserfledermaus","29":"pa_soort-zwergfledermaus","30":"pa_soortgroep-fledermause","32":"first","33":"instock","34":"purchasable","35":"product-type-simple"},"acf":[],"_links":{"self":[{"href":"https:\/\/viva.ezxdemo.com\/de\/wp-json\/wp\/v2\/product\/9549","targetHints":{"allow":["GET"]}}],"collection":[{"href":"https:\/\/viva.ezxdemo.com\/de\/wp-json\/wp\/v2\/product"}],"about":[{"href":"https:\/\/viva.ezxdemo.com\/de\/wp-json\/wp\/v2\/types\/product"}],"wp:featuredmedia":[{"embeddable":true,"href":"https:\/\/viva.ezxdemo.com\/de\/wp-json\/wp\/v2\/media\/30064"}],"wp:attachment":[{"href":"https:\/\/viva.ezxdemo.com\/de\/wp-json\/wp\/v2\/media?parent=9549"}],"wp:term":[{"taxonomy":"product_brand","embeddable":true,"href":"https:\/\/viva.ezxdemo.com\/de\/wp-json\/wp\/v2\/product_brand?post=9549"},{"taxonomy":"product_cat","embeddable":true,"href":"https:\/\/viva.ezxdemo.com\/de\/wp-json\/wp\/v2\/product_cat?post=9549"},{"taxonomy":"product_tag","embeddable":true,"href":"https:\/\/viva.ezxdemo.com\/de\/wp-json\/wp\/v2\/product_tag?post=9549"}],"curies":[{"name":"wp","href":"https:\/\/api.w.org\/{rel}","templated":true}]}}