{"id":9551,"date":"2023-12-20T19:06:04","date_gmt":"2023-12-20T18:06:04","guid":{"rendered":"https:\/\/vivarapro.nl\/product\/vk-ws-11-fledermaus-giebelkasten\/"},"modified":"2026-01-15T16:17:08","modified_gmt":"2026-01-15T15:17:08","slug":"vk-ws-11-fledermaus-fassadenkasten","status":"publish","type":"product","link":"https:\/\/viva.ezxdemo.com\/de\/produkt\/vk-ws-11-fledermaus-fassadenkasten\/","title":{"rendered":"VK WS 11 Fledermaus Fassadenkasten"},"content":{"rendered":"<p>Dieser Fledermauskasten wird schon seit vielen Jahren erfolgreich eingesetzt. Der Kasten ist wei\u00df lackiert, so dass sich die Temperatur im Inneren des Kastens weniger schnell aufheizt, wenn er an sonnigen, warmen Orten platziert wird. Dieser Fledermauskasten ist auch in der Farbe Schwarz erh\u00e4ltlich<a href=\"https:\/\/www.vivarapro.de\/produkt\/vk-ws-02-fledermaus-giebelkasten\/?highlight=vk+ws+02\" target=\"_blank\" rel=\"noopener\">(VK WS 02<\/a>). Schwarz hat den Vorteil, dass sich die Temperatur im Inneren des Kastens schnell erw\u00e4rmen kann, wenn der Kasten an einem schattigen, k\u00fchleren Ort steht. Der Kasten ist als Sommer- und\/oder Paarungsquartier geeignet. In milden Wintern kann der Kasten auch als Unterschlupf dienen.<\/p>\n<p>Der Kasten ist aus 100% Holzbeton gefertigt und wird mit dem praktischen Z-Haken zur Wandmontage geliefert. Es gibt mehrere Fledermausarten, die diesen Fledermauskasten nutzen k\u00f6nnen. Das h\u00e4ngt von den Arten ab, die vor Ort vorkommen, und davon, wo der Fledermauskasten aufgeh\u00e4ngt wird.<\/p>\n<p>Als Sommer-Paarungsquartier m\u00f6glich f\u00fcr:<\/p>\n<ul>\n<li>Zwergfledermaus<\/li>\n<li>Rauhautfledermaus<\/li>\n<li>M\u00fcckenfledermaus<\/li>\n<li>Kleine Bartfledermaus<\/li>\n<li>Gro\u00dfe Bartfledermaus<\/li>\n<li>Braunes Langohr<\/li>\n<li>Zweifarbfledermaus<\/li>\n<\/ul>\n<p>In milden Wintern, m\u00f6gliche Nutzung durch:<\/p>\n<ul>\n<li>Zwergfledermaus<\/li>\n<li>Braunes Langohr<\/li>\n<\/ul>\n","protected":false},"excerpt":{"rendered":"<p>VK WS 11 Fledermaus-Giebelkasten | Temperaturstabiler Fledermauskasten aus Holzbeton f\u00fcr verschiedene Arten | Wei\u00df oder schwarz erh\u00e4ltlich<\/p>\n","protected":false},"featured_media":28871,"template":"","meta":{"_acf_changed":false,"_relevanssi_hide_post":"","_relevanssi_hide_content":"","_relevanssi_pin_for_all":"","_relevanssi_pin_keywords":"","_relevanssi_unpin_keywords":"","_relevanssi_related_keywords":"","_relevanssi_related_include_ids":"","_relevanssi_related_exclude_ids":"","_relevanssi_related_no_append":"","_relevanssi_related_not_related":"","_relevanssi_related_posts":"","_relevanssi_noindex_reason":""},"product_brand":[],"product_cat":[4584,4601,4598],"product_tag":[],"class_list":{"0":"post-9551","1":"product","2":"type-product","3":"status-publish","4":"has-post-thumbnail","6":"product_cat-fledermause","7":"product_cat-fassadenkaesten","8":"product_cat-fassadenkaesten-fledermause","9":"pa_binnenmaat-b-x-h-x-d-cm-28-x-39-x-25-de","10":"pa_buitenmaat-b-x-h-x-d-cm-38-x-50-x-7-de","11":"pa_gewicht-kg-8-de","12":"pa_kleur-weis","13":"pa_materiaal-woodstone-de","14":"pa_materiaal-voor-filter-holzbeton","15":"pa_soort-braunes-langohr","16":"pa_soort-breitflugelfledermaus","17":"pa_soort-fransenfledermaus","18":"pa_soort-grose-bartfledermaus","19":"pa_soort-kleine-bartfledermaus","20":"pa_soort-muckenfledermaus","21":"pa_soort-rauhautfledermaus","22":"pa_soort-teichfledermaus","23":"pa_soort-wasserfledermaus","24":"pa_soort-zwergfledermaus","25":"pa_soortgroep-fledermause","27":"first","28":"instock","29":"purchasable","30":"product-type-simple"},"acf":[],"_links":{"self":[{"href":"https:\/\/viva.ezxdemo.com\/de\/wp-json\/wp\/v2\/product\/9551","targetHints":{"allow":["GET"]}}],"collection":[{"href":"https:\/\/viva.ezxdemo.com\/de\/wp-json\/wp\/v2\/product"}],"about":[{"href":"https:\/\/viva.ezxdemo.com\/de\/wp-json\/wp\/v2\/types\/product"}],"wp:featuredmedia":[{"embeddable":true,"href":"https:\/\/viva.ezxdemo.com\/de\/wp-json\/wp\/v2\/media\/28871"}],"wp:attachment":[{"href":"https:\/\/viva.ezxdemo.com\/de\/wp-json\/wp\/v2\/media?parent=9551"}],"wp:term":[{"taxonomy":"product_brand","embeddable":true,"href":"https:\/\/viva.ezxdemo.com\/de\/wp-json\/wp\/v2\/product_brand?post=9551"},{"taxonomy":"product_cat","embeddable":true,"href":"https:\/\/viva.ezxdemo.com\/de\/wp-json\/wp\/v2\/product_cat?post=9551"},{"taxonomy":"product_tag","embeddable":true,"href":"https:\/\/viva.ezxdemo.com\/de\/wp-json\/wp\/v2\/product_tag?post=9551"}],"curies":[{"name":"wp","href":"https:\/\/api.w.org\/{rel}","templated":true}]}}